{"id":3884,"date":"2024-11-27T18:19:53","date_gmt":"2024-11-27T17:19:53","guid":{"rendered":"https:\/\/foodaeration.com\/panettone\/"},"modified":"2025-11-06T16:42:15","modified_gmt":"2025-11-06T15:42:15","slug":"panettone","status":"publish","type":"page","link":"https:\/\/foodaeration.com\/fr\/panettone\/","title":{"rendered":"PANETTONE"},"content":{"rendered":"<section  class=\"section swatch-white-red section-normal \" ><div class=\"background-media\"><\/div><div class=\"background-overlay\" style=\"\"><\/div><div class=\"container\"><div class=\"row vertical-top\"><div class=\"col-md-6  text-default\" ><h1 style=\"text-align: center;\">ACCESSOIRE POUR LE GARNISSAGE DES G\u00c2TEAUX<\/h1>\n<div class=\"flex-shrink-0 flex flex-col relative items-end\">\n<div>\n<div class=\"pt-0\">\n<div class=\"gizmo-bot-avatar flex h-8 w-8 items-center justify-center overflow-hidden rounded-full\">\n<h2><\/h2>\n<h2 class=\"relative p-1 rounded-sm flex items-center justify-center bg-token-main-surface-primary text-token-text-primary h-8 w-8\"><span style=\"font-size: 18px;\"><strong>NOUVELLE BUSE POUR MINIDROPPY : PR\u00c9CISION ET POLYVALENCE POUR LE GARNISSAGE DE VOS P\u00c2TISSERIES<\/strong><\/span><\/h2>\n<\/div>\n<\/div>\n<\/div>\n<\/div>\n<div class=\"group\/conversation-turn relative flex w-full min-w-0 flex-col agent-turn\">\n<div class=\"flex-col gap-1 md:gap-3\">\n<div class=\"flex max-w-full flex-col flex-grow\">\n<div class=\"min-h-8 text-message flex w-full flex-col items-end gap-2 whitespace-normal break-words &#091;.text-message+&amp;&#093;:mt-5\" dir=\"auto\" data-message-author-role=\"assistant\" data-message-id=\"fe641ee7-1c86-4067-b4fd-ba03f3d4decd\" data-message-model-slug=\"gpt-4o\">\n<div class=\"flex w-full flex-col gap-1 empty:hidden first:pt-&#091;3px&#093;\">\n<div class=\"markdown prose w-full break-words dark:prose-invert light\">\n<p><span style=\"font-size: 16px;\">D\u00e9couvrez la buse innovante pour Minidroppy, con\u00e7ue pour r\u00e9volutionner le garnissage de cr\u00e8mes, chocolat, Nutella et autres fourrages dans vos cr\u00e9ations artisanales. Parfaite pour panettone, pandoro, focaccia et de nombreuses autres douceurs de boulangerie. <\/span><\/p>\n<p><span style=\"font-size: 16px;\">Gr\u00e2ce \u00e0 sa technologie avanc\u00e9e, la buse garantit :<\/span><\/p>\n<ul>\n<li><span style=\"font-size: 16px;\"><strong>Une pr\u00e9cision maximale <\/strong>dans le dosage pour des r\u00e9sultats uniformes et impeccables.<\/span><\/li>\n<li><span style=\"font-size: 16px;\"><strong>Une adaptabilit\u00e9 totale<\/strong>, id\u00e9ale pour des fourrages de diff\u00e9rentes consistances.<\/span><\/li>\n<li><span style=\"font-size: 16px;\"><strong>Manipulation propre et facile<\/strong>, optimisant votre flux de travail sans aucun gaspillage.<\/span><\/li>\n<\/ul>\n<p><span style=\"font-size: 16px;\">La nouvelle buse pour Minidroppy est votre outil ultime pour am\u00e9liorer la productivit\u00e9 de votre boulangerie sans compromettre la qualit\u00e9 artisanale. <strong>Un alli\u00e9 essentiel pour porter votre production au niveau sup\u00e9rieur.<\/strong><\/span><\/p>\n<\/div>\n<\/div>\n<\/div>\n<\/div>\n<\/div>\n<\/div>\n<\/div><div class=\"col-md-6  text-default\" ><img decoding=\"async\" alt=\"\" src=\"https:\/\/foodaeration.com\/wp-content\/uploads\/2025\/11\/attachment_panettone_8-out-1-e1762443291842.png\" class=\"alignnone\"\/><\/div><\/div><\/div><\/section><section  class=\"section swatch-white-red section-normal \" ><div class=\"background-media\"><\/div><div class=\"background-overlay\" style=\"\"><\/div><div class=\"container\"><div class=\"row vertical-top\"><div class=\"col-md-6  text-default\" >[vc_video link=\u00a0\u00bbhttps:\/\/youtu.be\/HIL6vvwKF3E\u00a0\u00bb]<\/div><div class=\"col-md-6  text-default\" >[vc_video link=\u00a0\u00bbhttps:\/\/youtu.be\/6eVJ0gyjSu0&Prime;]<\/div><\/div><\/div><\/section><div class=\"col-md-12  text-default\" ><\/div>\n","protected":false},"excerpt":{"rendered":"ACCESSOIRE POUR LE GARNISSAGE DES G\u00c2TEAUX NOUVELLE BUSE POUR MINIDROPPY : PR\u00c9CISION ET POLYVALENCE POUR LE GARNISSAGE DE VOS P\u00c2TISSERIES D\u00e9couvrez la buse innovante pour Minidroppy, con\u00e7ue pour r\u00e9volutionner le garnissage de cr\u00e8mes, chocolat, Nutella et autres fourrages dans vos cr\u00e9ations artisanales. Parfaite pour panettone, pandoro, focaccia et de nombreuses autres douceurs de boulangerie. Gr\u00e2ce","protected":false},"author":9,"featured_media":0,"parent":0,"menu_order":0,"comment_status":"closed","ping_status":"closed","template":"","meta":{"_joinchat":[],"footnotes":""},"yoast_head":"<!-- This site is optimized with the Yoast SEO plugin v23.1 - https:\/\/yoast.com\/wordpress\/plugins\/seo\/ -->\n<title>PANETTONE - VN food aeration, depositors, pumps, aerators, cake machines<\/title>\n<meta name=\"robots\" content=\"index, follow, max-snippet:-1, max-image-preview:large, max-video-preview:-1\" \/>\n<link rel=\"canonical\" href=\"https:\/\/foodaeration.com\/fr\/panettone\/\" \/>\n<meta property=\"og:locale\" content=\"en_US\" \/>\n<meta property=\"og:type\" content=\"article\" \/>\n<meta property=\"og:title\" content=\"PANETTONE - VN food aeration, depositors, pumps, aerators, cake machines\" \/>\n<meta property=\"og:url\" content=\"https:\/\/foodaeration.com\/fr\/panettone\/\" \/>\n<meta property=\"og:site_name\" content=\"VN food aeration, depositors, pumps, aerators, cake machines\" \/>\n<meta property=\"article:modified_time\" content=\"2025-11-06T15:42:15+00:00\" \/>\n<meta property=\"og:image\" content=\"https:\/\/foodaeration.com\/wp-content\/uploads\/2022\/05\/TUTTI-I-DOSATORI.jpg\" \/>\n\t<meta property=\"og:image:width\" content=\"392\" \/>\n\t<meta property=\"og:image:height\" content=\"427\" \/>\n\t<meta property=\"og:image:type\" content=\"image\/jpeg\" \/>\n<meta name=\"twitter:card\" content=\"summary_large_image\" \/>\n<meta name=\"twitter:label1\" content=\"Est. reading time\" \/>\n\t<meta name=\"twitter:data1\" content=\"1 minute\" \/>\n<script type=\"application\/ld+json\" class=\"yoast-schema-graph\">{\"@context\":\"https:\/\/schema.org\",\"@graph\":[{\"@type\":\"WebPage\",\"@id\":\"https:\/\/foodaeration.com\/fr\/panettone\/\",\"url\":\"https:\/\/foodaeration.com\/fr\/panettone\/\",\"name\":\"PANETTONE - VN food aeration, depositors, pumps, aerators, cake machines\",\"isPartOf\":{\"@id\":\"https:\/\/foodaeration.com\/fr\/#website\"},\"datePublished\":\"2024-11-27T17:19:53+00:00\",\"dateModified\":\"2025-11-06T15:42:15+00:00\",\"breadcrumb\":{\"@id\":\"https:\/\/foodaeration.com\/fr\/panettone\/#breadcrumb\"},\"inLanguage\":\"en-US\",\"potentialAction\":[{\"@type\":\"ReadAction\",\"target\":[\"https:\/\/foodaeration.com\/fr\/panettone\/\"]}]},{\"@type\":\"BreadcrumbList\",\"@id\":\"https:\/\/foodaeration.com\/fr\/panettone\/#breadcrumb\",\"itemListElement\":[{\"@type\":\"ListItem\",\"position\":1,\"name\":\"Home\",\"item\":\"https:\/\/foodaeration.com\/fr\/\"},{\"@type\":\"ListItem\",\"position\":2,\"name\":\"PANETTONE\"}]},{\"@type\":\"WebSite\",\"@id\":\"https:\/\/foodaeration.com\/fr\/#website\",\"url\":\"https:\/\/foodaeration.com\/fr\/\",\"name\":\"VN food aeration\",\"description\":\"Best accuracy ever\",\"publisher\":{\"@id\":\"https:\/\/foodaeration.com\/fr\/#organization\"},\"potentialAction\":[{\"@type\":\"SearchAction\",\"target\":{\"@type\":\"EntryPoint\",\"urlTemplate\":\"https:\/\/foodaeration.com\/fr\/?s={search_term_string}\"},\"query-input\":\"required name=search_term_string\"}],\"inLanguage\":\"en-US\"},{\"@type\":\"Organization\",\"@id\":\"https:\/\/foodaeration.com\/fr\/#organization\",\"name\":\"VN food aeration, depositors, pumps, aerators, cake machines\",\"url\":\"https:\/\/foodaeration.com\/fr\/\",\"logo\":{\"@type\":\"ImageObject\",\"inLanguage\":\"en-US\",\"@id\":\"https:\/\/foodaeration.com\/fr\/#\/schema\/logo\/image\/\",\"url\":\"https:\/\/foodaeration.com\/wp-content\/uploads\/2024\/09\/vn_logo-1_google.png\",\"contentUrl\":\"https:\/\/foodaeration.com\/wp-content\/uploads\/2024\/09\/vn_logo-1_google.png\",\"width\":640,\"height\":394,\"caption\":\"VN food aeration, depositors, pumps, aerators, cake machines\"},\"image\":{\"@id\":\"https:\/\/foodaeration.com\/fr\/#\/schema\/logo\/image\/\"},\"sameAs\":[\"https:\/\/www.instagram.com\/vnfoodaeration\/\",\"https:\/\/www.facebook.com\/people\/VN-Foodaeration\/\",\"https:\/\/www.linkedin.com\/company\/vn-food-aeration\/\"]}]}<\/script>\n<!-- \/ Yoast SEO plugin. -->","yoast_head_json":{"title":"PANETTONE - VN food aeration, depositors, pumps, aerators, cake machines","robots":{"index":"index","follow":"follow","max-snippet":"max-snippet:-1","max-image-preview":"max-image-preview:large","max-video-preview":"max-video-preview:-1"},"canonical":"https:\/\/foodaeration.com\/fr\/panettone\/","og_locale":"en_US","og_type":"article","og_title":"PANETTONE - VN food aeration, depositors, pumps, aerators, cake machines","og_url":"https:\/\/foodaeration.com\/fr\/panettone\/","og_site_name":"VN food aeration, depositors, pumps, aerators, cake machines","article_modified_time":"2025-11-06T15:42:15+00:00","og_image":[{"width":392,"height":427,"url":"https:\/\/foodaeration.com\/wp-content\/uploads\/2022\/05\/TUTTI-I-DOSATORI.jpg","type":"image\/jpeg"}],"twitter_card":"summary_large_image","twitter_misc":{"Est. reading time":"1 minute"},"schema":{"@context":"https:\/\/schema.org","@graph":[{"@type":"WebPage","@id":"https:\/\/foodaeration.com\/fr\/panettone\/","url":"https:\/\/foodaeration.com\/fr\/panettone\/","name":"PANETTONE - VN food aeration, depositors, pumps, aerators, cake machines","isPartOf":{"@id":"https:\/\/foodaeration.com\/fr\/#website"},"datePublished":"2024-11-27T17:19:53+00:00","dateModified":"2025-11-06T15:42:15+00:00","breadcrumb":{"@id":"https:\/\/foodaeration.com\/fr\/panettone\/#breadcrumb"},"inLanguage":"en-US","potentialAction":[{"@type":"ReadAction","target":["https:\/\/foodaeration.com\/fr\/panettone\/"]}]},{"@type":"BreadcrumbList","@id":"https:\/\/foodaeration.com\/fr\/panettone\/#breadcrumb","itemListElement":[{"@type":"ListItem","position":1,"name":"Home","item":"https:\/\/foodaeration.com\/fr\/"},{"@type":"ListItem","position":2,"name":"PANETTONE"}]},{"@type":"WebSite","@id":"https:\/\/foodaeration.com\/fr\/#website","url":"https:\/\/foodaeration.com\/fr\/","name":"VN food aeration","description":"Best accuracy ever","publisher":{"@id":"https:\/\/foodaeration.com\/fr\/#organization"},"potentialAction":[{"@type":"SearchAction","target":{"@type":"EntryPoint","urlTemplate":"https:\/\/foodaeration.com\/fr\/?s={search_term_string}"},"query-input":"required name=search_term_string"}],"inLanguage":"en-US"},{"@type":"Organization","@id":"https:\/\/foodaeration.com\/fr\/#organization","name":"VN food aeration, depositors, pumps, aerators, cake machines","url":"https:\/\/foodaeration.com\/fr\/","logo":{"@type":"ImageObject","inLanguage":"en-US","@id":"https:\/\/foodaeration.com\/fr\/#\/schema\/logo\/image\/","url":"https:\/\/foodaeration.com\/wp-content\/uploads\/2024\/09\/vn_logo-1_google.png","contentUrl":"https:\/\/foodaeration.com\/wp-content\/uploads\/2024\/09\/vn_logo-1_google.png","width":640,"height":394,"caption":"VN food aeration, depositors, pumps, aerators, cake machines"},"image":{"@id":"https:\/\/foodaeration.com\/fr\/#\/schema\/logo\/image\/"},"sameAs":["https:\/\/www.instagram.com\/vnfoodaeration\/","https:\/\/www.facebook.com\/people\/VN-Foodaeration\/","https:\/\/www.linkedin.com\/company\/vn-food-aeration\/"]}]}},"_links":{"self":[{"href":"https:\/\/foodaeration.com\/fr\/wp-json\/wp\/v2\/pages\/3884"}],"collection":[{"href":"https:\/\/foodaeration.com\/fr\/wp-json\/wp\/v2\/pages"}],"about":[{"href":"https:\/\/foodaeration.com\/fr\/wp-json\/wp\/v2\/types\/page"}],"author":[{"embeddable":true,"href":"https:\/\/foodaeration.com\/fr\/wp-json\/wp\/v2\/users\/9"}],"replies":[{"embeddable":true,"href":"https:\/\/foodaeration.com\/fr\/wp-json\/wp\/v2\/comments?post=3884"}],"version-history":[{"count":7,"href":"https:\/\/foodaeration.com\/fr\/wp-json\/wp\/v2\/pages\/3884\/revisions"}],"predecessor-version":[{"id":4655,"href":"https:\/\/foodaeration.com\/fr\/wp-json\/wp\/v2\/pages\/3884\/revisions\/4655"}],"wp:attachment":[{"href":"https:\/\/foodaeration.com\/fr\/wp-json\/wp\/v2\/media?parent=3884"}],"curies":[{"name":"wp","href":"https:\/\/api.w.org\/{rel}","templated":true}]}}