{"id":3101,"date":"2023-10-08T20:29:24","date_gmt":"2023-10-08T18:29:24","guid":{"rendered":"https:\/\/foodaeration.com\/pumpy\/"},"modified":"2024-10-22T17:53:05","modified_gmt":"2024-10-22T15:53:05","slug":"pumpy","status":"publish","type":"page","link":"https:\/\/foodaeration.com\/fr\/pumpy\/","title":{"rendered":"PUMPY"},"content":{"rendered":"<section  class=\"section swatch-white-red section-normal \" ><div class=\"background-media\"><\/div><div class=\"background-overlay\" style=\"\"><\/div><div class=\"container\"><div class=\"row vertical-top\"><div class=\"col-md-12  text-default\" >[vc_empty_space]<p style=\"text-align: center;\"><span style=\"font-family: Verdana, serif;\"><span style=\"font-size: 300%;\"><span lang=\"en-US\"><b>PUMPY VN14<\/b><\/span><\/span><\/span><\/p>\n<p style=\"text-align: center;\"><span style=\"font-family: Verdana, serif;\"><span style=\"font-size: large;\"><span lang=\"en-US\"><b>Pompe de transfert (toutes pneumatiques) <\/b><\/span><\/span><\/span><\/p>\n<p style=\"text-align: center;\"><span style=\"font-family: Verdana, serif;\"><span style=\"font-size: large;\"><span lang=\"en-US\"><b>CAPACIT\u00c9 (variable jusqu&rsquo;\u00e0 50 litres\/min*)  <\/b><\/span><\/span><\/span><\/p>\n<\/div><\/div><\/div><\/section><section  class=\"section swatch-white-red section-normal \" ><div class=\"background-media\"><\/div><div class=\"background-overlay\" style=\"\"><\/div><div class=\"container\"><div class=\"row vertical-top\"><div class=\"col-md-6  text-left\" ><img decoding=\"async\" alt=\"\" src=\"https:\/\/foodaeration.com\/wp-content\/uploads\/2023\/10\/3-copy-476x1024.png\" class=\"alignleft\"\/><\/div><div class=\"col-md-6  text-default\" ><p><span style=\"font-family: Verdana, serif;\"><span style=\"font-size: medium;\"><span lang=\"en-US\"><b>Pompe \u00e0 piston enti\u00e8rement en acier inoxydable<\/b><\/span><\/span><\/span><\/p>\n<p><span style=\"font-family: Verdana, serif;\"><span style=\"font-size: medium;\"><span lang=\"en-US\"><b>Support mobile en acier inoxydable<\/b><\/span><\/span><\/span><\/p>\n<p><span style=\"font-family: Verdana, serif;\"><span style=\"font-size: medium;\"><span lang=\"en-US\"><b>Hauteur r\u00e9glable pour s&rsquo;adapter aux bols \u00e0 m\u00e9langer du client  <\/b><\/span><\/span><\/span><\/p>\n<p><span style=\"font-family: Verdana, serif;\"><span style=\"font-size: medium;\"><span lang=\"en-US\"><b>Convient aux produits alimentaires, chimiques, cosm\u00e9tiques et pharmaceutiques<\/b><\/span><\/span><\/span><\/p>\n<p><span style=\"font-family: Verdana, serif;\"><span style=\"font-size: medium;\"><span lang=\"en-US\"><b>PUMPY VN14 fonctionne \u00e0 l&rsquo;air comprim\u00e9 (pas de risque \u00e9lectrique)<\/b><\/span><\/span><\/span><\/p>\n<p><span style=\"font-family: Verdana, serif;\"><span style=\"font-size: medium;\"><span lang=\"en-US\"><b>Convient aux raccords DIN et CLAMP<\/b><\/span><\/span><\/span><\/p>\n<p><span style=\"font-family: Verdana, serif;\"><span style=\"font-size: medium;\"><span lang=\"en-US\"><b>Niveau pneumatique disponible (en option)<\/b><\/span><\/span><\/span><\/p>\n<p><span style=\"font-family: Verdana, serif;\"><span style=\"font-size: medium;\"><span lang=\"en-US\"><b>Diff\u00e9rentes buses disponibles<\/b><\/span><\/span><\/span><\/p>\n<p><span style=\"font-family: Verdana, serif;\"><span style=\"font-size: medium;\"><span lang=\"en-US\"><b>*jusqu&rsquo;\u00e0 un maximum de 60 cycles \u00e0 6 bars<\/b><\/span><\/span><\/span><\/p>\n<\/div><\/div><\/div><\/section><section  class=\"section swatch-white-red section-normal \" ><div class=\"background-media\"><\/div><div class=\"background-overlay\" style=\"\"><\/div><div class=\"container\"><div class=\"row vertical-top\"><div class=\"col-md-4  text-default\" ><h1 style=\"text-align: center;\"><strong>ANTI-DROP SYSTEM <\/strong><\/h1>\n<p style=\"text-align: center;\">(patented)<\/p>\n<\/div><div class=\"col-md-4  text-default\" ><h1 style=\"text-align: center;\"><strong>GAIN DE TEMPS<\/strong><\/h1>\n<p style=\"text-align: center;\">(vitesse \u00e9lev\u00e9e)<\/p>\n<\/div><div class=\"col-md-4  text-default\" ><h1 style=\"text-align: center;\"><strong>HAUTE PR\u00c9CISION<\/strong><\/h1>\n<p style=\"text-align: center;\">(constance dans les r\u00e9sultats)<\/p>\n<\/div><\/div><\/div><\/section><section  class=\"section swatch-white-red section-normal \" ><div class=\"background-media\"><\/div><div class=\"background-overlay\" style=\"\"><\/div><div class=\"container\"><div class=\"row vertical-top\"><div class=\"col-md-6  text-default\" >[vc_empty_space][vc_empty_space]<h1 style=\"text-align: center;\">Sp\u00e9cifications techniques<\/h1>\n<img decoding=\"async\" alt=\"\" src=\"https:\/\/foodaeration.com\/wp-content\/uploads\/2024\/10\/PUMPY_TECHNICAL.png\" class=\"aligncenter\"\/><\/div><div class=\"col-md-6  text-default\" ><img decoding=\"async\" alt=\"\" src=\"https:\/\/foodaeration.com\/wp-content\/uploads\/2024\/10\/pumpy_3.png\" class=\"aligncenter\"\/><\/div><\/div><\/div><\/section><section  class=\"section swatch-white-red section-normal \" ><div class=\"background-media\"><\/div><div class=\"background-overlay\" style=\"\"><\/div><div class=\"container\"><div class=\"row vertical-top\"><div class=\"col-md-12  text-default\" ><p style=\"text-align: center;\"><span style=\"font-size: 21px;\"><strong>T\u00c9L\u00c9CHARGEZ LE CATALOGUE PUMPY CI-DESSOUS<\/strong><\/span><\/p>\n<div class=\"wp-block-buttons is-content-justification-center is-layout-flex wp-container-core-buttons-is-layout-1 wp-block-buttons-is-layout-flex\">&#13;<\/p>\n<div class=\"wp-block-button is-style-fill\"><span style=\"font-size: 21px;\"><a class=\"wp-block-button__link has-vivid-green-cyan-background-color has-background has-text-align-center wp-element-button\" href=\"https:\/\/foodaeration.com\/wp-content\/uploads\/2024\/10\/VN_BROCHURE_PUMPY_VN14.pdf\">T\u00c9L\u00c9CHARGER<\/a><\/span><\/div>\n<p>&#13;\n<\/p><\/div>\n<\/div><\/div><\/div><\/section>\n","protected":false},"excerpt":{"rendered":"[vc_empty_space]PUMPY VN14 Pompe de transfert (toutes pneumatiques) CAPACIT\u00c9 (variable jusqu'\u00e0 50 litres\/min*) Pompe \u00e0 piston enti\u00e8rement en acier inoxydable Support mobile en acier inoxydable Hauteur r\u00e9glable pour s'adapter aux bols \u00e0 m\u00e9langer du client Convient aux produits alimentaires, chimiques, cosm\u00e9tiques et pharmaceutiques PUMPY VN14 fonctionne \u00e0 l'air comprim\u00e9 (pas de risque \u00e9lectrique) Convient aux raccords","protected":false},"author":9,"featured_media":0,"parent":0,"menu_order":0,"comment_status":"closed","ping_status":"closed","template":"","meta":{"_joinchat":[],"footnotes":""},"yoast_head":"<!-- This site is optimized with the Yoast SEO plugin v23.1 - https:\/\/yoast.com\/wordpress\/plugins\/seo\/ -->\n<title>PUMPY - VN food aeration, depositors, pumps, aerators, cake machines<\/title>\n<meta name=\"robots\" content=\"index, follow, max-snippet:-1, max-image-preview:large, max-video-preview:-1\" \/>\n<link rel=\"canonical\" href=\"https:\/\/foodaeration.com\/fr\/pumpy\/\" \/>\n<meta property=\"og:locale\" content=\"en_US\" \/>\n<meta property=\"og:type\" content=\"article\" \/>\n<meta property=\"og:title\" content=\"PUMPY - VN food aeration, depositors, pumps, aerators, cake machines\" \/>\n<meta property=\"og:url\" content=\"https:\/\/foodaeration.com\/fr\/pumpy\/\" \/>\n<meta property=\"og:site_name\" content=\"VN food aeration, depositors, pumps, aerators, cake machines\" \/>\n<meta property=\"article:modified_time\" content=\"2024-10-22T15:53:05+00:00\" \/>\n<meta property=\"og:image\" content=\"https:\/\/foodaeration.com\/wp-content\/uploads\/2022\/05\/TUTTI-I-DOSATORI.jpg\" \/>\n\t<meta property=\"og:image:width\" content=\"392\" \/>\n\t<meta property=\"og:image:height\" content=\"427\" \/>\n\t<meta property=\"og:image:type\" content=\"image\/jpeg\" \/>\n<meta name=\"twitter:card\" content=\"summary_large_image\" \/>\n<meta name=\"twitter:label1\" content=\"Est. reading time\" \/>\n\t<meta name=\"twitter:data1\" content=\"2 minutes\" \/>\n<script type=\"application\/ld+json\" class=\"yoast-schema-graph\">{\"@context\":\"https:\/\/schema.org\",\"@graph\":[{\"@type\":\"WebPage\",\"@id\":\"https:\/\/foodaeration.com\/fr\/pumpy\/\",\"url\":\"https:\/\/foodaeration.com\/fr\/pumpy\/\",\"name\":\"PUMPY - VN food aeration, depositors, pumps, aerators, cake machines\",\"isPartOf\":{\"@id\":\"https:\/\/foodaeration.com\/fr\/#website\"},\"datePublished\":\"2023-10-08T18:29:24+00:00\",\"dateModified\":\"2024-10-22T15:53:05+00:00\",\"breadcrumb\":{\"@id\":\"https:\/\/foodaeration.com\/fr\/pumpy\/#breadcrumb\"},\"inLanguage\":\"en-US\",\"potentialAction\":[{\"@type\":\"ReadAction\",\"target\":[\"https:\/\/foodaeration.com\/fr\/pumpy\/\"]}]},{\"@type\":\"BreadcrumbList\",\"@id\":\"https:\/\/foodaeration.com\/fr\/pumpy\/#breadcrumb\",\"itemListElement\":[{\"@type\":\"ListItem\",\"position\":1,\"name\":\"Home\",\"item\":\"https:\/\/foodaeration.com\/fr\/\"},{\"@type\":\"ListItem\",\"position\":2,\"name\":\"PUMPY\"}]},{\"@type\":\"WebSite\",\"@id\":\"https:\/\/foodaeration.com\/fr\/#website\",\"url\":\"https:\/\/foodaeration.com\/fr\/\",\"name\":\"VN food aeration\",\"description\":\"Best accuracy ever\",\"publisher\":{\"@id\":\"https:\/\/foodaeration.com\/fr\/#organization\"},\"potentialAction\":[{\"@type\":\"SearchAction\",\"target\":{\"@type\":\"EntryPoint\",\"urlTemplate\":\"https:\/\/foodaeration.com\/fr\/?s={search_term_string}\"},\"query-input\":\"required name=search_term_string\"}],\"inLanguage\":\"en-US\"},{\"@type\":\"Organization\",\"@id\":\"https:\/\/foodaeration.com\/fr\/#organization\",\"name\":\"VN food aeration, depositors, pumps, aerators, cake machines\",\"url\":\"https:\/\/foodaeration.com\/fr\/\",\"logo\":{\"@type\":\"ImageObject\",\"inLanguage\":\"en-US\",\"@id\":\"https:\/\/foodaeration.com\/fr\/#\/schema\/logo\/image\/\",\"url\":\"https:\/\/foodaeration.com\/wp-content\/uploads\/2024\/09\/vn_logo-1_google.png\",\"contentUrl\":\"https:\/\/foodaeration.com\/wp-content\/uploads\/2024\/09\/vn_logo-1_google.png\",\"width\":640,\"height\":394,\"caption\":\"VN food aeration, depositors, pumps, aerators, cake machines\"},\"image\":{\"@id\":\"https:\/\/foodaeration.com\/fr\/#\/schema\/logo\/image\/\"},\"sameAs\":[\"https:\/\/www.instagram.com\/vnfoodaeration\/\",\"https:\/\/www.facebook.com\/people\/VN-Foodaeration\/\",\"https:\/\/www.linkedin.com\/company\/vn-food-aeration\/\"]}]}<\/script>\n<!-- \/ Yoast SEO plugin. -->","yoast_head_json":{"title":"PUMPY - VN food aeration, depositors, pumps, aerators, cake machines","robots":{"index":"index","follow":"follow","max-snippet":"max-snippet:-1","max-image-preview":"max-image-preview:large","max-video-preview":"max-video-preview:-1"},"canonical":"https:\/\/foodaeration.com\/fr\/pumpy\/","og_locale":"en_US","og_type":"article","og_title":"PUMPY - VN food aeration, depositors, pumps, aerators, cake machines","og_url":"https:\/\/foodaeration.com\/fr\/pumpy\/","og_site_name":"VN food aeration, depositors, pumps, aerators, cake machines","article_modified_time":"2024-10-22T15:53:05+00:00","og_image":[{"width":392,"height":427,"url":"https:\/\/foodaeration.com\/wp-content\/uploads\/2022\/05\/TUTTI-I-DOSATORI.jpg","type":"image\/jpeg"}],"twitter_card":"summary_large_image","twitter_misc":{"Est. reading time":"2 minutes"},"schema":{"@context":"https:\/\/schema.org","@graph":[{"@type":"WebPage","@id":"https:\/\/foodaeration.com\/fr\/pumpy\/","url":"https:\/\/foodaeration.com\/fr\/pumpy\/","name":"PUMPY - VN food aeration, depositors, pumps, aerators, cake machines","isPartOf":{"@id":"https:\/\/foodaeration.com\/fr\/#website"},"datePublished":"2023-10-08T18:29:24+00:00","dateModified":"2024-10-22T15:53:05+00:00","breadcrumb":{"@id":"https:\/\/foodaeration.com\/fr\/pumpy\/#breadcrumb"},"inLanguage":"en-US","potentialAction":[{"@type":"ReadAction","target":["https:\/\/foodaeration.com\/fr\/pumpy\/"]}]},{"@type":"BreadcrumbList","@id":"https:\/\/foodaeration.com\/fr\/pumpy\/#breadcrumb","itemListElement":[{"@type":"ListItem","position":1,"name":"Home","item":"https:\/\/foodaeration.com\/fr\/"},{"@type":"ListItem","position":2,"name":"PUMPY"}]},{"@type":"WebSite","@id":"https:\/\/foodaeration.com\/fr\/#website","url":"https:\/\/foodaeration.com\/fr\/","name":"VN food aeration","description":"Best accuracy ever","publisher":{"@id":"https:\/\/foodaeration.com\/fr\/#organization"},"potentialAction":[{"@type":"SearchAction","target":{"@type":"EntryPoint","urlTemplate":"https:\/\/foodaeration.com\/fr\/?s={search_term_string}"},"query-input":"required name=search_term_string"}],"inLanguage":"en-US"},{"@type":"Organization","@id":"https:\/\/foodaeration.com\/fr\/#organization","name":"VN food aeration, depositors, pumps, aerators, cake machines","url":"https:\/\/foodaeration.com\/fr\/","logo":{"@type":"ImageObject","inLanguage":"en-US","@id":"https:\/\/foodaeration.com\/fr\/#\/schema\/logo\/image\/","url":"https:\/\/foodaeration.com\/wp-content\/uploads\/2024\/09\/vn_logo-1_google.png","contentUrl":"https:\/\/foodaeration.com\/wp-content\/uploads\/2024\/09\/vn_logo-1_google.png","width":640,"height":394,"caption":"VN food aeration, depositors, pumps, aerators, cake machines"},"image":{"@id":"https:\/\/foodaeration.com\/fr\/#\/schema\/logo\/image\/"},"sameAs":["https:\/\/www.instagram.com\/vnfoodaeration\/","https:\/\/www.facebook.com\/people\/VN-Foodaeration\/","https:\/\/www.linkedin.com\/company\/vn-food-aeration\/"]}]}},"_links":{"self":[{"href":"https:\/\/foodaeration.com\/fr\/wp-json\/wp\/v2\/pages\/3101"}],"collection":[{"href":"https:\/\/foodaeration.com\/fr\/wp-json\/wp\/v2\/pages"}],"about":[{"href":"https:\/\/foodaeration.com\/fr\/wp-json\/wp\/v2\/types\/page"}],"author":[{"embeddable":true,"href":"https:\/\/foodaeration.com\/fr\/wp-json\/wp\/v2\/users\/9"}],"replies":[{"embeddable":true,"href":"https:\/\/foodaeration.com\/fr\/wp-json\/wp\/v2\/comments?post=3101"}],"version-history":[{"count":2,"href":"https:\/\/foodaeration.com\/fr\/wp-json\/wp\/v2\/pages\/3101\/revisions"}],"predecessor-version":[{"id":3106,"href":"https:\/\/foodaeration.com\/fr\/wp-json\/wp\/v2\/pages\/3101\/revisions\/3106"}],"wp:attachment":[{"href":"https:\/\/foodaeration.com\/fr\/wp-json\/wp\/v2\/media?parent=3101"}],"curies":[{"name":"wp","href":"https:\/\/api.w.org\/{rel}","templated":true}]}}