{"id":3081,"date":"2019-12-17T13:17:28","date_gmt":"2019-12-17T12:17:28","guid":{"rendered":"https:\/\/foodaeration.com\/aerators-2\/"},"modified":"2024-10-23T16:55:08","modified_gmt":"2024-10-23T14:55:08","slug":"aerators-2","status":"publish","type":"page","link":"https:\/\/foodaeration.com\/fr\/aerators-2\/","title":{"rendered":"Aerateurs"},"content":{"rendered":"<section  class=\"section swatch-blue-white section-tiny \" ><div class=\"background-media\" style=\"background-image:url('https:\/\/foodaeration.com\/wp-content\/uploads\/2018\/08\/home_img3.jpg');background-repeat:no-repeat;background-size:cover;background-attachment:fixed;background-position:center 0%;\"><\/div><div class=\"background-overlay\" style=\"\"><\/div><div class=\"container\"><div class=\"row vertical-top\"><div class=\"col-md-12  text-default\" >[vc_empty_space height=\u00a0\u00bb102px\u00a0\u00bb]<h1 class=\"text-center hyper bold bordered-header\">m\u00e9langeurs a\u00e9rateurs<\/h1>[vc_empty_space height=\u00a0\u00bb102px\u00a0\u00bb]<\/div><\/div><\/div><\/section><section  class=\"section swatch-white-blue section-tiny has-bottom \" ><div class=\"background-media\"><\/div><div class=\"background-overlay\" style=\"\"><\/div><div class=\"container\"><div class=\"row vertical-top\"><div class=\"col-md-12  text-default\" ><h1 class=\"text-center normal bold bordered-header\">HEALTHY VN02 <\/h1><div class=\"row \"><div class=\"col-md-4  text-default\" >[vc_video link=\u00a0\u00bbhttps:\/\/youtu.be\/qcftozU15OM\u00a0\u00bb]<\/div><div class=\"col-md-4  text-default\" >[vc_video link=\u00a0\u00bbhttps:\/\/youtu.be\/BhdLplsEB-I\u00a0\u00bb]<\/div><div class=\"col-md-4  text-default\" >[vc_video link=\u00a0\u00bbhttps:\/\/youtu.be\/KzrqY2HfoGQ\u00a0\u00bb]<\/div><\/div><div class=\"flex-shrink-0 flex flex-col relative items-end\">\n<div>\n<div class=\"pt-0\">\n<div class=\"gizmo-bot-avatar flex h-8 w-8 items-center justify-center overflow-hidden rounded-full\">\n<div class=\"relative p-1 rounded-sm flex items-center justify-center bg-token-main-surface-primary text-token-text-primary h-8 w-8\">\u00a0<\/div>\n<\/div>\n<\/div>\n<\/div>\n<\/div>\n<div class=\"group\/conversation-turn relative flex w-full min-w-0 flex-col agent-turn\">\n<div class=\"flex-col gap-1 md:gap-3\">\n<div class=\"flex max-w-full flex-col flex-grow\">\n<div class=\"min-h-8 text-message flex w-full flex-col items-end gap-2 whitespace-normal break-words &#091;.text-message+&amp;&#093;:mt-5\" dir=\"auto\" data-message-author-role=\"assistant\" data-message-id=\"e9514422-f316-4a1c-afc9-e0fbd445d79f\" data-message-model-slug=\"gpt-4o\">\n<div class=\"flex w-full flex-col gap-1 empty:hidden first:pt-&#091;3px&#093;\">\n<div class=\"markdown prose w-full break-words dark:prose-invert light\">\n<h2>Il se distingue des autres m\u00e9langeurs par sa grande flexibilit\u00e9 : adapt\u00e9 aux tests, au d\u00e9veloppement de produits, \u00e0 la mise au point et aux essais de nouveaux produits en petites quantit\u00e9s (seulement 4 kilos)<\/h2>\n<\/div>\n<\/div>\n<\/div>\n<\/div>\n<\/div>\n<\/div>\n[vc_empty_space][vc_empty_space]<img decoding=\"async\" alt=\"\" src=\"https:\/\/foodaeration.com\/wp-content\/uploads\/2019\/12\/Schermata-2019-11-05-alle-15.47.22-e1760372633322.png\" class=\"aligncenter\"\/><h1>\u00a0<\/h1>\n<h2 style=\"text-align: justify;\"><strong>HEALTHY VN02 STANDARD BASIC<\/strong>: <span style=\"text-decoration: underline;\">contr\u00f4le manuel<\/span> du d\u00e9bit et de la vitesse.<\/h2>\n<h2>\u00a0<\/h2>\n<h2 style=\"text-align: justify;\"><strong>HEALTHY VN02 ELECTRONIC <\/strong>: <span style=\"text-decoration: underline;\">contr\u00f4le \u00e9lectronique<\/span> par PLC (\u00e9cran tactile), communication par carte r\u00e9seau, r\u00e9glage et sauvegarde des recettes par \u00e9cran tactile, etc.<\/h2>\n[vc_empty_space]<img decoding=\"async\" alt=\"\" src=\"https:\/\/foodaeration.com\/wp-content\/uploads\/2020\/01\/Schermata-2019-11-05-alle-16.07.43-copia.png\" class=\"alignjustify\"\/><h1 style=\"text-align: center;\">CHAMPS D&rsquo;APPLICATION<\/h1>\n<h2 style=\"text-align: justify;\">P\u00c2TISSERIE : cakes, meringues, p\u00e2te sabl\u00e9e et biscuits, cr\u00e8mes, mousses, produits laitiers, chocolat, glace, yaourt, cr\u00e8me fouett\u00e9e, guimauves, madeleines, muffins, g\u00e9noise, biscuits cuill\u00e8re, etc.<\/h2>\n<h2 style=\"text-align: justify;\">SAUCES ET PRODUITS SAL\u00c9S : mayonnaise, sauce, vinaigrettes, fromage fondu, gel\u00e9e, \u00e9mulsions, etc.<\/h2>\n<h2 style=\"text-align: justify;\">PRODUITS DE BOULANGERIE : p\u00e2te \u00e0 pizza, p\u00e2te \u00e0 pain, p\u00e2tes pour crackers, gressins et autres substituts de pain lev\u00e9s, levain, etc.<\/h2>\n[vc_empty_space][vc_empty_space]<\/div><\/div><\/div><div class=\"decor-bottom\"><svg class=\"decor\" height=\"100%\" preserveaspectratio=\"none\" version=\"1.1\" viewbox=\"0 0 100 100\" width=\"100%\" xmlns=\"http:\/\/www.w3.org\/2000\/svg\">\n  <path d=\"M0 0 L100 0 L100 100\" stroke-width=\"0\"><\/path>\n<\/svg>\n<\/div><\/section><section  class=\"section swatch-white-red section-normal \" ><div class=\"background-media\"><\/div><div class=\"background-overlay\" style=\"\"><\/div><div class=\"container\"><div class=\"row vertical-top\"><div class=\"col-md-4  text-default\" ><h1 style=\"text-align: center;\">PI\u00c8CES MODULAIRES, FACILES \u00c0 ASSEMBLER<\/h1>\n<\/div><div class=\"col-md-4  text-default\" ><h1 style=\"text-align: center;\">PROCESSUS CYCLIQUE CONTINU OU ALTERN\u00c9<\/h1>\n<\/div><div class=\"col-md-4  text-default\" ><h1 style=\"text-align: center;\">NETTOYAGE SIMPLE, EFFICACIT\u00c9<\/h1>\n<\/div><\/div><\/div><\/section><section  class=\"section swatch-white-red section-normal \" ><div class=\"background-media\"><\/div><div class=\"background-overlay\" style=\"\"><\/div><div class=\"container\"><div class=\"row vertical-top\"><div class=\"col-md-12  text-default\" ><h1 style=\"text-align: center;\">Sp\u00e9cifications techniques<\/h1>\n<img decoding=\"async\" alt=\"\" src=\"https:\/\/foodaeration.com\/wp-content\/uploads\/2019\/01\/caratteristiche-tecniche.png\" class=\"aligncenter\"\/><\/div><\/div><\/div><\/section><section  class=\"section swatch-white-red section-normal \" ><div class=\"background-media\"><\/div><div class=\"background-overlay\" style=\"\"><\/div><div class=\"container\"><div class=\"row vertical-top\"><div class=\"col-md-12  text-default\" ><p style=\"text-align: center;\"><span style=\"font-size: 21px;\"><strong>T\u00c9L\u00c9CHARGEZ LE CATALOGUE HEALTHY CI-DESSOUS<\/strong><\/span><\/p>\n<div class=\"wp-block-buttons is-content-justification-center is-layout-flex wp-container-core-buttons-is-layout-1 wp-block-buttons-is-layout-flex\">\n<div class=\"wp-block-button is-style-fill\"><span style=\"font-size: 21px;\"><a class=\"wp-block-button__link has-vivid-green-cyan-background-color has-background has-text-align-center wp-element-button\" href=\"https:\/\/foodaeration.com\/wp-content\/uploads\/2024\/10\/vn_tre_ante_eng_light.pdf\">DOWNLOAD<\/a><\/span><\/div>\n<p>&nbsp;<\/p>\n<\/div>\n<\/div><\/div><\/div><\/section><section  class=\"section swatch-white-red section-normal \" ><div class=\"background-media\"><\/div><div class=\"background-overlay\" style=\"\"><\/div><div class=\"container\"><div class=\"row vertical-top\"><div class=\"col-md-3  text-default\" ><img decoding=\"async\" alt=\"\" src=\"https:\/\/foodaeration.com\/wp-content\/uploads\/2018\/01\/02-250x300.jpg\" class=\"alignnone\"\/><\/div><div class=\"col-md-3  text-default\" ><img decoding=\"async\" alt=\"\" src=\"https:\/\/foodaeration.com\/wp-content\/uploads\/2018\/01\/04-161x300.jpg\" class=\"alignnone\"\/><\/div><div class=\"col-md-3  text-default\" ><img decoding=\"async\" alt=\"\" src=\"https:\/\/foodaeration.com\/wp-content\/uploads\/2018\/01\/03-161x300.jpg\" class=\"alignnone\"\/><\/div><div class=\"col-md-3  text-default\" ><img decoding=\"async\" alt=\"\" src=\"https:\/\/foodaeration.com\/wp-content\/uploads\/2018\/01\/img_01_VN-1-198x300.jpg\" class=\"alignnone\"\/><\/div><\/div><\/div><\/section>","protected":false},"excerpt":{"rendered":"[vc_empty_space height=\"102px\"]m\u00e9langeurs a\u00e9rateurs[vc_empty_space height=\"102px\"]HEALTHY VN02 [vc_video link=\"https:\/\/youtu.be\/qcftozU15OM\"][vc_video link=\"https:\/\/youtu.be\/BhdLplsEB-I\"][vc_video link=\"https:\/\/youtu.be\/KzrqY2HfoGQ\"] \u00a0 Il se distingue des autres m\u00e9langeurs par sa grande flexibilit\u00e9 : adapt\u00e9 aux tests, au d\u00e9veloppement de produits, \u00e0 la mise au point et aux essais de nouveaux produits en petites quantit\u00e9s (seulement 4 kilos) [vc_empty_space][vc_empty_space]\u00a0 HEALTHY VN02 STANDARD BASIC: contr\u00f4le manuel du d\u00e9bit et","protected":false},"author":9,"featured_media":0,"parent":0,"menu_order":0,"comment_status":"closed","ping_status":"closed","template":"","meta":{"_joinchat":[],"footnotes":""},"yoast_head":"<!-- This site is optimized with the Yoast SEO plugin v23.1 - https:\/\/yoast.com\/wordpress\/plugins\/seo\/ -->\n<title>Aerateurs - VN food aeration, depositors, pumps, aerators, cake machines<\/title>\n<meta name=\"description\" content=\"D\u00e9couvrez des solutions innovantes pour l&#039;a\u00e9ration des aliments. Sp\u00e9cialis\u00e9s dans les distributeurs, les a\u00e9rateurs et les \u00e9quipements pour le traitement des cr\u00e8mes et des p\u00e2tes, optimis\u00e9s pour l&#039;efficacit\u00e9 et la polyvalence. Visitez notre site web pour d\u00e9couvrir des produits d&#039;avant-garde pour les boulangeries et les p\u00e2tisseries.\" \/>\n<meta name=\"robots\" content=\"index, follow, max-snippet:-1, max-image-preview:large, max-video-preview:-1\" \/>\n<link rel=\"canonical\" href=\"https:\/\/foodaeration.com\/fr\/aerators-2\/\" \/>\n<meta property=\"og:locale\" content=\"en_US\" \/>\n<meta property=\"og:type\" content=\"article\" \/>\n<meta property=\"og:title\" content=\"Aerateurs - VN food aeration, depositors, pumps, aerators, cake machines\" \/>\n<meta property=\"og:description\" content=\"D\u00e9couvrez des solutions innovantes pour l&#039;a\u00e9ration des aliments. Sp\u00e9cialis\u00e9s dans les distributeurs, les a\u00e9rateurs et les \u00e9quipements pour le traitement des cr\u00e8mes et des p\u00e2tes, optimis\u00e9s pour l&#039;efficacit\u00e9 et la polyvalence. Visitez notre site web pour d\u00e9couvrir des produits d&#039;avant-garde pour les boulangeries et les p\u00e2tisseries.\" \/>\n<meta property=\"og:url\" content=\"https:\/\/foodaeration.com\/fr\/aerators-2\/\" \/>\n<meta property=\"og:site_name\" content=\"VN food aeration, depositors, pumps, aerators, cake machines\" \/>\n<meta property=\"article:modified_time\" content=\"2024-10-23T14:55:08+00:00\" \/>\n<meta property=\"og:image\" content=\"https:\/\/foodaeration.com\/wp-content\/uploads\/2022\/05\/TUTTI-I-DOSATORI.jpg\" \/>\n\t<meta property=\"og:image:width\" content=\"392\" \/>\n\t<meta property=\"og:image:height\" content=\"427\" \/>\n\t<meta property=\"og:image:type\" content=\"image\/jpeg\" \/>\n<meta name=\"twitter:card\" content=\"summary_large_image\" \/>\n<meta name=\"twitter:label1\" content=\"Est. reading time\" \/>\n\t<meta name=\"twitter:data1\" content=\"1 minute\" \/>\n<script type=\"application\/ld+json\" class=\"yoast-schema-graph\">{\"@context\":\"https:\/\/schema.org\",\"@graph\":[{\"@type\":\"WebPage\",\"@id\":\"https:\/\/foodaeration.com\/fr\/aerators-2\/\",\"url\":\"https:\/\/foodaeration.com\/fr\/aerators-2\/\",\"name\":\"Aerateurs - VN food aeration, depositors, pumps, aerators, cake machines\",\"isPartOf\":{\"@id\":\"https:\/\/foodaeration.com\/fr\/#website\"},\"datePublished\":\"2019-12-17T12:17:28+00:00\",\"dateModified\":\"2024-10-23T14:55:08+00:00\",\"description\":\"D\u00e9couvrez des solutions innovantes pour l'a\u00e9ration des aliments. Sp\u00e9cialis\u00e9s dans les distributeurs, les a\u00e9rateurs et les \u00e9quipements pour le traitement des cr\u00e8mes et des p\u00e2tes, optimis\u00e9s pour l'efficacit\u00e9 et la polyvalence. Visitez notre site web pour d\u00e9couvrir des produits d'avant-garde pour les boulangeries et les p\u00e2tisseries.\",\"breadcrumb\":{\"@id\":\"https:\/\/foodaeration.com\/fr\/aerators-2\/#breadcrumb\"},\"inLanguage\":\"en-US\",\"potentialAction\":[{\"@type\":\"ReadAction\",\"target\":[\"https:\/\/foodaeration.com\/fr\/aerators-2\/\"]}]},{\"@type\":\"BreadcrumbList\",\"@id\":\"https:\/\/foodaeration.com\/fr\/aerators-2\/#breadcrumb\",\"itemListElement\":[{\"@type\":\"ListItem\",\"position\":1,\"name\":\"Home\",\"item\":\"https:\/\/foodaeration.com\/fr\/\"},{\"@type\":\"ListItem\",\"position\":2,\"name\":\"Aerateurs\"}]},{\"@type\":\"WebSite\",\"@id\":\"https:\/\/foodaeration.com\/fr\/#website\",\"url\":\"https:\/\/foodaeration.com\/fr\/\",\"name\":\"VN food aeration\",\"description\":\"Best accuracy ever\",\"publisher\":{\"@id\":\"https:\/\/foodaeration.com\/fr\/#organization\"},\"potentialAction\":[{\"@type\":\"SearchAction\",\"target\":{\"@type\":\"EntryPoint\",\"urlTemplate\":\"https:\/\/foodaeration.com\/fr\/?s={search_term_string}\"},\"query-input\":\"required name=search_term_string\"}],\"inLanguage\":\"en-US\"},{\"@type\":\"Organization\",\"@id\":\"https:\/\/foodaeration.com\/fr\/#organization\",\"name\":\"VN food aeration, depositors, pumps, aerators, cake machines\",\"url\":\"https:\/\/foodaeration.com\/fr\/\",\"logo\":{\"@type\":\"ImageObject\",\"inLanguage\":\"en-US\",\"@id\":\"https:\/\/foodaeration.com\/fr\/#\/schema\/logo\/image\/\",\"url\":\"https:\/\/foodaeration.com\/wp-content\/uploads\/2024\/09\/vn_logo-1_google.png\",\"contentUrl\":\"https:\/\/foodaeration.com\/wp-content\/uploads\/2024\/09\/vn_logo-1_google.png\",\"width\":640,\"height\":394,\"caption\":\"VN food aeration, depositors, pumps, aerators, cake machines\"},\"image\":{\"@id\":\"https:\/\/foodaeration.com\/fr\/#\/schema\/logo\/image\/\"},\"sameAs\":[\"https:\/\/www.instagram.com\/vnfoodaeration\/\",\"https:\/\/www.facebook.com\/people\/VN-Foodaeration\/\",\"https:\/\/www.linkedin.com\/company\/vn-food-aeration\/\"]}]}<\/script>\n<!-- \/ Yoast SEO plugin. -->","yoast_head_json":{"title":"Aerateurs - VN food aeration, depositors, pumps, aerators, cake machines","description":"D\u00e9couvrez des solutions innovantes pour l'a\u00e9ration des aliments. Sp\u00e9cialis\u00e9s dans les distributeurs, les a\u00e9rateurs et les \u00e9quipements pour le traitement des cr\u00e8mes et des p\u00e2tes, optimis\u00e9s pour l'efficacit\u00e9 et la polyvalence. Visitez notre site web pour d\u00e9couvrir des produits d'avant-garde pour les boulangeries et les p\u00e2tisseries.","robots":{"index":"index","follow":"follow","max-snippet":"max-snippet:-1","max-image-preview":"max-image-preview:large","max-video-preview":"max-video-preview:-1"},"canonical":"https:\/\/foodaeration.com\/fr\/aerators-2\/","og_locale":"en_US","og_type":"article","og_title":"Aerateurs - VN food aeration, depositors, pumps, aerators, cake machines","og_description":"D\u00e9couvrez des solutions innovantes pour l'a\u00e9ration des aliments. Sp\u00e9cialis\u00e9s dans les distributeurs, les a\u00e9rateurs et les \u00e9quipements pour le traitement des cr\u00e8mes et des p\u00e2tes, optimis\u00e9s pour l'efficacit\u00e9 et la polyvalence. Visitez notre site web pour d\u00e9couvrir des produits d'avant-garde pour les boulangeries et les p\u00e2tisseries.","og_url":"https:\/\/foodaeration.com\/fr\/aerators-2\/","og_site_name":"VN food aeration, depositors, pumps, aerators, cake machines","article_modified_time":"2024-10-23T14:55:08+00:00","og_image":[{"width":392,"height":427,"url":"https:\/\/foodaeration.com\/wp-content\/uploads\/2022\/05\/TUTTI-I-DOSATORI.jpg","type":"image\/jpeg"}],"twitter_card":"summary_large_image","twitter_misc":{"Est. reading time":"1 minute"},"schema":{"@context":"https:\/\/schema.org","@graph":[{"@type":"WebPage","@id":"https:\/\/foodaeration.com\/fr\/aerators-2\/","url":"https:\/\/foodaeration.com\/fr\/aerators-2\/","name":"Aerateurs - VN food aeration, depositors, pumps, aerators, cake machines","isPartOf":{"@id":"https:\/\/foodaeration.com\/fr\/#website"},"datePublished":"2019-12-17T12:17:28+00:00","dateModified":"2024-10-23T14:55:08+00:00","description":"D\u00e9couvrez des solutions innovantes pour l'a\u00e9ration des aliments. Sp\u00e9cialis\u00e9s dans les distributeurs, les a\u00e9rateurs et les \u00e9quipements pour le traitement des cr\u00e8mes et des p\u00e2tes, optimis\u00e9s pour l'efficacit\u00e9 et la polyvalence. Visitez notre site web pour d\u00e9couvrir des produits d'avant-garde pour les boulangeries et les p\u00e2tisseries.","breadcrumb":{"@id":"https:\/\/foodaeration.com\/fr\/aerators-2\/#breadcrumb"},"inLanguage":"en-US","potentialAction":[{"@type":"ReadAction","target":["https:\/\/foodaeration.com\/fr\/aerators-2\/"]}]},{"@type":"BreadcrumbList","@id":"https:\/\/foodaeration.com\/fr\/aerators-2\/#breadcrumb","itemListElement":[{"@type":"ListItem","position":1,"name":"Home","item":"https:\/\/foodaeration.com\/fr\/"},{"@type":"ListItem","position":2,"name":"Aerateurs"}]},{"@type":"WebSite","@id":"https:\/\/foodaeration.com\/fr\/#website","url":"https:\/\/foodaeration.com\/fr\/","name":"VN food aeration","description":"Best accuracy ever","publisher":{"@id":"https:\/\/foodaeration.com\/fr\/#organization"},"potentialAction":[{"@type":"SearchAction","target":{"@type":"EntryPoint","urlTemplate":"https:\/\/foodaeration.com\/fr\/?s={search_term_string}"},"query-input":"required name=search_term_string"}],"inLanguage":"en-US"},{"@type":"Organization","@id":"https:\/\/foodaeration.com\/fr\/#organization","name":"VN food aeration, depositors, pumps, aerators, cake machines","url":"https:\/\/foodaeration.com\/fr\/","logo":{"@type":"ImageObject","inLanguage":"en-US","@id":"https:\/\/foodaeration.com\/fr\/#\/schema\/logo\/image\/","url":"https:\/\/foodaeration.com\/wp-content\/uploads\/2024\/09\/vn_logo-1_google.png","contentUrl":"https:\/\/foodaeration.com\/wp-content\/uploads\/2024\/09\/vn_logo-1_google.png","width":640,"height":394,"caption":"VN food aeration, depositors, pumps, aerators, cake machines"},"image":{"@id":"https:\/\/foodaeration.com\/fr\/#\/schema\/logo\/image\/"},"sameAs":["https:\/\/www.instagram.com\/vnfoodaeration\/","https:\/\/www.facebook.com\/people\/VN-Foodaeration\/","https:\/\/www.linkedin.com\/company\/vn-food-aeration\/"]}]}},"_links":{"self":[{"href":"https:\/\/foodaeration.com\/fr\/wp-json\/wp\/v2\/pages\/3081"}],"collection":[{"href":"https:\/\/foodaeration.com\/fr\/wp-json\/wp\/v2\/pages"}],"about":[{"href":"https:\/\/foodaeration.com\/fr\/wp-json\/wp\/v2\/types\/page"}],"author":[{"embeddable":true,"href":"https:\/\/foodaeration.com\/fr\/wp-json\/wp\/v2\/users\/9"}],"replies":[{"embeddable":true,"href":"https:\/\/foodaeration.com\/fr\/wp-json\/wp\/v2\/comments?post=3081"}],"version-history":[{"count":9,"href":"https:\/\/foodaeration.com\/fr\/wp-json\/wp\/v2\/pages\/3081\/revisions"}],"predecessor-version":[{"id":3146,"href":"https:\/\/foodaeration.com\/fr\/wp-json\/wp\/v2\/pages\/3081\/revisions\/3146"}],"wp:attachment":[{"href":"https:\/\/foodaeration.com\/fr\/wp-json\/wp\/v2\/media?parent=3081"}],"curies":[{"name":"wp","href":"https:\/\/api.w.org\/{rel}","templated":true}]}}