{"id":3053,"date":"2023-10-08T18:36:25","date_gmt":"2023-10-08T16:36:25","guid":{"rendered":"https:\/\/foodaeration.com\/easypumpy-2\/"},"modified":"2024-10-20T17:18:56","modified_gmt":"2024-10-20T15:18:56","slug":"easypumpy-2","status":"publish","type":"page","link":"https:\/\/foodaeration.com\/fr\/easypumpy-2\/","title":{"rendered":"EASYPUMPY"},"content":{"rendered":"<section  class=\"section swatch-white-red section-normal \" ><div class=\"background-media\"><\/div><div class=\"background-overlay\" style=\"\"><\/div><div class=\"container\"><div class=\"row vertical-top\"><div class=\"col-md-12  text-default\" >[vc_empty_space]<h1 style=\"text-align: center;\">EASYPUMPY VN15<\/h1>\n<h2 style=\"text-align: center;\">POMPE DE TRANSFERT (enti\u00e8rement pneumatique)<\/h2>\n<h2 style=\"text-align: center;\">CAPACIT\u00c9 JUSQU&rsquo;\u00c0\u00a0 \u00a020 Lt\/min<\/h2>\n<\/div><\/div><\/div><\/section><section  class=\"section swatch-white-red section-normal \" ><div class=\"background-media\"><\/div><div class=\"background-overlay\" style=\"\"><\/div><div class=\"container\"><div class=\"row vertical-top\"><div class=\"col-md-6  text-left\" ><img decoding=\"async\" alt=\"\" src=\"https:\/\/foodaeration.com\/wp-content\/uploads\/2023\/10\/minipumpy-3-760x1024.png\" class=\"alignleft\"\/><\/div><div class=\"col-md-6  text-default\" ><ul>\n<li>\n<h3><span class=\"sd-abs-pos\"> Unit\u00e9 de pompe \u00e0 piston en acier inoxydable<\/span><\/h3>\n<\/li>\n<li>\n<h3>Support mobile en acier inoxydable<\/h3>\n<\/li>\n<li>\n<h3>Hauteur r\u00e9glable pour s\u2019adapter aux bols de m\u00e9lange du client<\/h3>\n<\/li>\n<li>\n<h3>Convient aux produits alimentaires, chimiques, cosm\u00e9tiques et pharmaceutiquesEASYPUMPY VN15 fonctionne \u00e0 l\u2019air comprim\u00e9 (aucun risque \u00e9lectrique)<\/h3>\n<\/li>\n<li>\n<h3>Convient aux raccords DIN et CLAMP<\/h3>\n<\/li>\n<li>\n<h3>Diff\u00e9rentes buses disponibles<\/h3>\n<\/li>\n<\/ul>\n<h3>*\u00e0 60 cycles \u00e0 6 bar<\/h3>\n<\/div><\/div><\/div><\/section><section  class=\"section swatch-white-red section-normal \" ><div class=\"background-media\"><\/div><div class=\"background-overlay\" style=\"\"><\/div><div class=\"container\"><div class=\"row vertical-top\"><div class=\"col-md-4  text-default\" ><h1 style=\"text-align: center;\"><strong>ANTI-DROP SYSTEM\u00a0<\/strong><\/h1>\n<p style=\"text-align: center;\">(patented)<\/p>\n<\/div><div class=\"col-md-4  text-default\" ><h1 style=\"text-align: center;\"><strong>TIME SAVING<\/strong><\/h1>\n<p style=\"text-align: center;\">(high rate speed)<\/p>\n<\/div><div class=\"col-md-4  text-default\" ><h1 style=\"text-align: center;\"><strong>HIGH PRECISION<\/strong><\/h1>\n<p style=\"text-align: center;\">(constancy in results)<\/p>\n<\/div><\/div><\/div><\/section><section  class=\"section swatch-white-red section-normal \" ><div class=\"background-media\"><\/div><div class=\"background-overlay\" style=\"\"><\/div><div class=\"container\"><div class=\"row vertical-top\"><div class=\"col-md-12  text-default\" >[vc_empty_space][vc_empty_space]<h1 style=\"text-align: center;\">Sp\u00e9cifications techniques<\/h1>\n<img decoding=\"async\" alt=\"\" src=\"https:\/\/foodaeration.com\/wp-content\/uploads\/2024\/10\/EASYPUMPY_TECHNICAL.png\" class=\"aligncenter\"\/><\/div><\/div><\/div><\/section><section  class=\"section swatch-white-red section-normal \" ><div class=\"background-media\"><\/div><div class=\"background-overlay\" style=\"\"><\/div><div class=\"container\"><div class=\"row vertical-top\"><div class=\"col-md-12  text-default\" ><p style=\"text-align: center;\"><strong><span style=\"font-size: 21px;\">T\u00c9L\u00c9CHARGER LE CATALOGUE EASYPUMPY CI-DESSOUS<\/span><\/strong><\/p>\n<div class=\"wp-block-buttons is-content-justification-center is-layout-flex wp-container-core-buttons-is-layout-1 wp-block-buttons-is-layout-flex\">\n<div class=\"wp-block-button is-style-fill\"><span style=\"font-size: 21px;\"><a class=\"wp-block-button__link has-vivid-green-cyan-background-color has-background has-text-align-center wp-element-button\" href=\"https:\/\/foodaeration.com\/wp-content\/uploads\/2024\/10\/VN_BROCHURE_EASYPUMPY_VN15.pdf\">DOWNLOAD<\/a><\/span><\/div>\n<\/div>\n<\/div><\/div><\/div><\/section>","protected":false},"excerpt":{"rendered":"[vc_empty_space]EASYPUMPY VN15 POMPE DE TRANSFERT (enti\u00e8rement pneumatique) CAPACIT\u00c9 JUSQU'\u00c0\u00a0 \u00a020 Lt\/min Unit\u00e9 de pompe \u00e0 piston en acier inoxydable Support mobile en acier inoxydable Hauteur r\u00e9glable pour s\u2019adapter aux bols de m\u00e9lange du client Convient aux produits alimentaires, chimiques, cosm\u00e9tiques et pharmaceutiquesEASYPUMPY VN15 fonctionne \u00e0 l\u2019air comprim\u00e9 (aucun risque \u00e9lectrique) Convient aux raccords DIN et","protected":false},"author":9,"featured_media":0,"parent":0,"menu_order":0,"comment_status":"closed","ping_status":"closed","template":"","meta":{"_joinchat":[],"footnotes":""},"yoast_head":"<!-- This site is optimized with the Yoast SEO plugin v23.1 - https:\/\/yoast.com\/wordpress\/plugins\/seo\/ -->\n<title>EASYPUMPY - VN food aeration, depositors, pumps, aerators, cake machines<\/title>\n<meta name=\"description\" content=\"Les pompes de transfert les plus avanc\u00e9es : con\u00e7ues pour \u00eatre simples et intuitives, \u00e9conomiques, faciles \u00e0 utiliser et \u00e0 nettoyer, garantissant des performances \u00e9lev\u00e9es et une fiabilit\u00e9.\" \/>\n<meta name=\"robots\" content=\"index, follow, max-snippet:-1, max-image-preview:large, max-video-preview:-1\" \/>\n<link rel=\"canonical\" href=\"https:\/\/foodaeration.com\/fr\/easypumpy-2\/\" \/>\n<meta property=\"og:locale\" content=\"en_US\" \/>\n<meta property=\"og:type\" content=\"article\" \/>\n<meta property=\"og:title\" content=\"EASYPUMPY - VN food aeration, depositors, pumps, aerators, cake machines\" \/>\n<meta property=\"og:description\" content=\"Les pompes de transfert les plus avanc\u00e9es : con\u00e7ues pour \u00eatre simples et intuitives, \u00e9conomiques, faciles \u00e0 utiliser et \u00e0 nettoyer, garantissant des performances \u00e9lev\u00e9es et une fiabilit\u00e9.\" \/>\n<meta property=\"og:url\" content=\"https:\/\/foodaeration.com\/fr\/easypumpy-2\/\" \/>\n<meta property=\"og:site_name\" content=\"VN food aeration, depositors, pumps, aerators, cake machines\" \/>\n<meta property=\"article:modified_time\" content=\"2024-10-20T15:18:56+00:00\" \/>\n<meta property=\"og:image\" content=\"https:\/\/foodaeration.com\/wp-content\/uploads\/2022\/05\/TUTTI-I-DOSATORI.jpg\" \/>\n\t<meta property=\"og:image:width\" content=\"392\" \/>\n\t<meta property=\"og:image:height\" content=\"427\" \/>\n\t<meta property=\"og:image:type\" content=\"image\/jpeg\" \/>\n<meta name=\"twitter:card\" content=\"summary_large_image\" \/>\n<meta name=\"twitter:label1\" content=\"Est. reading time\" \/>\n\t<meta name=\"twitter:data1\" content=\"1 minute\" \/>\n<script type=\"application\/ld+json\" class=\"yoast-schema-graph\">{\"@context\":\"https:\/\/schema.org\",\"@graph\":[{\"@type\":\"WebPage\",\"@id\":\"https:\/\/foodaeration.com\/fr\/easypumpy-2\/\",\"url\":\"https:\/\/foodaeration.com\/fr\/easypumpy-2\/\",\"name\":\"EASYPUMPY - VN food aeration, depositors, pumps, aerators, cake machines\",\"isPartOf\":{\"@id\":\"https:\/\/foodaeration.com\/fr\/#website\"},\"datePublished\":\"2023-10-08T16:36:25+00:00\",\"dateModified\":\"2024-10-20T15:18:56+00:00\",\"description\":\"Les pompes de transfert les plus avanc\u00e9es : con\u00e7ues pour \u00eatre simples et intuitives, \u00e9conomiques, faciles \u00e0 utiliser et \u00e0 nettoyer, garantissant des performances \u00e9lev\u00e9es et une fiabilit\u00e9.\",\"breadcrumb\":{\"@id\":\"https:\/\/foodaeration.com\/fr\/easypumpy-2\/#breadcrumb\"},\"inLanguage\":\"en-US\",\"potentialAction\":[{\"@type\":\"ReadAction\",\"target\":[\"https:\/\/foodaeration.com\/fr\/easypumpy-2\/\"]}]},{\"@type\":\"BreadcrumbList\",\"@id\":\"https:\/\/foodaeration.com\/fr\/easypumpy-2\/#breadcrumb\",\"itemListElement\":[{\"@type\":\"ListItem\",\"position\":1,\"name\":\"Home\",\"item\":\"https:\/\/foodaeration.com\/fr\/\"},{\"@type\":\"ListItem\",\"position\":2,\"name\":\"EASYPUMPY\"}]},{\"@type\":\"WebSite\",\"@id\":\"https:\/\/foodaeration.com\/fr\/#website\",\"url\":\"https:\/\/foodaeration.com\/fr\/\",\"name\":\"VN food aeration\",\"description\":\"Best accuracy ever\",\"publisher\":{\"@id\":\"https:\/\/foodaeration.com\/fr\/#organization\"},\"potentialAction\":[{\"@type\":\"SearchAction\",\"target\":{\"@type\":\"EntryPoint\",\"urlTemplate\":\"https:\/\/foodaeration.com\/fr\/?s={search_term_string}\"},\"query-input\":\"required name=search_term_string\"}],\"inLanguage\":\"en-US\"},{\"@type\":\"Organization\",\"@id\":\"https:\/\/foodaeration.com\/fr\/#organization\",\"name\":\"VN food aeration, depositors, pumps, aerators, cake machines\",\"url\":\"https:\/\/foodaeration.com\/fr\/\",\"logo\":{\"@type\":\"ImageObject\",\"inLanguage\":\"en-US\",\"@id\":\"https:\/\/foodaeration.com\/fr\/#\/schema\/logo\/image\/\",\"url\":\"https:\/\/foodaeration.com\/wp-content\/uploads\/2024\/09\/vn_logo-1_google.png\",\"contentUrl\":\"https:\/\/foodaeration.com\/wp-content\/uploads\/2024\/09\/vn_logo-1_google.png\",\"width\":640,\"height\":394,\"caption\":\"VN food aeration, depositors, pumps, aerators, cake machines\"},\"image\":{\"@id\":\"https:\/\/foodaeration.com\/fr\/#\/schema\/logo\/image\/\"},\"sameAs\":[\"https:\/\/www.instagram.com\/vnfoodaeration\/\",\"https:\/\/www.facebook.com\/people\/VN-Foodaeration\/\",\"https:\/\/www.linkedin.com\/company\/vn-food-aeration\/\"]}]}<\/script>\n<!-- \/ Yoast SEO plugin. -->","yoast_head_json":{"title":"EASYPUMPY - VN food aeration, depositors, pumps, aerators, cake machines","description":"Les pompes de transfert les plus avanc\u00e9es : con\u00e7ues pour \u00eatre simples et intuitives, \u00e9conomiques, faciles \u00e0 utiliser et \u00e0 nettoyer, garantissant des performances \u00e9lev\u00e9es et une fiabilit\u00e9.","robots":{"index":"index","follow":"follow","max-snippet":"max-snippet:-1","max-image-preview":"max-image-preview:large","max-video-preview":"max-video-preview:-1"},"canonical":"https:\/\/foodaeration.com\/fr\/easypumpy-2\/","og_locale":"en_US","og_type":"article","og_title":"EASYPUMPY - VN food aeration, depositors, pumps, aerators, cake machines","og_description":"Les pompes de transfert les plus avanc\u00e9es : con\u00e7ues pour \u00eatre simples et intuitives, \u00e9conomiques, faciles \u00e0 utiliser et \u00e0 nettoyer, garantissant des performances \u00e9lev\u00e9es et une fiabilit\u00e9.","og_url":"https:\/\/foodaeration.com\/fr\/easypumpy-2\/","og_site_name":"VN food aeration, depositors, pumps, aerators, cake machines","article_modified_time":"2024-10-20T15:18:56+00:00","og_image":[{"width":392,"height":427,"url":"https:\/\/foodaeration.com\/wp-content\/uploads\/2022\/05\/TUTTI-I-DOSATORI.jpg","type":"image\/jpeg"}],"twitter_card":"summary_large_image","twitter_misc":{"Est. reading time":"1 minute"},"schema":{"@context":"https:\/\/schema.org","@graph":[{"@type":"WebPage","@id":"https:\/\/foodaeration.com\/fr\/easypumpy-2\/","url":"https:\/\/foodaeration.com\/fr\/easypumpy-2\/","name":"EASYPUMPY - VN food aeration, depositors, pumps, aerators, cake machines","isPartOf":{"@id":"https:\/\/foodaeration.com\/fr\/#website"},"datePublished":"2023-10-08T16:36:25+00:00","dateModified":"2024-10-20T15:18:56+00:00","description":"Les pompes de transfert les plus avanc\u00e9es : con\u00e7ues pour \u00eatre simples et intuitives, \u00e9conomiques, faciles \u00e0 utiliser et \u00e0 nettoyer, garantissant des performances \u00e9lev\u00e9es et une fiabilit\u00e9.","breadcrumb":{"@id":"https:\/\/foodaeration.com\/fr\/easypumpy-2\/#breadcrumb"},"inLanguage":"en-US","potentialAction":[{"@type":"ReadAction","target":["https:\/\/foodaeration.com\/fr\/easypumpy-2\/"]}]},{"@type":"BreadcrumbList","@id":"https:\/\/foodaeration.com\/fr\/easypumpy-2\/#breadcrumb","itemListElement":[{"@type":"ListItem","position":1,"name":"Home","item":"https:\/\/foodaeration.com\/fr\/"},{"@type":"ListItem","position":2,"name":"EASYPUMPY"}]},{"@type":"WebSite","@id":"https:\/\/foodaeration.com\/fr\/#website","url":"https:\/\/foodaeration.com\/fr\/","name":"VN food aeration","description":"Best accuracy ever","publisher":{"@id":"https:\/\/foodaeration.com\/fr\/#organization"},"potentialAction":[{"@type":"SearchAction","target":{"@type":"EntryPoint","urlTemplate":"https:\/\/foodaeration.com\/fr\/?s={search_term_string}"},"query-input":"required name=search_term_string"}],"inLanguage":"en-US"},{"@type":"Organization","@id":"https:\/\/foodaeration.com\/fr\/#organization","name":"VN food aeration, depositors, pumps, aerators, cake machines","url":"https:\/\/foodaeration.com\/fr\/","logo":{"@type":"ImageObject","inLanguage":"en-US","@id":"https:\/\/foodaeration.com\/fr\/#\/schema\/logo\/image\/","url":"https:\/\/foodaeration.com\/wp-content\/uploads\/2024\/09\/vn_logo-1_google.png","contentUrl":"https:\/\/foodaeration.com\/wp-content\/uploads\/2024\/09\/vn_logo-1_google.png","width":640,"height":394,"caption":"VN food aeration, depositors, pumps, aerators, cake machines"},"image":{"@id":"https:\/\/foodaeration.com\/fr\/#\/schema\/logo\/image\/"},"sameAs":["https:\/\/www.instagram.com\/vnfoodaeration\/","https:\/\/www.facebook.com\/people\/VN-Foodaeration\/","https:\/\/www.linkedin.com\/company\/vn-food-aeration\/"]}]}},"_links":{"self":[{"href":"https:\/\/foodaeration.com\/fr\/wp-json\/wp\/v2\/pages\/3053"}],"collection":[{"href":"https:\/\/foodaeration.com\/fr\/wp-json\/wp\/v2\/pages"}],"about":[{"href":"https:\/\/foodaeration.com\/fr\/wp-json\/wp\/v2\/types\/page"}],"author":[{"embeddable":true,"href":"https:\/\/foodaeration.com\/fr\/wp-json\/wp\/v2\/users\/9"}],"replies":[{"embeddable":true,"href":"https:\/\/foodaeration.com\/fr\/wp-json\/wp\/v2\/comments?post=3053"}],"version-history":[{"count":4,"href":"https:\/\/foodaeration.com\/fr\/wp-json\/wp\/v2\/pages\/3053\/revisions"}],"predecessor-version":[{"id":3077,"href":"https:\/\/foodaeration.com\/fr\/wp-json\/wp\/v2\/pages\/3053\/revisions\/3077"}],"wp:attachment":[{"href":"https:\/\/foodaeration.com\/fr\/wp-json\/wp\/v2\/media?parent=3053"}],"curies":[{"name":"wp","href":"https:\/\/api.w.org\/{rel}","templated":true}]}}