{"id":3019,"date":"2020-01-17T15:46:08","date_gmt":"2020-01-17T14:46:08","guid":{"rendered":"https:\/\/foodaeration.com\/mini-droppy\/"},"modified":"2025-11-24T09:44:41","modified_gmt":"2025-11-24T08:44:41","slug":"mini-droppy","status":"publish","type":"page","link":"https:\/\/foodaeration.com\/fr\/mini-droppy\/","title":{"rendered":"MINI DROPPY"},"content":{"rendered":"<section  class=\"section swatch-blue-white section-nopadding has-bottom \" ><div class=\"background-media\" style=\"background-image:url('https:\/\/foodaeration.com\/wp-content\/uploads\/2025\/11\/FOTO_LAB_MINI-1-e1762716588176.png');background-repeat:no-repeat;background-size:cover;background-attachment:fixed;background-position:center 0%;\"><\/div><div class=\"background-overlay\" style=\"\"><\/div><div class=\"container\"><div class=\"row vertical-middle\"><div class=\"col-md-12  text-center\" ><h1 class=\"text-center normal bold bordered-header\">MINIDROPPY VN07<\/h1><h3 class=\"text-center hyper bold bordered-header\">De \u00ab\u00a0Remplissage manuel\u00a0\u00bb \u00e0 \u00ab\u00a0R\u00e9pliques de la s\u00e9rie\u00a0\u00bb <\/h3><h2 class=\"text-center normal hairline bordered-header\">Standardisation des dosages, des tiroirs et des pi\u00e8ces en plus<\/h2>[vc_empty_space height=\u00a0\u00bb100px\u00a0\u00bb]<a href=\"https:\/\/youtube.com\/shorts\/SagKjRh4dVU\" class=\"btn btn-info btn-lg \" target=\"_self\">Gardez la vid\u00e9o<\/a><a href=\"https:\/\/youtube.com\/shorts\/0syU6Nxf7DU\" class=\"btn btn-default btn-lg \" target=\"_self\">D\u00e9couvrez les avantages<\/a>[vc_empty_space height=\u00a0\u00bb100px\u00a0\u00bb]<\/div><\/div><\/div><div class=\"decor-bottom\"><svg class=\"decor\" height=\"100%\" preserveaspectratio=\"none\" version=\"1.1\" viewbox=\"0 0 100 100\" width=\"100%\" xmlns=\"http:\/\/www.w3.org\/2000\/svg\">\n  <path d=\"M0 0 C50 100 50 100 100 0 Z\" stroke-width=\"0\"><\/path>\n<\/svg>\n<\/div><\/section><section  class=\"section swatch-white-red section-normal \" ><div class=\"background-media\"><\/div><div class=\"background-overlay\" style=\"\"><\/div><div class=\"container\"><div class=\"row vertical-top\"><div class=\"col-md-12  text-default\" ><h2 style=\"text-align: center;\">MACHINE DE REMPLISSAGE DE D\u00c9POSANTS<\/h2>\n<h2 style=\"text-align: center;\">CAPACIT\u00c9 10-190 ml<\/h2>\n<div class=\"row \"><div class=\"col-md-12  text-default\" >[vc_video link=\u00a0\u00bbhttps:\/\/youtube.com\/shorts\/SagKjRh4dVU\u00a0\u00bb]<\/div><\/div><\/div><\/div><\/div><\/section><section  class=\"section swatch-white-red section-normal \" ><div class=\"background-media\"><\/div><div class=\"background-overlay\" style=\"\"><\/div><div class=\"container\"><div class=\"row vertical-top\"><div class=\"col-md-6  text-Default\" ><img decoding=\"async\" alt=\"\" src=\"https:\/\/foodaeration.com\/wp-content\/uploads\/2025\/11\/FOTO_LAB_MINI-2-e1762877326656.png\" class=\"aligncenter\"\/><h3 style=\"text-align: left;\">La constance qui cr\u00e9e une marge<\/h3>\n<p style=\"text-align: left;\">D\u00e9finissez la quantit\u00e9 et r\u00e9p\u00e9tez l&rsquo;op\u00e9ration : chaque pi\u00e8ce est identique \u00e0 la pr\u00e9c\u00e9dente. Moins de reprises, une production horaire accrue. <\/p>\n<p>&nbsp;<\/p>\n<\/div><div class=\"col-md-6  text-default\" ><img decoding=\"async\" alt=\"\" src=\"https:\/\/foodaeration.com\/wp-content\/uploads\/2022\/04\/home1-e1762877176912.jpg\" class=\"aligncenter\"\/><h3>Syst\u00e8me anti-goutte brevet\u00e9<\/h3>\n<p>Comptoir propre et d\u00e9bit continu m\u00eame avec des confitures et des garnitures denses.<\/p>\n<p>&nbsp;<\/p>\n<\/div><\/div><\/div><\/section><section  class=\"section swatch-white-red section-normal \" ><div class=\"background-media\"><\/div><div class=\"background-overlay\" style=\"\"><\/div><div class=\"container\"><div class=\"row vertical-top\"><div class=\"col-md-4  text-default\" ><img decoding=\"async\" alt=\"\" src=\"https:\/\/foodaeration.com\/wp-content\/uploads\/2025\/11\/Immagine-2025-11-11-174116-e1762879489222.jpg\" class=\"aligncenter\"\/><h3>Aucun c\u00e2ble sur le banc<\/h3>\n<p style=\"text-align: left;\">Fonctionne \u00e0 l&rsquo;air comprim\u00e9 : s\u00e9curit\u00e9 et hygi\u00e8ne dans les zones de travail de Bagnata\/farina.<\/p>\n<p>&nbsp;<\/p>\n<\/div><div class=\"col-md-4  text-default\" ><img decoding=\"async\" alt=\"\" src=\"https:\/\/foodaeration.com\/wp-content\/uploads\/2022\/05\/VNFOOD-17-scaled-e1762880492330.jpg\" class=\"aligncenter\"\/><h3>Nettoyage rapide<\/h3>\n<p style=\"text-align: left;\">Tramoggia et ugelli se rejoignent sur quelques points : plus de temps pour produire, moins pour laver.<\/p>\n<p>&nbsp;<\/p>\n<\/div><div class=\"col-md-4  text-default\" ><img decoding=\"async\" alt=\"\" src=\"https:\/\/foodaeration.com\/wp-content\/uploads\/2024\/10\/VNFOOD-3-scaled-e1762880582274.jpg\" class=\"aligncenter\"\/><h3>Acciaio inox<\/h3>\n<p style=\"text-align: left;\">Structure robuste et ignifuge, con\u00e7ue pour durer en laboratoire.<\/p>\n<p>&nbsp;<\/p>\n<\/div><\/div><\/div><\/section><section  class=\"section swatch-blue-white section-nopadding has-bottom \" ><div class=\"background-media\" style=\"background-image:url('https:\/\/foodaeration.com\/wp-content\/uploads\/2025\/11\/IMG-20251029-WA0002-1.jpg');background-repeat:no-repeat;background-size:cover;background-attachment:fixed;background-position:center 0%;\"><\/div><div class=\"background-overlay\" style=\"\"><\/div><div class=\"container\"><div class=\"row vertical-middle\"><div class=\"col-md-12  text-center\" >[vc_empty_space height=\u00a0\u00bb100px\u00a0\u00bb]<h2 class=\"text-left super bold bordered-header\">Vous voulez voir vos produits dos\u00e9s ?<\/h2><h3 class=\"text-center normal bold bordered-header\">Mandatez une vid\u00e9o de votre ami : nous vous conseillons sur les erreurs et les impostures.<\/h3><a href=\"https:\/\/foodaeration.com\/contact\/\" class=\"btn btn-info btn-lg \" target=\"_self\">Parler avec un technicien<\/a><a href=\"https:\/\/foodaeration.com\/wp-content\/uploads\/2024\/10\/VN_BROCHURE_MINIDROPPY_VN07.pdf\" class=\"btn btn-default btn-lg \" target=\"_self\">Voir le programme<\/a>[vc_empty_space height=\u00a0\u00bb100px\u00a0\u00bb]<\/div><\/div><\/div><div class=\"decor-bottom\"><svg class=\"decor\" height=\"100%\" preserveaspectratio=\"none\" version=\"1.1\" viewbox=\"0 0 100 100\" width=\"100%\" xmlns=\"http:\/\/www.w3.org\/2000\/svg\">\n  <path d=\"M0 0 C50 100 50 100 100 0 Z\" stroke-width=\"0\"><\/path>\n<\/svg>\n<\/div><\/section><div class=\"col-md-12  text-default\" ><\/div>\n","protected":false},"excerpt":{"rendered":"MINIDROPPY VN07De \"Remplissage manuel\" \u00e0 \"R\u00e9pliques de la s\u00e9rie\" Standardisation des dosages, des tiroirs et des pi\u00e8ces en plus[vc_empty_space height=\"100px\"]Gardez la vid\u00e9oD\u00e9couvrez les avantages[vc_empty_space height=\"100px\"] MACHINE DE REMPLISSAGE DE D\u00c9POSANTS CAPACIT\u00c9 10-190 ml [vc_video link=\"https:\/\/youtube.com\/shorts\/SagKjRh4dVU\"]La constance qui cr\u00e9e une marge D\u00e9finissez la quantit\u00e9 et r\u00e9p\u00e9tez l'op\u00e9ration : chaque pi\u00e8ce est identique \u00e0 la pr\u00e9c\u00e9dente. Moins","protected":false},"author":9,"featured_media":0,"parent":0,"menu_order":0,"comment_status":"closed","ping_status":"closed","template":"","meta":{"_joinchat":[],"footnotes":""},"yoast_head":"<!-- This site is optimized with the Yoast SEO plugin v23.1 - https:\/\/yoast.com\/wordpress\/plugins\/seo\/ -->\n<title>MINI DROPPY - VN food aeration, depositors, pumps, aerators, cake machines<\/title>\n<meta name=\"robots\" content=\"index, follow, max-snippet:-1, max-image-preview:large, max-video-preview:-1\" \/>\n<link rel=\"canonical\" href=\"https:\/\/foodaeration.com\/fr\/mini-droppy\/\" \/>\n<meta property=\"og:locale\" content=\"en_US\" \/>\n<meta property=\"og:type\" content=\"article\" \/>\n<meta property=\"og:title\" content=\"MINI DROPPY - VN food aeration, depositors, pumps, aerators, cake machines\" \/>\n<meta property=\"og:url\" content=\"https:\/\/foodaeration.com\/fr\/mini-droppy\/\" \/>\n<meta property=\"og:site_name\" content=\"VN food aeration, depositors, pumps, aerators, cake machines\" \/>\n<meta property=\"article:modified_time\" content=\"2025-11-24T08:44:41+00:00\" \/>\n<meta property=\"og:image\" content=\"https:\/\/foodaeration.com\/wp-content\/uploads\/2022\/05\/TUTTI-I-DOSATORI.jpg\" \/>\n\t<meta property=\"og:image:width\" content=\"392\" \/>\n\t<meta property=\"og:image:height\" content=\"427\" \/>\n\t<meta property=\"og:image:type\" content=\"image\/jpeg\" \/>\n<meta name=\"twitter:card\" content=\"summary_large_image\" \/>\n<meta name=\"twitter:label1\" content=\"Est. reading time\" \/>\n\t<meta name=\"twitter:data1\" content=\"2 minutes\" \/>\n<script type=\"application\/ld+json\" class=\"yoast-schema-graph\">{\"@context\":\"https:\/\/schema.org\",\"@graph\":[{\"@type\":\"WebPage\",\"@id\":\"https:\/\/foodaeration.com\/fr\/mini-droppy\/\",\"url\":\"https:\/\/foodaeration.com\/fr\/mini-droppy\/\",\"name\":\"MINI DROPPY - VN food aeration, depositors, pumps, aerators, cake machines\",\"isPartOf\":{\"@id\":\"https:\/\/foodaeration.com\/fr\/#website\"},\"datePublished\":\"2020-01-17T14:46:08+00:00\",\"dateModified\":\"2025-11-24T08:44:41+00:00\",\"breadcrumb\":{\"@id\":\"https:\/\/foodaeration.com\/fr\/mini-droppy\/#breadcrumb\"},\"inLanguage\":\"en-US\",\"potentialAction\":[{\"@type\":\"ReadAction\",\"target\":[\"https:\/\/foodaeration.com\/fr\/mini-droppy\/\"]}]},{\"@type\":\"BreadcrumbList\",\"@id\":\"https:\/\/foodaeration.com\/fr\/mini-droppy\/#breadcrumb\",\"itemListElement\":[{\"@type\":\"ListItem\",\"position\":1,\"name\":\"Home\",\"item\":\"https:\/\/foodaeration.com\/fr\/\"},{\"@type\":\"ListItem\",\"position\":2,\"name\":\"MINI DROPPY\"}]},{\"@type\":\"WebSite\",\"@id\":\"https:\/\/foodaeration.com\/fr\/#website\",\"url\":\"https:\/\/foodaeration.com\/fr\/\",\"name\":\"VN food aeration\",\"description\":\"Best accuracy ever\",\"publisher\":{\"@id\":\"https:\/\/foodaeration.com\/fr\/#organization\"},\"potentialAction\":[{\"@type\":\"SearchAction\",\"target\":{\"@type\":\"EntryPoint\",\"urlTemplate\":\"https:\/\/foodaeration.com\/fr\/?s={search_term_string}\"},\"query-input\":\"required name=search_term_string\"}],\"inLanguage\":\"en-US\"},{\"@type\":\"Organization\",\"@id\":\"https:\/\/foodaeration.com\/fr\/#organization\",\"name\":\"VN food aeration, depositors, pumps, aerators, cake machines\",\"url\":\"https:\/\/foodaeration.com\/fr\/\",\"logo\":{\"@type\":\"ImageObject\",\"inLanguage\":\"en-US\",\"@id\":\"https:\/\/foodaeration.com\/fr\/#\/schema\/logo\/image\/\",\"url\":\"https:\/\/foodaeration.com\/wp-content\/uploads\/2024\/09\/vn_logo-1_google.png\",\"contentUrl\":\"https:\/\/foodaeration.com\/wp-content\/uploads\/2024\/09\/vn_logo-1_google.png\",\"width\":640,\"height\":394,\"caption\":\"VN food aeration, depositors, pumps, aerators, cake machines\"},\"image\":{\"@id\":\"https:\/\/foodaeration.com\/fr\/#\/schema\/logo\/image\/\"},\"sameAs\":[\"https:\/\/www.instagram.com\/vnfoodaeration\/\",\"https:\/\/www.facebook.com\/people\/VN-Foodaeration\/\",\"https:\/\/www.linkedin.com\/company\/vn-food-aeration\/\"]}]}<\/script>\n<!-- \/ Yoast SEO plugin. -->","yoast_head_json":{"title":"MINI DROPPY - VN food aeration, depositors, pumps, aerators, cake machines","robots":{"index":"index","follow":"follow","max-snippet":"max-snippet:-1","max-image-preview":"max-image-preview:large","max-video-preview":"max-video-preview:-1"},"canonical":"https:\/\/foodaeration.com\/fr\/mini-droppy\/","og_locale":"en_US","og_type":"article","og_title":"MINI DROPPY - VN food aeration, depositors, pumps, aerators, cake machines","og_url":"https:\/\/foodaeration.com\/fr\/mini-droppy\/","og_site_name":"VN food aeration, depositors, pumps, aerators, cake machines","article_modified_time":"2025-11-24T08:44:41+00:00","og_image":[{"width":392,"height":427,"url":"https:\/\/foodaeration.com\/wp-content\/uploads\/2022\/05\/TUTTI-I-DOSATORI.jpg","type":"image\/jpeg"}],"twitter_card":"summary_large_image","twitter_misc":{"Est. reading time":"2 minutes"},"schema":{"@context":"https:\/\/schema.org","@graph":[{"@type":"WebPage","@id":"https:\/\/foodaeration.com\/fr\/mini-droppy\/","url":"https:\/\/foodaeration.com\/fr\/mini-droppy\/","name":"MINI DROPPY - VN food aeration, depositors, pumps, aerators, cake machines","isPartOf":{"@id":"https:\/\/foodaeration.com\/fr\/#website"},"datePublished":"2020-01-17T14:46:08+00:00","dateModified":"2025-11-24T08:44:41+00:00","breadcrumb":{"@id":"https:\/\/foodaeration.com\/fr\/mini-droppy\/#breadcrumb"},"inLanguage":"en-US","potentialAction":[{"@type":"ReadAction","target":["https:\/\/foodaeration.com\/fr\/mini-droppy\/"]}]},{"@type":"BreadcrumbList","@id":"https:\/\/foodaeration.com\/fr\/mini-droppy\/#breadcrumb","itemListElement":[{"@type":"ListItem","position":1,"name":"Home","item":"https:\/\/foodaeration.com\/fr\/"},{"@type":"ListItem","position":2,"name":"MINI DROPPY"}]},{"@type":"WebSite","@id":"https:\/\/foodaeration.com\/fr\/#website","url":"https:\/\/foodaeration.com\/fr\/","name":"VN food aeration","description":"Best accuracy ever","publisher":{"@id":"https:\/\/foodaeration.com\/fr\/#organization"},"potentialAction":[{"@type":"SearchAction","target":{"@type":"EntryPoint","urlTemplate":"https:\/\/foodaeration.com\/fr\/?s={search_term_string}"},"query-input":"required name=search_term_string"}],"inLanguage":"en-US"},{"@type":"Organization","@id":"https:\/\/foodaeration.com\/fr\/#organization","name":"VN food aeration, depositors, pumps, aerators, cake machines","url":"https:\/\/foodaeration.com\/fr\/","logo":{"@type":"ImageObject","inLanguage":"en-US","@id":"https:\/\/foodaeration.com\/fr\/#\/schema\/logo\/image\/","url":"https:\/\/foodaeration.com\/wp-content\/uploads\/2024\/09\/vn_logo-1_google.png","contentUrl":"https:\/\/foodaeration.com\/wp-content\/uploads\/2024\/09\/vn_logo-1_google.png","width":640,"height":394,"caption":"VN food aeration, depositors, pumps, aerators, cake machines"},"image":{"@id":"https:\/\/foodaeration.com\/fr\/#\/schema\/logo\/image\/"},"sameAs":["https:\/\/www.instagram.com\/vnfoodaeration\/","https:\/\/www.facebook.com\/people\/VN-Foodaeration\/","https:\/\/www.linkedin.com\/company\/vn-food-aeration\/"]}]}},"_links":{"self":[{"href":"https:\/\/foodaeration.com\/fr\/wp-json\/wp\/v2\/pages\/3019"}],"collection":[{"href":"https:\/\/foodaeration.com\/fr\/wp-json\/wp\/v2\/pages"}],"about":[{"href":"https:\/\/foodaeration.com\/fr\/wp-json\/wp\/v2\/types\/page"}],"author":[{"embeddable":true,"href":"https:\/\/foodaeration.com\/fr\/wp-json\/wp\/v2\/users\/9"}],"replies":[{"embeddable":true,"href":"https:\/\/foodaeration.com\/fr\/wp-json\/wp\/v2\/comments?post=3019"}],"version-history":[{"count":103,"href":"https:\/\/foodaeration.com\/fr\/wp-json\/wp\/v2\/pages\/3019\/revisions"}],"predecessor-version":[{"id":5084,"href":"https:\/\/foodaeration.com\/fr\/wp-json\/wp\/v2\/pages\/3019\/revisions\/5084"}],"wp:attachment":[{"href":"https:\/\/foodaeration.com\/fr\/wp-json\/wp\/v2\/media?parent=3019"}],"curies":[{"name":"wp","href":"https:\/\/api.w.org\/{rel}","templated":true}]}}