{"id":3000,"date":"2022-07-13T11:26:29","date_gmt":"2022-07-13T09:26:29","guid":{"rendered":"https:\/\/foodaeration.com\/pro-droppy-vn12\/"},"modified":"2024-10-19T10:40:19","modified_gmt":"2024-10-19T08:40:19","slug":"pro-droppy-vn12","status":"publish","type":"page","link":"https:\/\/foodaeration.com\/fr\/pro-droppy-vn12\/","title":{"rendered":"PRO DROPPY VN12"},"content":{"rendered":"<section  class=\"section swatch-white-red section-normal \" ><div class=\"background-media\"><\/div><div class=\"background-overlay\" style=\"\"><\/div><div class=\"container\"><div class=\"row vertical-top\"><div class=\"col-md-6  text-default\" ><h1 style=\"text-align: center;\">PRO DROPPY VN12<\/h1>\n<h2 style=\"text-align: center;\">D\u00c9POSEUR\/TRANSFERT PNEUMATIQUE\u00a0<\/h2>\n<h2 style=\"text-align: center;\">CAPACIT\u00c9 40-660 ml<\/h2>\n<\/div><div class=\"col-md-6  text-default\" >[vc_video link=\u00a0\u00bbhttps:\/\/youtu.be\/f2Gu-TDFivU\u00a0\u00bb]<\/div><\/div><\/div><\/section><section  class=\"section swatch-white-red section-normal \" ><div class=\"background-media\"><\/div><div class=\"background-overlay\" style=\"\"><\/div><div class=\"container\"><div class=\"row vertical-top\"><div class=\"col-md-6  text-default\" ><img decoding=\"async\" alt=\"\" src=\"https:\/\/foodaeration.com\/wp-content\/uploads\/2022\/07\/20220629_082908_-e1760373386299-904x1024.png\" class=\"alignnone\"\/><\/div><div class=\"col-md-6  text-default\" ><ul>\n<li>\n<h3>Tout en acier inoxydable<\/h3>\n<\/li>\n<li>\n<h3>L&rsquo;agitateur int\u00e9gr\u00e9 m\u00e9lange les liquides et les solides en les maintenant en suspension<\/h3>\n<\/li>\n<li>\n<h3>Toutes les pi\u00e8ces ont \u00e9t\u00e9 con\u00e7ues pour simplifier les op\u00e9rations de nettoyage, d&rsquo;entretien et de d\u00e9montage<\/h3>\n<\/li>\n<li>\n<h3>Convient aux produits alimentaires, chimiques, cosm\u00e9tiques et pharmaceutiques<\/h3>\n<\/li>\n<li>\n<h3>La vanne \u00e0 trois voies en acier inoxydable coupe \u00e9galement les particules dures (viande, etc.)<\/h3>\n<\/li>\n<li>\n<h3>Tr\u00e9mie en forme de U (70 litres) rapidement amovible par une seule personne<\/h3>\n<\/li>\n<li>\n<h3>Pr\u00e9cision et constance maximales<\/h3>\n<\/li>\n<li>\n<h3>Diff\u00e9rentes buses disponibles<\/h3>\n<\/li>\n<\/ul>\n<\/div><\/div><\/div><\/section><section  class=\"section swatch-white-red section-normal \" ><div class=\"background-media\"><\/div><div class=\"background-overlay\" style=\"\"><\/div><div class=\"container\"><div class=\"row vertical-top\"><div class=\"col-md-4  text-default\" ><img decoding=\"async\" alt=\"\" src=\"https:\/\/foodaeration.com\/wp-content\/uploads\/2022\/04\/pneum-only.png\" class=\"aligncenter\"\/><h1>\u00a0<\/h1>\n<h1 style=\"text-align: center;\"><strong>AUCUN RISQUE \u00c9LECTRIQUE<\/strong><\/h1>\n<\/div><div class=\"col-md-4  text-default\" ><img decoding=\"async\" alt=\"\" src=\"https:\/\/foodaeration.com\/wp-content\/uploads\/2022\/04\/HIGH_SPEED-268x300.jpg\" class=\"aligncenter\"\/><h1 style=\"text-align: center;\">HAUTES PERFORMANCES AVEC MORCEAUX ET P\u00c2TES DENSES<\/h1>\n<\/div><div class=\"col-md-4  text-default\" ><img decoding=\"async\" alt=\"\" src=\"https:\/\/foodaeration.com\/wp-content\/uploads\/2022\/04\/ANTIDRIP-e1727252623366.jpg\" class=\"aligncenter\"\/><h1>\u00a0<\/h1>\n<h1 style=\"text-align: center;\">SYST\u00c8ME ANTI-GOUTTE BREVET\u00c9<\/h1>\n<\/div><\/div><\/div><\/section><section  class=\"section swatch-white-red section-normal \" ><div class=\"background-media\"><\/div><div class=\"background-overlay\" style=\"\"><\/div><div class=\"container\"><div class=\"row vertical-top\"><div class=\"col-md-6  text-default\" >[vc_empty_space][vc_empty_space]<h1 style=\"text-align: center;\">Sp\u00e9cifications Techniques<\/h1>\n<img decoding=\"async\" alt=\"\" src=\"https:\/\/foodaeration.com\/wp-content\/uploads\/2022\/07\/tech_pro_droppy.png\" class=\"aligncenter\"\/><\/div><div class=\"col-md-6  text-default\" ><img decoding=\"async\" alt=\"\" src=\"https:\/\/foodaeration.com\/wp-content\/uploads\/2022\/07\/tech_pro_droppy2.png\" class=\"aligncenter\"\/><\/div><\/div><\/div><\/section><section  class=\"section swatch-white-red section-normal \" ><div class=\"background-media\"><\/div><div class=\"background-overlay\" style=\"\"><\/div><div class=\"container\"><div class=\"row vertical-top\"><div class=\"col-md-12  text-default\" ><p style=\"text-align: center;\"><strong><span style=\"font-size: 21px;\">T\u00c9L\u00c9CHARGEZ LE CATALOGUE PRO DROPPY CI-DESSOUS<\/span><\/strong><\/p>\n<div class=\"wp-block-buttons is-content-justification-center is-layout-flex wp-container-core-buttons-is-layout-1 wp-block-buttons-is-layout-flex\">\n<div class=\"wp-block-button is-style-fill\"><span style=\"font-size: 21px;\"><a class=\"wp-block-button__link has-vivid-green-cyan-background-color has-background has-text-align-center wp-element-button\" href=\"https:\/\/foodaeration.com\/wp-content\/uploads\/2024\/10\/VN_BROCHURE_PRO-DROPPY_VN12.pdf\">DOWNLOAD<\/a><\/span><\/div>\n<\/div>\n<\/div><\/div><\/div><\/section><section  class=\"section swatch-white-red section-nopadding \" ><div class=\"background-media\"><\/div><div class=\"background-overlay\" style=\"\"><\/div><div class=\"container\"><div class=\"row vertical-top\"><div class=\"col-md-12  text-default\" >[vc_empty_space][vc_video link=\u00a0\u00bbhttps:\/\/vimeo.com\/726719702&Prime;][vc_empty_space][vc_empty_space][vc_video link=\u00a0\u00bbhttps:\/\/vimeo.com\/726736054&Prime;][vc_empty_space]<\/div><\/div><\/div><\/section>","protected":false},"excerpt":{"rendered":"PRO DROPPY VN12 D\u00c9POSEUR\/TRANSFERT PNEUMATIQUE\u00a0 CAPACIT\u00c9 40-660 ml [vc_video link=\"https:\/\/youtu.be\/f2Gu-TDFivU\"] Tout en acier inoxydable L'agitateur int\u00e9gr\u00e9 m\u00e9lange les liquides et les solides en les maintenant en suspension Toutes les pi\u00e8ces ont \u00e9t\u00e9 con\u00e7ues pour simplifier les op\u00e9rations de nettoyage, d'entretien et de d\u00e9montage Convient aux produits alimentaires, chimiques, cosm\u00e9tiques et pharmaceutiques La vanne \u00e0 trois","protected":false},"author":9,"featured_media":0,"parent":0,"menu_order":0,"comment_status":"closed","ping_status":"closed","template":"","meta":{"_joinchat":[],"footnotes":""},"yoast_head":"<!-- This site is optimized with the Yoast SEO plugin v23.1 - https:\/\/yoast.com\/wordpress\/plugins\/seo\/ -->\n<title>PRO DROPPY VN12 - VN food aeration, depositors, pumps, aerators, cake machines<\/title>\n<meta name=\"robots\" content=\"index, follow, max-snippet:-1, max-image-preview:large, max-video-preview:-1\" \/>\n<link rel=\"canonical\" href=\"https:\/\/foodaeration.com\/fr\/pro-droppy-vn12\/\" \/>\n<meta property=\"og:locale\" content=\"en_US\" \/>\n<meta property=\"og:type\" content=\"article\" \/>\n<meta property=\"og:title\" content=\"PRO DROPPY VN12 - VN food aeration, depositors, pumps, aerators, cake machines\" \/>\n<meta property=\"og:url\" content=\"https:\/\/foodaeration.com\/fr\/pro-droppy-vn12\/\" \/>\n<meta property=\"og:site_name\" content=\"VN food aeration, depositors, pumps, aerators, cake machines\" \/>\n<meta property=\"article:modified_time\" content=\"2024-10-19T08:40:19+00:00\" \/>\n<meta property=\"og:image\" content=\"https:\/\/foodaeration.com\/wp-content\/uploads\/2022\/05\/TUTTI-I-DOSATORI.jpg\" \/>\n\t<meta property=\"og:image:width\" content=\"392\" \/>\n\t<meta property=\"og:image:height\" content=\"427\" \/>\n\t<meta property=\"og:image:type\" content=\"image\/jpeg\" \/>\n<meta name=\"twitter:card\" content=\"summary_large_image\" \/>\n<meta name=\"twitter:label1\" content=\"Est. reading time\" \/>\n\t<meta name=\"twitter:data1\" content=\"2 minutes\" \/>\n<script type=\"application\/ld+json\" class=\"yoast-schema-graph\">{\"@context\":\"https:\/\/schema.org\",\"@graph\":[{\"@type\":\"WebPage\",\"@id\":\"https:\/\/foodaeration.com\/fr\/pro-droppy-vn12\/\",\"url\":\"https:\/\/foodaeration.com\/fr\/pro-droppy-vn12\/\",\"name\":\"PRO DROPPY VN12 - VN food aeration, depositors, pumps, aerators, cake machines\",\"isPartOf\":{\"@id\":\"https:\/\/foodaeration.com\/fr\/#website\"},\"datePublished\":\"2022-07-13T09:26:29+00:00\",\"dateModified\":\"2024-10-19T08:40:19+00:00\",\"breadcrumb\":{\"@id\":\"https:\/\/foodaeration.com\/fr\/pro-droppy-vn12\/#breadcrumb\"},\"inLanguage\":\"en-US\",\"potentialAction\":[{\"@type\":\"ReadAction\",\"target\":[\"https:\/\/foodaeration.com\/fr\/pro-droppy-vn12\/\"]}]},{\"@type\":\"BreadcrumbList\",\"@id\":\"https:\/\/foodaeration.com\/fr\/pro-droppy-vn12\/#breadcrumb\",\"itemListElement\":[{\"@type\":\"ListItem\",\"position\":1,\"name\":\"Home\",\"item\":\"https:\/\/foodaeration.com\/fr\/\"},{\"@type\":\"ListItem\",\"position\":2,\"name\":\"PRO DROPPY VN12\"}]},{\"@type\":\"WebSite\",\"@id\":\"https:\/\/foodaeration.com\/fr\/#website\",\"url\":\"https:\/\/foodaeration.com\/fr\/\",\"name\":\"VN food aeration\",\"description\":\"Best accuracy ever\",\"publisher\":{\"@id\":\"https:\/\/foodaeration.com\/fr\/#organization\"},\"potentialAction\":[{\"@type\":\"SearchAction\",\"target\":{\"@type\":\"EntryPoint\",\"urlTemplate\":\"https:\/\/foodaeration.com\/fr\/?s={search_term_string}\"},\"query-input\":\"required name=search_term_string\"}],\"inLanguage\":\"en-US\"},{\"@type\":\"Organization\",\"@id\":\"https:\/\/foodaeration.com\/fr\/#organization\",\"name\":\"VN food aeration, depositors, pumps, aerators, cake machines\",\"url\":\"https:\/\/foodaeration.com\/fr\/\",\"logo\":{\"@type\":\"ImageObject\",\"inLanguage\":\"en-US\",\"@id\":\"https:\/\/foodaeration.com\/fr\/#\/schema\/logo\/image\/\",\"url\":\"https:\/\/foodaeration.com\/wp-content\/uploads\/2024\/09\/vn_logo-1_google.png\",\"contentUrl\":\"https:\/\/foodaeration.com\/wp-content\/uploads\/2024\/09\/vn_logo-1_google.png\",\"width\":640,\"height\":394,\"caption\":\"VN food aeration, depositors, pumps, aerators, cake machines\"},\"image\":{\"@id\":\"https:\/\/foodaeration.com\/fr\/#\/schema\/logo\/image\/\"},\"sameAs\":[\"https:\/\/www.instagram.com\/vnfoodaeration\/\",\"https:\/\/www.facebook.com\/people\/VN-Foodaeration\/\",\"https:\/\/www.linkedin.com\/company\/vn-food-aeration\/\"]}]}<\/script>\n<!-- \/ Yoast SEO plugin. -->","yoast_head_json":{"title":"PRO DROPPY VN12 - VN food aeration, depositors, pumps, aerators, cake machines","robots":{"index":"index","follow":"follow","max-snippet":"max-snippet:-1","max-image-preview":"max-image-preview:large","max-video-preview":"max-video-preview:-1"},"canonical":"https:\/\/foodaeration.com\/fr\/pro-droppy-vn12\/","og_locale":"en_US","og_type":"article","og_title":"PRO DROPPY VN12 - VN food aeration, depositors, pumps, aerators, cake machines","og_url":"https:\/\/foodaeration.com\/fr\/pro-droppy-vn12\/","og_site_name":"VN food aeration, depositors, pumps, aerators, cake machines","article_modified_time":"2024-10-19T08:40:19+00:00","og_image":[{"width":392,"height":427,"url":"https:\/\/foodaeration.com\/wp-content\/uploads\/2022\/05\/TUTTI-I-DOSATORI.jpg","type":"image\/jpeg"}],"twitter_card":"summary_large_image","twitter_misc":{"Est. reading time":"2 minutes"},"schema":{"@context":"https:\/\/schema.org","@graph":[{"@type":"WebPage","@id":"https:\/\/foodaeration.com\/fr\/pro-droppy-vn12\/","url":"https:\/\/foodaeration.com\/fr\/pro-droppy-vn12\/","name":"PRO DROPPY VN12 - VN food aeration, depositors, pumps, aerators, cake machines","isPartOf":{"@id":"https:\/\/foodaeration.com\/fr\/#website"},"datePublished":"2022-07-13T09:26:29+00:00","dateModified":"2024-10-19T08:40:19+00:00","breadcrumb":{"@id":"https:\/\/foodaeration.com\/fr\/pro-droppy-vn12\/#breadcrumb"},"inLanguage":"en-US","potentialAction":[{"@type":"ReadAction","target":["https:\/\/foodaeration.com\/fr\/pro-droppy-vn12\/"]}]},{"@type":"BreadcrumbList","@id":"https:\/\/foodaeration.com\/fr\/pro-droppy-vn12\/#breadcrumb","itemListElement":[{"@type":"ListItem","position":1,"name":"Home","item":"https:\/\/foodaeration.com\/fr\/"},{"@type":"ListItem","position":2,"name":"PRO DROPPY VN12"}]},{"@type":"WebSite","@id":"https:\/\/foodaeration.com\/fr\/#website","url":"https:\/\/foodaeration.com\/fr\/","name":"VN food aeration","description":"Best accuracy ever","publisher":{"@id":"https:\/\/foodaeration.com\/fr\/#organization"},"potentialAction":[{"@type":"SearchAction","target":{"@type":"EntryPoint","urlTemplate":"https:\/\/foodaeration.com\/fr\/?s={search_term_string}"},"query-input":"required name=search_term_string"}],"inLanguage":"en-US"},{"@type":"Organization","@id":"https:\/\/foodaeration.com\/fr\/#organization","name":"VN food aeration, depositors, pumps, aerators, cake machines","url":"https:\/\/foodaeration.com\/fr\/","logo":{"@type":"ImageObject","inLanguage":"en-US","@id":"https:\/\/foodaeration.com\/fr\/#\/schema\/logo\/image\/","url":"https:\/\/foodaeration.com\/wp-content\/uploads\/2024\/09\/vn_logo-1_google.png","contentUrl":"https:\/\/foodaeration.com\/wp-content\/uploads\/2024\/09\/vn_logo-1_google.png","width":640,"height":394,"caption":"VN food aeration, depositors, pumps, aerators, cake machines"},"image":{"@id":"https:\/\/foodaeration.com\/fr\/#\/schema\/logo\/image\/"},"sameAs":["https:\/\/www.instagram.com\/vnfoodaeration\/","https:\/\/www.facebook.com\/people\/VN-Foodaeration\/","https:\/\/www.linkedin.com\/company\/vn-food-aeration\/"]}]}},"_links":{"self":[{"href":"https:\/\/foodaeration.com\/fr\/wp-json\/wp\/v2\/pages\/3000"}],"collection":[{"href":"https:\/\/foodaeration.com\/fr\/wp-json\/wp\/v2\/pages"}],"about":[{"href":"https:\/\/foodaeration.com\/fr\/wp-json\/wp\/v2\/types\/page"}],"author":[{"embeddable":true,"href":"https:\/\/foodaeration.com\/fr\/wp-json\/wp\/v2\/users\/9"}],"replies":[{"embeddable":true,"href":"https:\/\/foodaeration.com\/fr\/wp-json\/wp\/v2\/comments?post=3000"}],"version-history":[{"count":3,"href":"https:\/\/foodaeration.com\/fr\/wp-json\/wp\/v2\/pages\/3000\/revisions"}],"predecessor-version":[{"id":3012,"href":"https:\/\/foodaeration.com\/fr\/wp-json\/wp\/v2\/pages\/3000\/revisions\/3012"}],"wp:attachment":[{"href":"https:\/\/foodaeration.com\/fr\/wp-json\/wp\/v2\/media?parent=3000"}],"curies":[{"name":"wp","href":"https:\/\/api.w.org\/{rel}","templated":true}]}}