{"id":2965,"date":"2022-07-13T12:31:33","date_gmt":"2022-07-13T10:31:33","guid":{"rendered":"https:\/\/foodaeration.com\/multidroppy\/"},"modified":"2024-10-16T16:46:08","modified_gmt":"2024-10-16T14:46:08","slug":"multidroppy","status":"publish","type":"page","link":"https:\/\/foodaeration.com\/fr\/multidroppy\/","title":{"rendered":"MULTIDROPPY"},"content":{"rendered":"<section  class=\"section swatch-white-red section-normal \" ><div class=\"background-media\"><\/div><div class=\"background-overlay\" style=\"\"><\/div><div class=\"container\"><div class=\"row vertical-top\"><div class=\"col-md-6  text-default\" ><h1 style=\"text-align: center;\"><strong>MULTIDROPPY <\/strong><\/h1>\n<p style=\"text-align: center;\"><strong>VN08<\/strong> (6 SORTIES) <strong>VN10<\/strong> (8 SORTIES)<\/p>\n<h2 style=\"text-align: center;\">\u00a0DEPOSEUR PNEUMATIQUE (<strong>BREVET\u00c9)<\/strong><\/h2>\n<h2 style=\"text-align: center;\">\u00a0<\/h2>\n<\/div><div class=\"col-md-6  text-default\" >[vc_video link=\u00a0\u00bbhttps:\/\/www.youtube.com\/watch?v=ToUiFVAL05k\u00a0\u00bb]<\/div><\/div><\/div><\/section><section  class=\"section swatch-white-red section-normal \" ><div class=\"background-media\"><\/div><div class=\"background-overlay\" style=\"\"><\/div><div class=\"container\"><div class=\"row vertical-top\"><div class=\"col-md-6  text-default\" ><img decoding=\"async\" alt=\"\" src=\"https:\/\/foodaeration.com\/wp-content\/uploads\/2022\/05\/20211222_105342_modificata-979x1024.png\" class=\"alignnone\"\/><\/div><div class=\"col-md-6  text-default\" ><h2><span style=\"font-size: 18px;\">Avantages<\/span><\/h2>\n<ul>\n<li>\n<h3><span style=\"font-size: 16px;\">Tout en acier inoxydable<\/span><\/h3>\n<\/li>\n<li>\n<h3><span style=\"font-size: 16px;\">Personnalisable et adapt\u00e9 \u00e0 tout produit fluide et liquide<\/span><\/h3>\n<\/li>\n<li>\n<h3><span style=\"font-size: 16px;\">Toutes les pi\u00e8ces sont con\u00e7ues pour simplifier les op\u00e9rations de nettoyage, d&rsquo;entretien et de d\u00e9montage<\/span><\/h3>\n<\/li>\n<li>\n<h3><span style=\"font-size: 16px;\">Convient aux produits alimentaires, chimiques, cosm\u00e9tiques et pharmaceutiques<\/span><\/h3>\n<\/li>\n<li>\n<h3><span style=\"font-size: 16px;\">Pr\u00e9cision et constance maximales<\/span><\/h3>\n<\/li>\n<li>\n<h3><span style=\"font-size: 16px;\">SYST\u00c8ME D&rsquo;ASPIRATION ANTI-GOUTTE<\/span><\/h3>\n<\/li>\n<li>\n<h3><span style=\"font-size: 16px;\">Diff\u00e9rentes buses disponibles<\/span><\/h3>\n<\/li>\n<\/ul>\n<h2><span style=\"font-size: 18px;\">Caract\u00e9ristiques<\/span><\/h2>\n<ul>\n<li>\n<h3>6 portions : VN08<\/h3>\n<\/li>\n<li>\n<h3>8 portions : VN10<\/h3>\n<\/li>\n<li>\n<h3>Support en porte-\u00e0-faux r\u00e9glable en hauteur<\/h3>\n<\/li>\n<li>\n<h3>Tr\u00e9mie de 50 litres (14 gallons)<\/h3>\n<\/li>\n<li>\n<h3>Option : tr\u00e9mie chauff\u00e9e (30\u00b0C-90\u00b0C)<\/h3>\n<\/li>\n<li>\n<h3>Option : tr\u00e9mie r\u00e9frig\u00e9r\u00e9e (jusqu&rsquo;\u00e0 4\u00b0C)<\/h3>\n<\/li>\n<li>\n<h3>Option : int\u00e9gration \u00e0 une ligne de convoyage<\/h3>\n<\/li>\n<\/ul>\n<\/div><\/div><\/div><\/section><section  class=\"section swatch-white-red section-normal \" ><div class=\"background-media\"><\/div><div class=\"background-overlay\" style=\"\"><\/div><div class=\"container\"><div class=\"row vertical-top\"><div class=\"col-md-4  text-default\" ><img decoding=\"async\" alt=\"\" src=\"https:\/\/foodaeration.com\/wp-content\/uploads\/2022\/04\/pneum-only.png\" class=\"aligncenter\"\/><h1>\u00a0<\/h1>\n<h1 style=\"text-align: center;\"><strong>AUCUN RISQUE \u00c9LECTRIQUE\u00a0<\/strong><\/h1>\n<\/div><div class=\"col-md-4  text-default\" ><img decoding=\"async\" alt=\"\" src=\"https:\/\/foodaeration.com\/wp-content\/uploads\/2022\/04\/HIGH_SPEED-268x300.jpg\" class=\"aligncenter\"\/><h1 style=\"text-align: center;\"><strong>HAUTES PERFORMANCES AVEC MORCEAUX ET P\u00c2TES DENSES \u00a0<\/strong><\/h1>\n<\/div><div class=\"col-md-4  text-default\" ><img decoding=\"async\" alt=\"\" src=\"https:\/\/foodaeration.com\/wp-content\/uploads\/2022\/04\/ANTIDRIP-e1727252623366.jpg\" class=\"aligncenter\"\/><h1>\u00a0<\/h1>\n<div class=\"group\/conversation-turn relative flex w-full min-w-0 flex-col agent-turn\">\n<div class=\"flex-col gap-1 md:gap-3\">\n<div class=\"flex max-w-full flex-col flex-grow\">\n<div class=\"min-h-8 text-message flex w-full flex-col items-end gap-2 whitespace-normal break-words &#091;.text-message+&amp;&#093;:mt-5\" dir=\"auto\" data-message-author-role=\"assistant\" data-message-id=\"e7543583-b398-4932-979e-380c1f468086\" data-message-model-slug=\"gpt-4o-mini\">\n<div class=\"flex w-full flex-col gap-1 empty:hidden first:pt-&#091;3px&#093;\">\n<h1>\u00a0<\/h1>\n<h1 class=\"markdown prose w-full break-words dark:prose-invert light\" style=\"text-align: center;\"><strong><span style=\"font-size: 21px;\">SYST\u00c8ME<\/span><span style=\"font-size: 21px;\"> ANTI<\/span><span style=\"font-size: 21px;\">-GOUTTE<\/span> \u00a0<\/strong><strong><span style=\"font-size: 21px;\">BREVET\u00c9<\/span><\/strong><\/h1>\n<\/div>\n<\/div>\n<\/div>\n<\/div>\n<\/div>\n<\/div><\/div><\/div><\/section><section  class=\"section swatch-white-red section-normal \" ><div class=\"background-media\"><\/div><div class=\"background-overlay\" style=\"\"><\/div><div class=\"container\"><div class=\"row vertical-top\"><div class=\"col-md-12  text-default\" >[vc_empty_space][vc_empty_space]<h1 style=\"text-align: center;\">Technical Specifications<\/h1>\n<img decoding=\"async\" alt=\"\" src=\"https:\/\/foodaeration.com\/wp-content\/uploads\/2022\/07\/tech_spech_1.png\" class=\"aligncenter\"\/><img decoding=\"async\" alt=\"\" src=\"https:\/\/foodaeration.com\/wp-content\/uploads\/2022\/07\/tech_spech_2.png\" class=\"aligncenter\"\/><\/div><\/div><\/div><\/section><section  class=\"section swatch-white-red section-normal \" ><div class=\"background-media\"><\/div><div class=\"background-overlay\" style=\"\"><\/div><div class=\"container\"><div class=\"row vertical-top\"><div class=\"col-md-12  text-default\" ><p style=\"text-align: center;\"><span style=\"font-size: 21px;\"><strong>DOWNLOAD MULTIDROPPY CATALOGUE BELOW<\/strong><\/span><\/p>\n<div class=\"wp-block-buttons is-content-justification-center is-layout-flex wp-container-core-buttons-is-layout-1 wp-block-buttons-is-layout-flex\">\n<div class=\"wp-block-button is-style-fill\"><span style=\"font-size: 21px;\"><a class=\"wp-block-button__link has-vivid-green-cyan-background-color has-background has-text-align-center wp-element-button\" href=\"https:\/\/foodaeration.com\/wp-content\/uploads\/2024\/10\/VN_BROCHURE_MULTIDROPPY_VN08_VN10.pdf\">DOWNLOAD<\/a><\/span><\/div>\n<\/div>\n<\/div><\/div><\/div><\/section><section  class=\"section swatch-white-red section-nopadding \" ><div class=\"background-media\"><\/div><div class=\"background-overlay\" style=\"\"><\/div><div class=\"container\"><div class=\"row vertical-top\"><div class=\"col-md-12  text-default\" >[vc_empty_space]<\/div><\/div><\/div><\/section>","protected":false},"excerpt":{"rendered":"MULTIDROPPY VN08 (6 SORTIES) VN10 (8 SORTIES) \u00a0DEPOSEUR PNEUMATIQUE (BREVET\u00c9) \u00a0 [vc_video link=\"https:\/\/www.youtube.com\/watch?v=ToUiFVAL05k\"]Avantages Tout en acier inoxydable Personnalisable et adapt\u00e9 \u00e0 tout produit fluide et liquide Toutes les pi\u00e8ces sont con\u00e7ues pour simplifier les op\u00e9rations de nettoyage, d'entretien et de d\u00e9montage Convient aux produits alimentaires, chimiques, cosm\u00e9tiques et pharmaceutiques Pr\u00e9cision et constance maximales SYST\u00c8ME D'ASPIRATION","protected":false},"author":9,"featured_media":0,"parent":0,"menu_order":0,"comment_status":"closed","ping_status":"closed","template":"","meta":{"_joinchat":[],"footnotes":""},"yoast_head":"<!-- This site is optimized with the Yoast SEO plugin v23.1 - https:\/\/yoast.com\/wordpress\/plugins\/seo\/ -->\n<title>MULTIDROPPY - VN food aeration, depositors, pumps, aerators, cake machines MULTIDROPPY<\/title>\n<meta name=\"description\" content=\"the best industrial dosifier for jam creams gel; no drips patented system is tailored to ensure accurate filling and prevent leaks, drips, or waste. %\" \/>\n<meta name=\"robots\" content=\"index, follow, max-snippet:-1, max-image-preview:large, max-video-preview:-1\" \/>\n<link rel=\"canonical\" href=\"https:\/\/foodaeration.com\/fr\/multidroppy\/\" \/>\n<meta property=\"og:locale\" content=\"fr_FR\" \/>\n<meta property=\"og:type\" content=\"article\" \/>\n<meta property=\"og:title\" content=\"MULTIDROPPY - VN food aeration, depositors, pumps, aerators, cake machines MULTIDROPPY\" \/>\n<meta property=\"og:description\" content=\"the best industrial dosifier for jam creams gel; no drips patented system is tailored to ensure accurate filling and prevent leaks, drips, or waste. %\" \/>\n<meta property=\"og:url\" content=\"https:\/\/foodaeration.com\/fr\/multidroppy\/\" \/>\n<meta property=\"og:site_name\" content=\"VN food aeration, depositors, pumps, aerators, cake machines\" \/>\n<meta property=\"article:modified_time\" content=\"2024-10-16T14:46:08+00:00\" \/>\n<meta property=\"og:image\" content=\"https:\/\/foodaeration.com\/wp-content\/uploads\/2022\/05\/TUTTI-I-DOSATORI.jpg\" \/>\n\t<meta property=\"og:image:width\" content=\"392\" \/>\n\t<meta property=\"og:image:height\" content=\"427\" \/>\n\t<meta property=\"og:image:type\" content=\"image\/jpeg\" \/>\n<meta name=\"twitter:card\" content=\"summary_large_image\" \/>\n<meta name=\"twitter:label1\" content=\"Dur\u00e9e de lecture estim\u00e9e\" \/>\n\t<meta name=\"twitter:data1\" content=\"2 minutes\" \/>\n<script type=\"application\/ld+json\" class=\"yoast-schema-graph\">{\"@context\":\"https:\/\/schema.org\",\"@graph\":[{\"@type\":\"WebPage\",\"@id\":\"https:\/\/foodaeration.com\/fr\/multidroppy\/\",\"url\":\"https:\/\/foodaeration.com\/fr\/multidroppy\/\",\"name\":\"MULTIDROPPY - VN food aeration, depositors, pumps, aerators, cake machines MULTIDROPPY\",\"isPartOf\":{\"@id\":\"https:\/\/foodaeration.com\/fr\/#website\"},\"datePublished\":\"2022-07-13T10:31:33+00:00\",\"dateModified\":\"2024-10-16T14:46:08+00:00\",\"description\":\"the best industrial dosifier for jam creams gel; no drips patented system is tailored to ensure accurate filling and prevent leaks, drips, or waste. %\",\"breadcrumb\":{\"@id\":\"https:\/\/foodaeration.com\/fr\/multidroppy\/#breadcrumb\"},\"inLanguage\":\"fr-FR\",\"potentialAction\":[{\"@type\":\"ReadAction\",\"target\":[\"https:\/\/foodaeration.com\/fr\/multidroppy\/\"]}]},{\"@type\":\"BreadcrumbList\",\"@id\":\"https:\/\/foodaeration.com\/fr\/multidroppy\/#breadcrumb\",\"itemListElement\":[{\"@type\":\"ListItem\",\"position\":1,\"name\":\"Home\",\"item\":\"https:\/\/foodaeration.com\/fr\/\"},{\"@type\":\"ListItem\",\"position\":2,\"name\":\"MULTIDROPPY\"}]},{\"@type\":\"WebSite\",\"@id\":\"https:\/\/foodaeration.com\/fr\/#website\",\"url\":\"https:\/\/foodaeration.com\/fr\/\",\"name\":\"VN food aeration\",\"description\":\"Best accuracy ever\",\"publisher\":{\"@id\":\"https:\/\/foodaeration.com\/fr\/#organization\"},\"potentialAction\":[{\"@type\":\"SearchAction\",\"target\":{\"@type\":\"EntryPoint\",\"urlTemplate\":\"https:\/\/foodaeration.com\/fr\/?s={search_term_string}\"},\"query-input\":\"required name=search_term_string\"}],\"inLanguage\":\"fr-FR\"},{\"@type\":\"Organization\",\"@id\":\"https:\/\/foodaeration.com\/fr\/#organization\",\"name\":\"VN food aeration, depositors, pumps, aerators, cake machines\",\"url\":\"https:\/\/foodaeration.com\/fr\/\",\"logo\":{\"@type\":\"ImageObject\",\"inLanguage\":\"fr-FR\",\"@id\":\"https:\/\/foodaeration.com\/fr\/#\/schema\/logo\/image\/\",\"url\":\"https:\/\/foodaeration.com\/wp-content\/uploads\/2024\/09\/vn_logo-1_google.png\",\"contentUrl\":\"https:\/\/foodaeration.com\/wp-content\/uploads\/2024\/09\/vn_logo-1_google.png\",\"width\":640,\"height\":394,\"caption\":\"VN food aeration, depositors, pumps, aerators, cake machines\"},\"image\":{\"@id\":\"https:\/\/foodaeration.com\/fr\/#\/schema\/logo\/image\/\"},\"sameAs\":[\"https:\/\/www.instagram.com\/vnfoodaeration\/\",\"https:\/\/www.facebook.com\/people\/VN-Foodaeration\/\",\"https:\/\/www.linkedin.com\/company\/vn-food-aeration\/\"]}]}<\/script>\n<!-- \/ Yoast SEO plugin. -->","yoast_head_json":{"title":"MULTIDROPPY - VN food aeration, depositors, pumps, aerators, cake machines MULTIDROPPY","description":"the best industrial dosifier for jam creams gel; no drips patented system is tailored to ensure accurate filling and prevent leaks, drips, or waste. %","robots":{"index":"index","follow":"follow","max-snippet":"max-snippet:-1","max-image-preview":"max-image-preview:large","max-video-preview":"max-video-preview:-1"},"canonical":"https:\/\/foodaeration.com\/fr\/multidroppy\/","og_locale":"fr_FR","og_type":"article","og_title":"MULTIDROPPY - VN food aeration, depositors, pumps, aerators, cake machines MULTIDROPPY","og_description":"the best industrial dosifier for jam creams gel; no drips patented system is tailored to ensure accurate filling and prevent leaks, drips, or waste. %","og_url":"https:\/\/foodaeration.com\/fr\/multidroppy\/","og_site_name":"VN food aeration, depositors, pumps, aerators, cake machines","article_modified_time":"2024-10-16T14:46:08+00:00","og_image":[{"width":392,"height":427,"url":"https:\/\/foodaeration.com\/wp-content\/uploads\/2022\/05\/TUTTI-I-DOSATORI.jpg","type":"image\/jpeg"}],"twitter_card":"summary_large_image","twitter_misc":{"Dur\u00e9e de lecture estim\u00e9e":"2 minutes"},"schema":{"@context":"https:\/\/schema.org","@graph":[{"@type":"WebPage","@id":"https:\/\/foodaeration.com\/fr\/multidroppy\/","url":"https:\/\/foodaeration.com\/fr\/multidroppy\/","name":"MULTIDROPPY - VN food aeration, depositors, pumps, aerators, cake machines MULTIDROPPY","isPartOf":{"@id":"https:\/\/foodaeration.com\/fr\/#website"},"datePublished":"2022-07-13T10:31:33+00:00","dateModified":"2024-10-16T14:46:08+00:00","description":"the best industrial dosifier for jam creams gel; no drips patented system is tailored to ensure accurate filling and prevent leaks, drips, or waste. %","breadcrumb":{"@id":"https:\/\/foodaeration.com\/fr\/multidroppy\/#breadcrumb"},"inLanguage":"fr-FR","potentialAction":[{"@type":"ReadAction","target":["https:\/\/foodaeration.com\/fr\/multidroppy\/"]}]},{"@type":"BreadcrumbList","@id":"https:\/\/foodaeration.com\/fr\/multidroppy\/#breadcrumb","itemListElement":[{"@type":"ListItem","position":1,"name":"Home","item":"https:\/\/foodaeration.com\/fr\/"},{"@type":"ListItem","position":2,"name":"MULTIDROPPY"}]},{"@type":"WebSite","@id":"https:\/\/foodaeration.com\/fr\/#website","url":"https:\/\/foodaeration.com\/fr\/","name":"VN food aeration","description":"Best accuracy ever","publisher":{"@id":"https:\/\/foodaeration.com\/fr\/#organization"},"potentialAction":[{"@type":"SearchAction","target":{"@type":"EntryPoint","urlTemplate":"https:\/\/foodaeration.com\/fr\/?s={search_term_string}"},"query-input":"required name=search_term_string"}],"inLanguage":"fr-FR"},{"@type":"Organization","@id":"https:\/\/foodaeration.com\/fr\/#organization","name":"VN food aeration, depositors, pumps, aerators, cake machines","url":"https:\/\/foodaeration.com\/fr\/","logo":{"@type":"ImageObject","inLanguage":"fr-FR","@id":"https:\/\/foodaeration.com\/fr\/#\/schema\/logo\/image\/","url":"https:\/\/foodaeration.com\/wp-content\/uploads\/2024\/09\/vn_logo-1_google.png","contentUrl":"https:\/\/foodaeration.com\/wp-content\/uploads\/2024\/09\/vn_logo-1_google.png","width":640,"height":394,"caption":"VN food aeration, depositors, pumps, aerators, cake machines"},"image":{"@id":"https:\/\/foodaeration.com\/fr\/#\/schema\/logo\/image\/"},"sameAs":["https:\/\/www.instagram.com\/vnfoodaeration\/","https:\/\/www.facebook.com\/people\/VN-Foodaeration\/","https:\/\/www.linkedin.com\/company\/vn-food-aeration\/"]}]}},"_links":{"self":[{"href":"https:\/\/foodaeration.com\/fr\/wp-json\/wp\/v2\/pages\/2965"}],"collection":[{"href":"https:\/\/foodaeration.com\/fr\/wp-json\/wp\/v2\/pages"}],"about":[{"href":"https:\/\/foodaeration.com\/fr\/wp-json\/wp\/v2\/types\/page"}],"author":[{"embeddable":true,"href":"https:\/\/foodaeration.com\/fr\/wp-json\/wp\/v2\/users\/9"}],"replies":[{"embeddable":true,"href":"https:\/\/foodaeration.com\/fr\/wp-json\/wp\/v2\/comments?post=2965"}],"version-history":[{"count":11,"href":"https:\/\/foodaeration.com\/fr\/wp-json\/wp\/v2\/pages\/2965\/revisions"}],"predecessor-version":[{"id":2987,"href":"https:\/\/foodaeration.com\/fr\/wp-json\/wp\/v2\/pages\/2965\/revisions\/2987"}],"wp:attachment":[{"href":"https:\/\/foodaeration.com\/fr\/wp-json\/wp\/v2\/media?parent=2965"}],"curies":[{"name":"wp","href":"https:\/\/api.w.org\/{rel}","templated":true}]}}