{"id":2885,"date":"2022-05-06T17:51:22","date_gmt":"2022-05-06T15:51:22","guid":{"rendered":"https:\/\/foodaeration.com\/attachments\/"},"modified":"2025-10-12T22:29:41","modified_gmt":"2025-10-12T20:29:41","slug":"accessoires","status":"publish","type":"page","link":"https:\/\/foodaeration.com\/fr\/accessoires\/","title":{"rendered":"ATTACHMENTS"},"content":{"rendered":"<section  class=\"section swatch-blue-white section-nopadding \" ><div class=\"background-media\"><\/div><div class=\"background-overlay\" style=\"\"><\/div><div class=\"container\"><div class=\"row vertical-top\"><div class=\"col-md-12  text-default\" ><h1 class=\"text-center normal bold bordered-header\">ATTACHMENTS <\/h1>[vc_empty_space]<\/div><\/div><\/div><\/section><section  class=\"section swatch-white-blue section-nopadding has-bottom \" ><div class=\"background-media\"><\/div><div class=\"background-overlay\" style=\"\"><\/div><div class=\"container\"><div class=\"row vertical-top\"><div class=\"col-md-6  text-default\" ><div class=\"flex flex-grow flex-col max-w-full\">\n<div class=\"min-h-&#091;20px&#093; text-message flex flex-col items-start whitespace-pre-wrap break-words &#091;.text-message+&amp;&#093;:mt-5 juice:w-full juice:items-end overflow-x-auto gap-2\" dir=\"auto\" data-message-author-role=\"assistant\" data-message-id=\"3423e3c4-153c-4471-8a6e-f5b7efd279e5\">\n<div class=\"flex w-full flex-col gap-1 juice:empty:hidden juice:first:pt-&#091;3px&#093;\">\n<div class=\"markdown prose w-full break-words dark:prose-invert light\">\n<h2 style=\"text-align: left;\">Am\u00e9liorez la Polyvalence avec Nos Accessoires<\/h2>\n<p><span style=\"font-size: 16px;\">Votre \u00e9quipement VN Foodaeration fait bien plus que de simples dosages ! Avec une vari\u00e9t\u00e9 d&rsquo;accessoires standard au choix, vous pouvez facilement transformer votre doseur en une machine pour injection, \u00e9talage ou d\u00e9coration.<\/span><\/p>\n<p><span style=\"font-size: 16px;\">Id\u00e9al pour une large gamme d&rsquo;applications dans les secteurs de la boulangerie, de l&rsquo;alimentation, de la cosm\u00e9tique et m\u00eame du pet food. Cela inclut les sauces, cr\u00e8mes, p\u00e2tes, soupes, plats pr\u00e9par\u00e9s, dips, gla\u00e7ages, lotions, garnitures, exfoliants, p\u00e2tes alimentaires, viandes, cr\u00e8mes p\u00e2tissi\u00e8res, salades, assaisonnements et bien plus encore.<\/span><\/p>\n<h3>Avantages de l&rsquo;Ajout d&rsquo;Accessoires:<\/h3>\n<p><span style=\"font-size: 16px;\">&#8211; \u00c9largissez votre gamme de produits gr\u00e2ce \u00e0 des changements rapides et sans interruption <\/span><br \/>\n<span style=\"font-size: 16px;\">&#8211; Maximisez votre capacit\u00e9 de production <\/span><br \/>\n<span style=\"font-size: 16px;\">&#8211; Am\u00e9liorez votre rentabilit\u00e9 en r\u00e9duisant les co\u00fbts des \u00e9quipements <\/span><br \/>\n<span style=\"font-size: 16px;\">&#8211; R\u00e9duisez le gaspillage et g\u00e9rez efficacement les d\u00e9penses en ingr\u00e9dients <\/span><\/p>\n<\/div>\n<\/div>\n<\/div>\n<\/div>\n<div class=\"mt-1 flex gap-3 empty:hidden juice:-ml-3\">\n<div class=\"items-center justify-start rounded-xl p-1 flex\">\n<div class=\"flex items-center\"><\/div>\n<\/div>\n<\/div>\n[vc_empty_space]<\/div><div class=\"col-md-6  text-default\" >[vc_empty_space height=\u00a0\u00bb50px\u00a0\u00bb][vc_video link=\u00a0\u00bbhttps:\/\/youtu.be\/QwPWu2vcWFM\u00a0\u00bb]<\/div><\/div><\/div><div class=\"decor-bottom\"><svg class=\"decor\" height=\"100%\" preserveaspectratio=\"none\" version=\"1.1\" viewbox=\"0 0 100 100\" width=\"100%\" xmlns=\"http:\/\/www.w3.org\/2000\/svg\">\n  <path d=\"M0 100 L100 0 L0 0\" stroke-width=\"0\"><\/path>\n<\/svg>\n<\/div><\/section><section  class=\"section swatch-white-red section-normal \" ><div class=\"background-media\"><\/div><div class=\"background-overlay\" style=\"\"><\/div><div class=\"container\"><div class=\"row vertical-top\"><div class=\"col-md-6  text-default\" >[vc_empty_space]<img decoding=\"async\" alt=\"\" src=\"https:\/\/foodaeration.com\/wp-content\/uploads\/2022\/05\/VNFOOD-17-scaled-e1762880492330-300x300.jpg\" class=\"aligncenter\"\/>[vc_empty_space]<h1 class=\"text-center normal bold bordered-header\">NOZZLES<\/h1><\/div><div class=\"col-md-6  text-default\" ><img decoding=\"async\" alt=\"\" src=\"https:\/\/foodaeration.com\/wp-content\/uploads\/2024\/11\/CUT_OFF-1-227x300.png\" class=\"aligncenter\"\/><h1 class=\"text-center normal bold bordered-header\">CUT-OFF <\/h1><\/div><\/div><\/div><\/section><section  class=\"section swatch-white-red section-normal \" ><div class=\"background-media\"><\/div><div class=\"background-overlay\" style=\"\"><\/div><div class=\"container\"><div class=\"row vertical-top\"><div class=\"col-md-6  text-default\" ><img decoding=\"async\" alt=\"\" src=\"https:\/\/foodaeration.com\/wp-content\/uploads\/2024\/11\/ROTARY-CUT-OFF-3-295x300.png\" class=\"aligncenter\"\/><h1 class=\"text-center normal bold bordered-header\">ROTARY CUT-OFF<\/h1><\/div><div class=\"col-md-6  text-default\" >[vc_empty_space]<a href=\"https:\/\/foodaeration.com\/fr\/panettone\/\" target=\"_self\"><img decoding=\"async\" alt=\"\" src=\"https:\/\/foodaeration.com\/wp-content\/uploads\/2024\/11\/20241118_142855-removebg2-300x225.png\" class=\"aligncenter\"\/><\/a>[vc_empty_space]<h1 class=\"text-center normal bold bordered-header\">PANETTONI COLOMBE<\/h1><\/div><\/div><\/div><\/section>\n","protected":false},"excerpt":{"rendered":"ATTACHMENTS [vc_empty_space] Am\u00e9liorez la Polyvalence avec Nos Accessoires Votre \u00e9quipement VN Foodaeration fait bien plus que de simples dosages ! Avec une vari\u00e9t\u00e9 d'accessoires standard au choix, vous pouvez facilement transformer votre doseur en une machine pour injection, \u00e9talage ou d\u00e9coration. Id\u00e9al pour une large gamme d'applications dans les secteurs de la boulangerie, de l'alimentation,","protected":false},"author":9,"featured_media":0,"parent":0,"menu_order":0,"comment_status":"closed","ping_status":"closed","template":"","meta":{"_joinchat":[],"footnotes":""},"yoast_head":"<!-- This site is optimized with the Yoast SEO plugin v23.1 - https:\/\/yoast.com\/wordpress\/plugins\/seo\/ -->\n<title>ATTACHMENTS - VN food aeration, depositors, pumps, aerators, cake machines<\/title>\n<meta name=\"description\" content=\"R\u00e9duisez le gaspillage et g\u00e9rez efficacement les d\u00e9penses en ingr\u00e9dients\" \/>\n<meta name=\"robots\" content=\"index, follow, max-snippet:-1, max-image-preview:large, max-video-preview:-1\" \/>\n<link rel=\"canonical\" href=\"https:\/\/foodaeration.com\/fr\/accessoires\/\" \/>\n<meta property=\"og:locale\" content=\"en_US\" \/>\n<meta property=\"og:type\" content=\"article\" \/>\n<meta property=\"og:title\" content=\"ATTACHMENTS - VN food aeration, depositors, pumps, aerators, cake machines\" \/>\n<meta property=\"og:description\" content=\"R\u00e9duisez le gaspillage et g\u00e9rez efficacement les d\u00e9penses en ingr\u00e9dients\" \/>\n<meta property=\"og:url\" content=\"https:\/\/foodaeration.com\/fr\/accessoires\/\" \/>\n<meta property=\"og:site_name\" content=\"VN food aeration, depositors, pumps, aerators, cake machines\" \/>\n<meta property=\"article:modified_time\" content=\"2025-10-12T20:29:41+00:00\" \/>\n<meta property=\"og:image\" content=\"https:\/\/foodaeration.com\/wp-content\/uploads\/2022\/05\/TUTTI-I-DOSATORI.jpg\" \/>\n\t<meta property=\"og:image:width\" content=\"392\" \/>\n\t<meta property=\"og:image:height\" content=\"427\" \/>\n\t<meta property=\"og:image:type\" content=\"image\/jpeg\" \/>\n<meta name=\"twitter:card\" content=\"summary_large_image\" \/>\n<meta name=\"twitter:label1\" content=\"Est. reading time\" \/>\n\t<meta name=\"twitter:data1\" content=\"2 minutes\" \/>\n<script type=\"application\/ld+json\" class=\"yoast-schema-graph\">{\"@context\":\"https:\/\/schema.org\",\"@graph\":[{\"@type\":\"WebPage\",\"@id\":\"https:\/\/foodaeration.com\/fr\/accessoires\/\",\"url\":\"https:\/\/foodaeration.com\/fr\/accessoires\/\",\"name\":\"ATTACHMENTS - VN food aeration, depositors, pumps, aerators, cake machines\",\"isPartOf\":{\"@id\":\"https:\/\/foodaeration.com\/fr\/#website\"},\"datePublished\":\"2022-05-06T15:51:22+00:00\",\"dateModified\":\"2025-10-12T20:29:41+00:00\",\"description\":\"R\u00e9duisez le gaspillage et g\u00e9rez efficacement les d\u00e9penses en ingr\u00e9dients\",\"breadcrumb\":{\"@id\":\"https:\/\/foodaeration.com\/fr\/accessoires\/#breadcrumb\"},\"inLanguage\":\"en-US\",\"potentialAction\":[{\"@type\":\"ReadAction\",\"target\":[\"https:\/\/foodaeration.com\/fr\/accessoires\/\"]}]},{\"@type\":\"BreadcrumbList\",\"@id\":\"https:\/\/foodaeration.com\/fr\/accessoires\/#breadcrumb\",\"itemListElement\":[{\"@type\":\"ListItem\",\"position\":1,\"name\":\"Home\",\"item\":\"https:\/\/foodaeration.com\/fr\/\"},{\"@type\":\"ListItem\",\"position\":2,\"name\":\"ATTACHMENTS\"}]},{\"@type\":\"WebSite\",\"@id\":\"https:\/\/foodaeration.com\/fr\/#website\",\"url\":\"https:\/\/foodaeration.com\/fr\/\",\"name\":\"VN food aeration\",\"description\":\"Best accuracy ever\",\"publisher\":{\"@id\":\"https:\/\/foodaeration.com\/fr\/#organization\"},\"potentialAction\":[{\"@type\":\"SearchAction\",\"target\":{\"@type\":\"EntryPoint\",\"urlTemplate\":\"https:\/\/foodaeration.com\/fr\/?s={search_term_string}\"},\"query-input\":\"required name=search_term_string\"}],\"inLanguage\":\"en-US\"},{\"@type\":\"Organization\",\"@id\":\"https:\/\/foodaeration.com\/fr\/#organization\",\"name\":\"VN food aeration, depositors, pumps, aerators, cake machines\",\"url\":\"https:\/\/foodaeration.com\/fr\/\",\"logo\":{\"@type\":\"ImageObject\",\"inLanguage\":\"en-US\",\"@id\":\"https:\/\/foodaeration.com\/fr\/#\/schema\/logo\/image\/\",\"url\":\"https:\/\/foodaeration.com\/wp-content\/uploads\/2024\/09\/vn_logo-1_google.png\",\"contentUrl\":\"https:\/\/foodaeration.com\/wp-content\/uploads\/2024\/09\/vn_logo-1_google.png\",\"width\":640,\"height\":394,\"caption\":\"VN food aeration, depositors, pumps, aerators, cake machines\"},\"image\":{\"@id\":\"https:\/\/foodaeration.com\/fr\/#\/schema\/logo\/image\/\"},\"sameAs\":[\"https:\/\/www.instagram.com\/vnfoodaeration\/\",\"https:\/\/www.facebook.com\/people\/VN-Foodaeration\/\",\"https:\/\/www.linkedin.com\/company\/vn-food-aeration\/\"]}]}<\/script>\n<!-- \/ Yoast SEO plugin. -->","yoast_head_json":{"title":"ATTACHMENTS - VN food aeration, depositors, pumps, aerators, cake machines","description":"R\u00e9duisez le gaspillage et g\u00e9rez efficacement les d\u00e9penses en ingr\u00e9dients","robots":{"index":"index","follow":"follow","max-snippet":"max-snippet:-1","max-image-preview":"max-image-preview:large","max-video-preview":"max-video-preview:-1"},"canonical":"https:\/\/foodaeration.com\/fr\/accessoires\/","og_locale":"en_US","og_type":"article","og_title":"ATTACHMENTS - VN food aeration, depositors, pumps, aerators, cake machines","og_description":"R\u00e9duisez le gaspillage et g\u00e9rez efficacement les d\u00e9penses en ingr\u00e9dients","og_url":"https:\/\/foodaeration.com\/fr\/accessoires\/","og_site_name":"VN food aeration, depositors, pumps, aerators, cake machines","article_modified_time":"2025-10-12T20:29:41+00:00","og_image":[{"width":392,"height":427,"url":"https:\/\/foodaeration.com\/wp-content\/uploads\/2022\/05\/TUTTI-I-DOSATORI.jpg","type":"image\/jpeg"}],"twitter_card":"summary_large_image","twitter_misc":{"Est. reading time":"2 minutes"},"schema":{"@context":"https:\/\/schema.org","@graph":[{"@type":"WebPage","@id":"https:\/\/foodaeration.com\/fr\/accessoires\/","url":"https:\/\/foodaeration.com\/fr\/accessoires\/","name":"ATTACHMENTS - VN food aeration, depositors, pumps, aerators, cake machines","isPartOf":{"@id":"https:\/\/foodaeration.com\/fr\/#website"},"datePublished":"2022-05-06T15:51:22+00:00","dateModified":"2025-10-12T20:29:41+00:00","description":"R\u00e9duisez le gaspillage et g\u00e9rez efficacement les d\u00e9penses en ingr\u00e9dients","breadcrumb":{"@id":"https:\/\/foodaeration.com\/fr\/accessoires\/#breadcrumb"},"inLanguage":"en-US","potentialAction":[{"@type":"ReadAction","target":["https:\/\/foodaeration.com\/fr\/accessoires\/"]}]},{"@type":"BreadcrumbList","@id":"https:\/\/foodaeration.com\/fr\/accessoires\/#breadcrumb","itemListElement":[{"@type":"ListItem","position":1,"name":"Home","item":"https:\/\/foodaeration.com\/fr\/"},{"@type":"ListItem","position":2,"name":"ATTACHMENTS"}]},{"@type":"WebSite","@id":"https:\/\/foodaeration.com\/fr\/#website","url":"https:\/\/foodaeration.com\/fr\/","name":"VN food aeration","description":"Best accuracy ever","publisher":{"@id":"https:\/\/foodaeration.com\/fr\/#organization"},"potentialAction":[{"@type":"SearchAction","target":{"@type":"EntryPoint","urlTemplate":"https:\/\/foodaeration.com\/fr\/?s={search_term_string}"},"query-input":"required name=search_term_string"}],"inLanguage":"en-US"},{"@type":"Organization","@id":"https:\/\/foodaeration.com\/fr\/#organization","name":"VN food aeration, depositors, pumps, aerators, cake machines","url":"https:\/\/foodaeration.com\/fr\/","logo":{"@type":"ImageObject","inLanguage":"en-US","@id":"https:\/\/foodaeration.com\/fr\/#\/schema\/logo\/image\/","url":"https:\/\/foodaeration.com\/wp-content\/uploads\/2024\/09\/vn_logo-1_google.png","contentUrl":"https:\/\/foodaeration.com\/wp-content\/uploads\/2024\/09\/vn_logo-1_google.png","width":640,"height":394,"caption":"VN food aeration, depositors, pumps, aerators, cake machines"},"image":{"@id":"https:\/\/foodaeration.com\/fr\/#\/schema\/logo\/image\/"},"sameAs":["https:\/\/www.instagram.com\/vnfoodaeration\/","https:\/\/www.facebook.com\/people\/VN-Foodaeration\/","https:\/\/www.linkedin.com\/company\/vn-food-aeration\/"]}]}},"_links":{"self":[{"href":"https:\/\/foodaeration.com\/fr\/wp-json\/wp\/v2\/pages\/2885"}],"collection":[{"href":"https:\/\/foodaeration.com\/fr\/wp-json\/wp\/v2\/pages"}],"about":[{"href":"https:\/\/foodaeration.com\/fr\/wp-json\/wp\/v2\/types\/page"}],"author":[{"embeddable":true,"href":"https:\/\/foodaeration.com\/fr\/wp-json\/wp\/v2\/users\/9"}],"replies":[{"embeddable":true,"href":"https:\/\/foodaeration.com\/fr\/wp-json\/wp\/v2\/comments?post=2885"}],"version-history":[{"count":28,"href":"https:\/\/foodaeration.com\/fr\/wp-json\/wp\/v2\/pages\/2885\/revisions"}],"predecessor-version":[{"id":4097,"href":"https:\/\/foodaeration.com\/fr\/wp-json\/wp\/v2\/pages\/2885\/revisions\/4097"}],"wp:attachment":[{"href":"https:\/\/foodaeration.com\/fr\/wp-json\/wp\/v2\/media?parent=2885"}],"curies":[{"name":"wp","href":"https:\/\/api.w.org\/{rel}","templated":true}]}}