{"id":1192,"date":"2020-04-17T14:52:27","date_gmt":"2020-04-17T12:52:27","guid":{"rendered":"http:\/\/foodaeration.com\/?page_id=1192"},"modified":"2025-08-31T12:27:07","modified_gmt":"2025-08-31T10:27:07","slug":"sponge-cake","status":"publish","type":"page","link":"https:\/\/foodaeration.com\/fr\/sponge-cake\/","title":{"rendered":"SPONGE CAKE"},"content":{"rendered":"<section  class=\"section swatch-blue-white section-nopadding \" ><div class=\"background-media\" style=\"background-image:url('https:\/\/foodaeration.com\/wp-content\/uploads\/2019\/12\/4I3B3460-copia.jpg');background-repeat:no-repeat;background-size:cover;background-attachment:fixed;background-position:center 0%;\"><\/div><div class=\"background-overlay\" style=\"\"><\/div><div class=\"container\"><div class=\"row vertical-top\"><div class=\"col-md-12  text-default\" >[vc_empty_space height=\u00a0\u00bb92px\u00a0\u00bb]<h1 class=\"text-center hyper bold no-bordered-header\">PRODUITS<\/h1>[vc_empty_space height=\u00a0\u00bb92px\u00a0\u00bb][vc_empty_space]<\/div><\/div><\/div><\/section><section  class=\"section swatch-white-red section-nopadding \" ><div class=\"background-media\"><\/div><div class=\"background-overlay\" style=\"\"><\/div><div class=\"container\"><div class=\"row vertical-top\"><div class=\"col-md-12  text-default\" >[vc_empty_space height=\u00a0\u00bb64px\u00a0\u00bb][vc_empty_space]<h1 class=\"text-center normal bold bordered-header\">GATEAU EPONGE<\/h1><\/div><\/div><\/div><\/section><section  class=\"section swatch-white-blue section-normal \" ><div class=\"background-media\"><\/div><div class=\"background-overlay\" style=\"\"><\/div><div class=\"container\"><div class=\"row vertical-top\"><div class=\"col-md-12  text-default\" ><img decoding=\"async\" alt=\"\" src=\"https:\/\/foodaeration.com\/wp-content\/uploads\/2019\/01\/sponge-cake.png\" class=\"aligncenter\"\/><div class=\"flex max-w-full flex-col flex-grow\">\n<div class=\"min-h-&#091;20px&#093; text-message flex w-full flex-col items-end gap-2 whitespace-pre-wrap break-words &#091;.text-message+&amp;&#093;:mt-5 overflow-x-auto\" dir=\"auto\" data-message-author-role=\"assistant\" data-message-id=\"ef174874-47c6-47e2-9a00-258c800ac089\">\n<div class=\"flex w-full flex-col gap-1 empty:hidden first:pt-&#091;3px&#093;\">\n<div class=\"markdown prose w-full break-words dark:prose-invert light\">\n<p><span style=\"font-size: 20px;\">VN FOODAERATION propose des <strong data-start=\"212\" data-end=\"266\">\u00e9quipements de p\u00e2tisserie et boulangerie de pointe<\/strong>, con\u00e7us pour optimiser la production de g\u00e2teaux et maximiser l\u2019efficacit\u00e9. Nos solutions s\u2019adressent aux <strong data-start=\"372\" data-end=\"402\">boulangeries industrielles<\/strong> souhaitant accro\u00eetre leur productivit\u00e9, assurer une qualit\u00e9 constante et garantir une pr\u00e9cision optimale \u00e0 chaque \u00e9tape du processus.<\/span><\/p>\n<p><span style=\"font-size: 20px;\">Nos Solutions Cl\u00e9s:<\/span><\/p>\n<ul>\n<li><span style=\"font-size: 20px;\"><strong>M\u00e9langeurs Plan\u00e9taires &amp; A\u00e9rateurs (VN02):<\/strong> Des syst\u00e8mes haute performance qui garantissent une pr\u00e9paration de p\u00e2te impeccable, avec la <strong data-start=\"710\" data-end=\"747\">texture et la consistance id\u00e9ales<\/strong> pour une large vari\u00e9t\u00e9 de g\u00e2teaux. <a href=\"https:\/\/foodaeration.com\/aerators\/\">https:\/\/foodaeration.com\/aerators\/<\/a><\/span><\/li>\n<li><span style=\"font-size: 20px;\"><strong>Syst\u00e8mes de Pompage (VN14 \/ VN15):<\/strong> Con\u00e7us pour <strong data-start=\"902\" data-end=\"939\">transf\u00e9rer efficacement les p\u00e2tes<\/strong> vers les tr\u00e9mies, d\u00e9poser sur plaques ou remplir directement les moules. Ces pompes assurent <strong data-start=\"1033\" data-end=\"1067\">rapidit\u00e9, pr\u00e9cision et hygi\u00e8ne<\/strong> dans les productions \u00e0 grand volume.<\/span><span style=\"font-size: 20px;\"> <a href=\"https:\/\/foodaeration.com\/transfer-pumps\/\">https:\/\/foodaeration.com\/transfer-pumps\/<\/a><\/span><\/li>\n<li><span style=\"font-size: 20px;\"><strong>Syst\u00e8mes de D\u00e9pose &amp; Finition (Accessoires VN20):<\/strong> Des outils de haute pr\u00e9cision pour la <strong data-start=\"1290\" data-end=\"1321\">production de g\u00e2teaux ronds<\/strong>, permettant l\u2019application automatis\u00e9e de garnitures, le gla\u00e7age et les d\u00e9corations d\u00e9taill\u00e9es \u2014 avec des r\u00e9sultats toujours <strong data-start=\"1446\" data-end=\"1472\">constants et r\u00e9guliers<\/strong>. <a href=\"https:\/\/foodaeration.com\/attachments\/\">https:\/\/foodaeration.com\/attachments\/<\/a><\/span><\/li>\n<\/ul>\n<p><span style=\"font-size: 18px;\"><span style=\"font-size: 20px;\"><strong>Pourquoi Choisir VN FOODAERATION ?<\/strong><\/span><\/span><\/p>\n<p><span style=\"font-size: 20px;\">Que vous souhaitiez <strong data-start=\"1607\" data-end=\"1638\">automatiser une seule \u00e9tape<\/strong> ou <strong data-start=\"1642\" data-end=\"1694\">mettre en place une ligne de production compl\u00e8te<\/strong>, notre \u00e9quipe propose des <strong data-start=\"1721\" data-end=\"1749\">solutions personnalis\u00e9es<\/strong> adapt\u00e9es \u00e0 vos objectifs de production.<\/span><\/p>\n<p><span style=\"font-size: 20px;\">???? <strong data-start=\"1796\" data-end=\"1830\">Contactez-nous d\u00e8s aujourd\u2019hui<\/strong> pour discuter de la mani\u00e8re dont nous pouvons vous aider \u00e0 optimiser votre efficacit\u00e9 et \u00e0 d\u00e9velopper l\u2019automatisation de votre boulangerie.<\/span><\/p>\n<\/div>\n<\/div>\n<\/div>\n<\/div>\n<\/div><\/div><\/div><\/section><section  class=\"section swatch-white-red section-normal \" ><div class=\"background-media\"><\/div><div class=\"background-overlay\" style=\"\"><\/div><div class=\"container\"><div class=\"row vertical-top\"><div class=\"col-md-12  text-default\" ><h1 class=\"text-center normal regular bordered-header\">SPONGE CAKE production<\/h1><div class=\"row \"><div class=\"col-md-6  text-default\" >[vc_video link=\u00a0\u00bbhttps:\/\/youtu.be\/rArRLdpOtFQ\u00a0\u00bb]<\/div><div class=\"col-md-6  text-default\" >[vc_video link=\u00a0\u00bbhttps:\/\/youtu.be\/FSL_NLhECoI\u00a0\u00bb]<\/div><\/div><\/div><\/div><\/div><\/section>\n","protected":false},"excerpt":{"rendered":"[vc_empty_space height=\"92px\"]PRODUITS[vc_empty_space height=\"92px\"][vc_empty_space][vc_empty_space height=\"64px\"][vc_empty_space]GATEAU EPONGE VN FOODAERATION propose des \u00e9quipements de p\u00e2tisserie et boulangerie de pointe, con\u00e7us pour optimiser la production de g\u00e2teaux et maximiser l\u2019efficacit\u00e9. Nos solutions s\u2019adressent aux boulangeries industrielles souhaitant accro\u00eetre leur productivit\u00e9, assurer une qualit\u00e9 constante et garantir une pr\u00e9cision optimale \u00e0 chaque \u00e9tape du processus. Nos Solutions Cl\u00e9s: M\u00e9langeurs Plan\u00e9taires","protected":false},"author":9,"featured_media":0,"parent":0,"menu_order":0,"comment_status":"closed","ping_status":"closed","template":"","meta":{"_joinchat":[],"footnotes":""},"yoast_head":"<!-- This site is optimized with the Yoast SEO plugin v23.1 - https:\/\/yoast.com\/wordpress\/plugins\/seo\/ -->\n<title>SPONGE CAKE - VN food aeration, depositors, pumps, aerators, cake machines<\/title>\n<meta name=\"description\" content=\"Produce the best sponge cake, both artisanal and industrial, with VN machines: reliable, efficient, and designed to guarantee perfect results in every production cycle.\" \/>\n<meta name=\"robots\" content=\"index, follow, max-snippet:-1, max-image-preview:large, max-video-preview:-1\" \/>\n<link rel=\"canonical\" href=\"https:\/\/foodaeration.com\/fr\/sponge-cake\/\" \/>\n<meta property=\"og:locale\" content=\"en_US\" \/>\n<meta property=\"og:type\" content=\"article\" \/>\n<meta property=\"og:title\" content=\"SPONGE CAKE - VN food aeration, depositors, pumps, aerators, cake machines\" \/>\n<meta property=\"og:description\" content=\"Produce the best sponge cake, both artisanal and industrial, with VN machines: reliable, efficient, and designed to guarantee perfect results in every production cycle.\" \/>\n<meta property=\"og:url\" content=\"https:\/\/foodaeration.com\/fr\/sponge-cake\/\" \/>\n<meta property=\"og:site_name\" content=\"VN food aeration, depositors, pumps, aerators, cake machines\" \/>\n<meta property=\"article:modified_time\" content=\"2025-08-31T10:27:07+00:00\" \/>\n<meta property=\"og:image\" content=\"https:\/\/foodaeration.com\/wp-content\/uploads\/2022\/05\/TUTTI-I-DOSATORI.jpg\" \/>\n\t<meta property=\"og:image:width\" content=\"392\" \/>\n\t<meta property=\"og:image:height\" content=\"427\" \/>\n\t<meta property=\"og:image:type\" content=\"image\/jpeg\" \/>\n<meta name=\"twitter:card\" content=\"summary_large_image\" \/>\n<meta name=\"twitter:label1\" content=\"Est. reading time\" \/>\n\t<meta name=\"twitter:data1\" content=\"2 minutes\" \/>\n<script type=\"application\/ld+json\" class=\"yoast-schema-graph\">{\"@context\":\"https:\/\/schema.org\",\"@graph\":[{\"@type\":\"WebPage\",\"@id\":\"https:\/\/foodaeration.com\/fr\/sponge-cake\/\",\"url\":\"https:\/\/foodaeration.com\/fr\/sponge-cake\/\",\"name\":\"SPONGE CAKE - VN food aeration, depositors, pumps, aerators, cake machines\",\"isPartOf\":{\"@id\":\"https:\/\/foodaeration.com\/fr\/#website\"},\"datePublished\":\"2020-04-17T12:52:27+00:00\",\"dateModified\":\"2025-08-31T10:27:07+00:00\",\"description\":\"Produce the best sponge cake, both artisanal and industrial, with VN machines: reliable, efficient, and designed to guarantee perfect results in every production cycle.\",\"breadcrumb\":{\"@id\":\"https:\/\/foodaeration.com\/fr\/sponge-cake\/#breadcrumb\"},\"inLanguage\":\"en-US\",\"potentialAction\":[{\"@type\":\"ReadAction\",\"target\":[\"https:\/\/foodaeration.com\/fr\/sponge-cake\/\"]}]},{\"@type\":\"BreadcrumbList\",\"@id\":\"https:\/\/foodaeration.com\/fr\/sponge-cake\/#breadcrumb\",\"itemListElement\":[{\"@type\":\"ListItem\",\"position\":1,\"name\":\"Home\",\"item\":\"https:\/\/foodaeration.com\/fr\/\"},{\"@type\":\"ListItem\",\"position\":2,\"name\":\"SPONGE CAKE\"}]},{\"@type\":\"WebSite\",\"@id\":\"https:\/\/foodaeration.com\/fr\/#website\",\"url\":\"https:\/\/foodaeration.com\/fr\/\",\"name\":\"VN food aeration\",\"description\":\"Best accuracy ever\",\"publisher\":{\"@id\":\"https:\/\/foodaeration.com\/fr\/#organization\"},\"potentialAction\":[{\"@type\":\"SearchAction\",\"target\":{\"@type\":\"EntryPoint\",\"urlTemplate\":\"https:\/\/foodaeration.com\/fr\/?s={search_term_string}\"},\"query-input\":\"required name=search_term_string\"}],\"inLanguage\":\"en-US\"},{\"@type\":\"Organization\",\"@id\":\"https:\/\/foodaeration.com\/fr\/#organization\",\"name\":\"VN food aeration, depositors, pumps, aerators, cake machines\",\"url\":\"https:\/\/foodaeration.com\/fr\/\",\"logo\":{\"@type\":\"ImageObject\",\"inLanguage\":\"en-US\",\"@id\":\"https:\/\/foodaeration.com\/fr\/#\/schema\/logo\/image\/\",\"url\":\"https:\/\/foodaeration.com\/wp-content\/uploads\/2024\/09\/vn_logo-1_google.png\",\"contentUrl\":\"https:\/\/foodaeration.com\/wp-content\/uploads\/2024\/09\/vn_logo-1_google.png\",\"width\":640,\"height\":394,\"caption\":\"VN food aeration, depositors, pumps, aerators, cake machines\"},\"image\":{\"@id\":\"https:\/\/foodaeration.com\/fr\/#\/schema\/logo\/image\/\"},\"sameAs\":[\"https:\/\/www.instagram.com\/vnfoodaeration\/\",\"https:\/\/www.facebook.com\/people\/VN-Foodaeration\/\",\"https:\/\/www.linkedin.com\/company\/vn-food-aeration\/\"]}]}<\/script>\n<!-- \/ Yoast SEO plugin. -->","yoast_head_json":{"title":"SPONGE CAKE - VN food aeration, depositors, pumps, aerators, cake machines","description":"Produce the best sponge cake, both artisanal and industrial, with VN machines: reliable, efficient, and designed to guarantee perfect results in every production cycle.","robots":{"index":"index","follow":"follow","max-snippet":"max-snippet:-1","max-image-preview":"max-image-preview:large","max-video-preview":"max-video-preview:-1"},"canonical":"https:\/\/foodaeration.com\/fr\/sponge-cake\/","og_locale":"en_US","og_type":"article","og_title":"SPONGE CAKE - VN food aeration, depositors, pumps, aerators, cake machines","og_description":"Produce the best sponge cake, both artisanal and industrial, with VN machines: reliable, efficient, and designed to guarantee perfect results in every production cycle.","og_url":"https:\/\/foodaeration.com\/fr\/sponge-cake\/","og_site_name":"VN food aeration, depositors, pumps, aerators, cake machines","article_modified_time":"2025-08-31T10:27:07+00:00","og_image":[{"width":392,"height":427,"url":"https:\/\/foodaeration.com\/wp-content\/uploads\/2022\/05\/TUTTI-I-DOSATORI.jpg","type":"image\/jpeg"}],"twitter_card":"summary_large_image","twitter_misc":{"Est. reading time":"2 minutes"},"schema":{"@context":"https:\/\/schema.org","@graph":[{"@type":"WebPage","@id":"https:\/\/foodaeration.com\/fr\/sponge-cake\/","url":"https:\/\/foodaeration.com\/fr\/sponge-cake\/","name":"SPONGE CAKE - VN food aeration, depositors, pumps, aerators, cake machines","isPartOf":{"@id":"https:\/\/foodaeration.com\/fr\/#website"},"datePublished":"2020-04-17T12:52:27+00:00","dateModified":"2025-08-31T10:27:07+00:00","description":"Produce the best sponge cake, both artisanal and industrial, with VN machines: reliable, efficient, and designed to guarantee perfect results in every production cycle.","breadcrumb":{"@id":"https:\/\/foodaeration.com\/fr\/sponge-cake\/#breadcrumb"},"inLanguage":"en-US","potentialAction":[{"@type":"ReadAction","target":["https:\/\/foodaeration.com\/fr\/sponge-cake\/"]}]},{"@type":"BreadcrumbList","@id":"https:\/\/foodaeration.com\/fr\/sponge-cake\/#breadcrumb","itemListElement":[{"@type":"ListItem","position":1,"name":"Home","item":"https:\/\/foodaeration.com\/fr\/"},{"@type":"ListItem","position":2,"name":"SPONGE CAKE"}]},{"@type":"WebSite","@id":"https:\/\/foodaeration.com\/fr\/#website","url":"https:\/\/foodaeration.com\/fr\/","name":"VN food aeration","description":"Best accuracy ever","publisher":{"@id":"https:\/\/foodaeration.com\/fr\/#organization"},"potentialAction":[{"@type":"SearchAction","target":{"@type":"EntryPoint","urlTemplate":"https:\/\/foodaeration.com\/fr\/?s={search_term_string}"},"query-input":"required name=search_term_string"}],"inLanguage":"en-US"},{"@type":"Organization","@id":"https:\/\/foodaeration.com\/fr\/#organization","name":"VN food aeration, depositors, pumps, aerators, cake machines","url":"https:\/\/foodaeration.com\/fr\/","logo":{"@type":"ImageObject","inLanguage":"en-US","@id":"https:\/\/foodaeration.com\/fr\/#\/schema\/logo\/image\/","url":"https:\/\/foodaeration.com\/wp-content\/uploads\/2024\/09\/vn_logo-1_google.png","contentUrl":"https:\/\/foodaeration.com\/wp-content\/uploads\/2024\/09\/vn_logo-1_google.png","width":640,"height":394,"caption":"VN food aeration, depositors, pumps, aerators, cake machines"},"image":{"@id":"https:\/\/foodaeration.com\/fr\/#\/schema\/logo\/image\/"},"sameAs":["https:\/\/www.instagram.com\/vnfoodaeration\/","https:\/\/www.facebook.com\/people\/VN-Foodaeration\/","https:\/\/www.linkedin.com\/company\/vn-food-aeration\/"]}]}},"_links":{"self":[{"href":"https:\/\/foodaeration.com\/fr\/wp-json\/wp\/v2\/pages\/1192"}],"collection":[{"href":"https:\/\/foodaeration.com\/fr\/wp-json\/wp\/v2\/pages"}],"about":[{"href":"https:\/\/foodaeration.com\/fr\/wp-json\/wp\/v2\/types\/page"}],"author":[{"embeddable":true,"href":"https:\/\/foodaeration.com\/fr\/wp-json\/wp\/v2\/users\/9"}],"replies":[{"embeddable":true,"href":"https:\/\/foodaeration.com\/fr\/wp-json\/wp\/v2\/comments?post=1192"}],"version-history":[{"count":18,"href":"https:\/\/foodaeration.com\/fr\/wp-json\/wp\/v2\/pages\/1192\/revisions"}],"predecessor-version":[{"id":3848,"href":"https:\/\/foodaeration.com\/fr\/wp-json\/wp\/v2\/pages\/1192\/revisions\/3848"}],"wp:attachment":[{"href":"https:\/\/foodaeration.com\/fr\/wp-json\/wp\/v2\/media?parent=1192"}],"curies":[{"name":"wp","href":"https:\/\/api.w.org\/{rel}","templated":true}]}}