{"id":3865,"date":"2020-04-17T14:52:27","date_gmt":"2020-04-17T12:52:27","guid":{"rendered":"https:\/\/foodaeration.com\/bizcocho-genoves\/"},"modified":"2025-08-31T13:07:09","modified_gmt":"2025-08-31T11:07:09","slug":"bizcocho-genoves","status":"publish","type":"page","link":"https:\/\/foodaeration.com\/es\/bizcocho-genoves\/","title":{"rendered":"BIZCOCHO GENOVES"},"content":{"rendered":"<section  class=\"section swatch-blue-white section-nopadding \" ><div class=\"background-media\" style=\"background-image:url('https:\/\/foodaeration.com\/wp-content\/uploads\/2019\/12\/4I3B3460-copia.jpg');background-repeat:no-repeat;background-size:cover;background-attachment:fixed;background-position:center 0%;\"><\/div><div class=\"background-overlay\" style=\"\"><\/div><div class=\"container\"><div class=\"row vertical-top\"><div class=\"col-md-12  text-default\" >[vc_empty_space height=&#8221;92px&#8221;]<h1 class=\"text-center hyper bold no-bordered-header\">PRODUCTOS<\/h1>[vc_empty_space height=&#8221;92px&#8221;][vc_empty_space]<\/div><\/div><\/div><\/section><section  class=\"section swatch-white-red section-nopadding \" ><div class=\"background-media\"><\/div><div class=\"background-overlay\" style=\"\"><\/div><div class=\"container\"><div class=\"row vertical-top\"><div class=\"col-md-12  text-default\" >[vc_empty_space height=&#8221;64px&#8221;][vc_empty_space]<h1 class=\"text-center normal bold bordered-header\">BIZCOCHO<\/h1><\/div><\/div><\/div><\/section><section  class=\"section swatch-white-blue section-normal \" ><div class=\"background-media\"><\/div><div class=\"background-overlay\" style=\"\"><\/div><div class=\"container\"><div class=\"row vertical-top\"><div class=\"col-md-12  text-default\" ><img decoding=\"async\" alt=\"\" src=\"https:\/\/foodaeration.com\/wp-content\/uploads\/2019\/01\/sponge-cake.png\" class=\"aligncenter\"\/><div class=\"flex max-w-full flex-col flex-grow\">\n<div class=\"min-h-&#091;20px&#093; text-message flex w-full flex-col items-end gap-2 whitespace-pre-wrap break-words &#091;.text-message+&amp;&#093;:mt-5 overflow-x-auto\" dir=\"auto\" data-message-author-role=\"assistant\" data-message-id=\"ef174874-47c6-47e2-9a00-258c800ac089\">\n<div class=\"flex w-full flex-col gap-1 empty:hidden first:pt-&#091;3px&#093;\">\n<div class=\"markdown prose w-full break-words dark:prose-invert light\">\n<p><span style=\"font-size: 20px;\">VN FOODAERATION ofrece<strong data-start=\"212\" data-end=\"266\"> equipos de pasteler\u00eda y panader\u00eda<\/strong> de \u00faltima generaci\u00f3n, dise\u00f1ados para optimizar la producci\u00f3n de pasteles y maximizar la eficiencia. Nuestras soluciones est\u00e1n dirigidas a <strong data-start=\"372\" data-end=\"402\">panader\u00edas industriales<\/strong> que desean aumentar su productividad, garantizar una calidad constante y asegurar la m\u00e1xima precisi\u00f3n en cada etapa del proceso. <\/span><\/p>\n<p><span style=\"font-size: 20px;\">Nuestras Soluciones Clave:<\/span><\/p>\n<ul>\n<li><span style=\"font-size: 20px;\"><strong>Mezcladoras Planetarias y Aireadores (VN02): <\/strong>Sistemas de alto rendimiento que garantizan una preparaci\u00f3n de la masa impecable, con <strong data-start=\"710\" data-end=\"747\">la textura y la consistencia ideales<\/strong> para una amplia variedad de pasteles.<a href=\"https:\/\/foodaeration.com\/es\/aerators\/\">https:\/\/foodaeration.com\/aerators\/<\/a><\/span><\/li>\n<li><span style=\"font-size: 20px;\"><strong>Sistemas de Bombeo (VN14 \/ VN15): <\/strong>Dise\u00f1ados para t<strong data-start=\"902\" data-end=\"939\">ransferir eficientemente las masas<\/strong> a las tolvas, depositarlas sobre bandejas o rellenar directamente los moldes. Estas bombas garantizan <strong data-start=\"1033\" data-end=\"1067\">rapidez, precisi\u00f3n e higiene <\/strong>en producciones de gran volumen. <\/span><span style=\"font-size: 20px;\"> <a href=\"https:\/\/foodaeration.com\/es\/transfer-pumps\/\">https:\/\/foodaeration.com\/transfer-pumps\/<\/a><\/span><\/li>\n<li><span style=\"font-size: 20px;\"><strong>Sistemas de Dosificaci\u00f3n y Acabado (Accesorios VN20): <\/strong>Herramientas de alta precisi\u00f3n para la <strong data-start=\"1290\" data-end=\"1321\">producci\u00f3n de pasteles redondos<\/strong>, que permiten la aplicaci\u00f3n automatizada de rellenos, el glaseado y las decoraciones detalladas, obteniendo resultados siempre <strong data-start=\"1446\" data-end=\"1472\">constantes y uniformes.<\/strong> <a href=\"https:\/\/foodaeration.com\/es\/attachments\/\">https:\/\/foodaeration.com\/attachments\/<\/a><\/span><\/li>\n<\/ul>\n<p><span style=\"font-size: 18px;\"><span style=\"font-size: 20px;\"><strong>Por Qu\u00e9 Elegir VN FOODAERATION?<\/strong><\/span><\/span><\/p>\n<p><span style=\"font-size: 20px;\">Ya sea que desee <strong data-start=\"1607\" data-end=\"1638\">automatizar un solo paso<\/strong> o <strong data-start=\"1642\" data-end=\"1694\">implementar una l\u00ednea de producci\u00f3n completa<\/strong>, nuestro equipo ofrece <strong data-start=\"1721\" data-end=\"1749\">soluciones personalizadas <\/strong>adaptadas a sus objetivos de producci\u00f3n.<\/span><\/p>\n<p><span style=\"font-size: 20px;\"><strong data-start=\"1796\" data-end=\"1830\">Cont\u00e1ctenos hoy mismo <\/strong>para hablar sobre c\u00f3mo podemos ayudarle a optimizar su eficiencia y desarrollar la automatizaci\u00f3n de su panader\u00eda.<\/span><\/p>\n<\/div>\n<\/div>\n<\/div>\n<\/div>\n<\/div><\/div><\/div><\/section><section  class=\"section swatch-white-red section-normal \" ><div class=\"background-media\"><\/div><div class=\"background-overlay\" style=\"\"><\/div><div class=\"container\"><div class=\"row vertical-top\"><div class=\"col-md-12  text-default\" ><h1 class=\"text-center normal regular bordered-header\">SPONGE CAKE production<\/h1><div class=\"row \"><div class=\"col-md-6  text-default\" >[vc_video link=&#8221;https:\/\/youtu.be\/rArRLdpOtFQ&#8221;]<\/div><div class=\"col-md-6  text-default\" >[vc_video link=&#8221;https:\/\/youtu.be\/FSL_NLhECoI&#8221;]<\/div><\/div><\/div><\/div><\/div><\/section>\n","protected":false},"excerpt":{"rendered":"[vc_empty_space height=\"92px\"]PRODUCTOS[vc_empty_space height=\"92px\"][vc_empty_space][vc_empty_space height=\"64px\"][vc_empty_space]BIZCOCHO VN FOODAERATION ofrece equipos de pasteler\u00eda y panader\u00eda de \u00faltima generaci\u00f3n, dise\u00f1ados para optimizar la producci\u00f3n de pasteles y maximizar la eficiencia. Nuestras soluciones est\u00e1n dirigidas a panader\u00edas industriales que desean aumentar su productividad, garantizar una calidad constante y asegurar la m\u00e1xima precisi\u00f3n en cada etapa del proceso. Nuestras Soluciones Clave:","protected":false},"author":9,"featured_media":0,"parent":0,"menu_order":0,"comment_status":"closed","ping_status":"closed","template":"","meta":{"_joinchat":[],"footnotes":""},"yoast_head":"<!-- This site is optimized with the Yoast SEO plugin v23.1 - https:\/\/yoast.com\/wordpress\/plugins\/seo\/ -->\n<title>BIZCOCHO GENOVES - VN food aeration, depositors, pumps, aerators, cake machines<\/title>\n<meta name=\"description\" content=\"Produce el mejor bizcocho, artesanal o industrial, con las m\u00e1quinas VN: fiables, eficientes y dise\u00f1adas para garantizar resultados perfectos en cada ciclo de producci\u00f3n.\" \/>\n<meta name=\"robots\" content=\"index, follow, max-snippet:-1, max-image-preview:large, max-video-preview:-1\" \/>\n<link rel=\"canonical\" href=\"https:\/\/foodaeration.com\/es\/bizcocho-genoves\/\" \/>\n<meta property=\"og:locale\" content=\"en_US\" \/>\n<meta property=\"og:type\" content=\"article\" \/>\n<meta property=\"og:title\" content=\"BIZCOCHO GENOVES - VN food aeration, depositors, pumps, aerators, cake machines\" \/>\n<meta property=\"og:description\" content=\"Produce el mejor bizcocho, artesanal o industrial, con las m\u00e1quinas VN: fiables, eficientes y dise\u00f1adas para garantizar resultados perfectos en cada ciclo de producci\u00f3n.\" \/>\n<meta property=\"og:url\" content=\"https:\/\/foodaeration.com\/es\/bizcocho-genoves\/\" \/>\n<meta property=\"og:site_name\" content=\"VN food aeration, depositors, pumps, aerators, cake machines\" \/>\n<meta property=\"article:modified_time\" content=\"2025-08-31T11:07:09+00:00\" \/>\n<meta property=\"og:image\" content=\"https:\/\/foodaeration.com\/wp-content\/uploads\/2022\/05\/TUTTI-I-DOSATORI.jpg\" \/>\n\t<meta property=\"og:image:width\" content=\"392\" \/>\n\t<meta property=\"og:image:height\" content=\"427\" \/>\n\t<meta property=\"og:image:type\" content=\"image\/jpeg\" \/>\n<meta name=\"twitter:card\" content=\"summary_large_image\" \/>\n<meta name=\"twitter:label1\" content=\"Est. reading time\" \/>\n\t<meta name=\"twitter:data1\" content=\"2 minutes\" \/>\n<script type=\"application\/ld+json\" class=\"yoast-schema-graph\">{\"@context\":\"https:\/\/schema.org\",\"@graph\":[{\"@type\":\"WebPage\",\"@id\":\"https:\/\/foodaeration.com\/es\/bizcocho-genoves\/\",\"url\":\"https:\/\/foodaeration.com\/es\/bizcocho-genoves\/\",\"name\":\"BIZCOCHO GENOVES - VN food aeration, depositors, pumps, aerators, cake machines\",\"isPartOf\":{\"@id\":\"https:\/\/foodaeration.com\/es\/#website\"},\"datePublished\":\"2020-04-17T12:52:27+00:00\",\"dateModified\":\"2025-08-31T11:07:09+00:00\",\"description\":\"Produce el mejor bizcocho, artesanal o industrial, con las m\u00e1quinas VN: fiables, eficientes y dise\u00f1adas para garantizar resultados perfectos en cada ciclo de producci\u00f3n.\",\"breadcrumb\":{\"@id\":\"https:\/\/foodaeration.com\/es\/bizcocho-genoves\/#breadcrumb\"},\"inLanguage\":\"en-US\",\"potentialAction\":[{\"@type\":\"ReadAction\",\"target\":[\"https:\/\/foodaeration.com\/es\/bizcocho-genoves\/\"]}]},{\"@type\":\"BreadcrumbList\",\"@id\":\"https:\/\/foodaeration.com\/es\/bizcocho-genoves\/#breadcrumb\",\"itemListElement\":[{\"@type\":\"ListItem\",\"position\":1,\"name\":\"Home\",\"item\":\"https:\/\/foodaeration.com\/es\/\"},{\"@type\":\"ListItem\",\"position\":2,\"name\":\"BIZCOCHO GENOVES\"}]},{\"@type\":\"WebSite\",\"@id\":\"https:\/\/foodaeration.com\/es\/#website\",\"url\":\"https:\/\/foodaeration.com\/es\/\",\"name\":\"VN food aeration\",\"description\":\"Best accuracy ever\",\"publisher\":{\"@id\":\"https:\/\/foodaeration.com\/es\/#organization\"},\"potentialAction\":[{\"@type\":\"SearchAction\",\"target\":{\"@type\":\"EntryPoint\",\"urlTemplate\":\"https:\/\/foodaeration.com\/es\/?s={search_term_string}\"},\"query-input\":\"required name=search_term_string\"}],\"inLanguage\":\"en-US\"},{\"@type\":\"Organization\",\"@id\":\"https:\/\/foodaeration.com\/es\/#organization\",\"name\":\"VN food aeration, depositors, pumps, aerators, cake machines\",\"url\":\"https:\/\/foodaeration.com\/es\/\",\"logo\":{\"@type\":\"ImageObject\",\"inLanguage\":\"en-US\",\"@id\":\"https:\/\/foodaeration.com\/es\/#\/schema\/logo\/image\/\",\"url\":\"https:\/\/foodaeration.com\/wp-content\/uploads\/2024\/09\/vn_logo-1_google.png\",\"contentUrl\":\"https:\/\/foodaeration.com\/wp-content\/uploads\/2024\/09\/vn_logo-1_google.png\",\"width\":640,\"height\":394,\"caption\":\"VN food aeration, depositors, pumps, aerators, cake machines\"},\"image\":{\"@id\":\"https:\/\/foodaeration.com\/es\/#\/schema\/logo\/image\/\"},\"sameAs\":[\"https:\/\/www.instagram.com\/vnfoodaeration\/\",\"https:\/\/www.facebook.com\/people\/VN-Foodaeration\/\",\"https:\/\/www.linkedin.com\/company\/vn-food-aeration\/\"]}]}<\/script>\n<!-- \/ Yoast SEO plugin. -->","yoast_head_json":{"title":"BIZCOCHO GENOVES - VN food aeration, depositors, pumps, aerators, cake machines","description":"Produce el mejor bizcocho, artesanal o industrial, con las m\u00e1quinas VN: fiables, eficientes y dise\u00f1adas para garantizar resultados perfectos en cada ciclo de producci\u00f3n.","robots":{"index":"index","follow":"follow","max-snippet":"max-snippet:-1","max-image-preview":"max-image-preview:large","max-video-preview":"max-video-preview:-1"},"canonical":"https:\/\/foodaeration.com\/es\/bizcocho-genoves\/","og_locale":"en_US","og_type":"article","og_title":"BIZCOCHO GENOVES - VN food aeration, depositors, pumps, aerators, cake machines","og_description":"Produce el mejor bizcocho, artesanal o industrial, con las m\u00e1quinas VN: fiables, eficientes y dise\u00f1adas para garantizar resultados perfectos en cada ciclo de producci\u00f3n.","og_url":"https:\/\/foodaeration.com\/es\/bizcocho-genoves\/","og_site_name":"VN food aeration, depositors, pumps, aerators, cake machines","article_modified_time":"2025-08-31T11:07:09+00:00","og_image":[{"width":392,"height":427,"url":"https:\/\/foodaeration.com\/wp-content\/uploads\/2022\/05\/TUTTI-I-DOSATORI.jpg","type":"image\/jpeg"}],"twitter_card":"summary_large_image","twitter_misc":{"Est. reading time":"2 minutes"},"schema":{"@context":"https:\/\/schema.org","@graph":[{"@type":"WebPage","@id":"https:\/\/foodaeration.com\/es\/bizcocho-genoves\/","url":"https:\/\/foodaeration.com\/es\/bizcocho-genoves\/","name":"BIZCOCHO GENOVES - VN food aeration, depositors, pumps, aerators, cake machines","isPartOf":{"@id":"https:\/\/foodaeration.com\/es\/#website"},"datePublished":"2020-04-17T12:52:27+00:00","dateModified":"2025-08-31T11:07:09+00:00","description":"Produce el mejor bizcocho, artesanal o industrial, con las m\u00e1quinas VN: fiables, eficientes y dise\u00f1adas para garantizar resultados perfectos en cada ciclo de producci\u00f3n.","breadcrumb":{"@id":"https:\/\/foodaeration.com\/es\/bizcocho-genoves\/#breadcrumb"},"inLanguage":"en-US","potentialAction":[{"@type":"ReadAction","target":["https:\/\/foodaeration.com\/es\/bizcocho-genoves\/"]}]},{"@type":"BreadcrumbList","@id":"https:\/\/foodaeration.com\/es\/bizcocho-genoves\/#breadcrumb","itemListElement":[{"@type":"ListItem","position":1,"name":"Home","item":"https:\/\/foodaeration.com\/es\/"},{"@type":"ListItem","position":2,"name":"BIZCOCHO GENOVES"}]},{"@type":"WebSite","@id":"https:\/\/foodaeration.com\/es\/#website","url":"https:\/\/foodaeration.com\/es\/","name":"VN food aeration","description":"Best accuracy ever","publisher":{"@id":"https:\/\/foodaeration.com\/es\/#organization"},"potentialAction":[{"@type":"SearchAction","target":{"@type":"EntryPoint","urlTemplate":"https:\/\/foodaeration.com\/es\/?s={search_term_string}"},"query-input":"required name=search_term_string"}],"inLanguage":"en-US"},{"@type":"Organization","@id":"https:\/\/foodaeration.com\/es\/#organization","name":"VN food aeration, depositors, pumps, aerators, cake machines","url":"https:\/\/foodaeration.com\/es\/","logo":{"@type":"ImageObject","inLanguage":"en-US","@id":"https:\/\/foodaeration.com\/es\/#\/schema\/logo\/image\/","url":"https:\/\/foodaeration.com\/wp-content\/uploads\/2024\/09\/vn_logo-1_google.png","contentUrl":"https:\/\/foodaeration.com\/wp-content\/uploads\/2024\/09\/vn_logo-1_google.png","width":640,"height":394,"caption":"VN food aeration, depositors, pumps, aerators, cake machines"},"image":{"@id":"https:\/\/foodaeration.com\/es\/#\/schema\/logo\/image\/"},"sameAs":["https:\/\/www.instagram.com\/vnfoodaeration\/","https:\/\/www.facebook.com\/people\/VN-Foodaeration\/","https:\/\/www.linkedin.com\/company\/vn-food-aeration\/"]}]}},"_links":{"self":[{"href":"https:\/\/foodaeration.com\/es\/wp-json\/wp\/v2\/pages\/3865"}],"collection":[{"href":"https:\/\/foodaeration.com\/es\/wp-json\/wp\/v2\/pages"}],"about":[{"href":"https:\/\/foodaeration.com\/es\/wp-json\/wp\/v2\/types\/page"}],"author":[{"embeddable":true,"href":"https:\/\/foodaeration.com\/es\/wp-json\/wp\/v2\/users\/9"}],"replies":[{"embeddable":true,"href":"https:\/\/foodaeration.com\/es\/wp-json\/wp\/v2\/comments?post=3865"}],"version-history":[{"count":2,"href":"https:\/\/foodaeration.com\/es\/wp-json\/wp\/v2\/pages\/3865\/revisions"}],"predecessor-version":[{"id":3872,"href":"https:\/\/foodaeration.com\/es\/wp-json\/wp\/v2\/pages\/3865\/revisions\/3872"}],"wp:attachment":[{"href":"https:\/\/foodaeration.com\/es\/wp-json\/wp\/v2\/media?parent=3865"}],"curies":[{"name":"wp","href":"https:\/\/api.w.org\/{rel}","templated":true}]}}