{"id":2968,"date":"2022-07-13T12:31:33","date_gmt":"2022-07-13T10:31:33","guid":{"rendered":"https:\/\/foodaeration.com\/multidroppy\/"},"modified":"2024-10-16T17:09:17","modified_gmt":"2024-10-16T15:09:17","slug":"multidroppy","status":"publish","type":"page","link":"https:\/\/foodaeration.com\/es\/multidroppy\/","title":{"rendered":"MULTIDROPPY"},"content":{"rendered":"<section  class=\"section swatch-white-red section-normal \" ><div class=\"background-media\"><\/div><div class=\"background-overlay\" style=\"\"><\/div><div class=\"container\"><div class=\"row vertical-top\"><div class=\"col-md-6  text-default\" ><h1 style=\"text-align: center;\"><strong>MULTIDROPPY <\/strong><\/h1>\n<p style=\"text-align: center;\"><strong>VN08<\/strong> (6 PORTS) <strong>VN10<\/strong> (8 PORTS)<\/p>\n<h2 style=\"text-align: center;\">PNEUMATIC DEPOSITOR (PATENTED)<\/h2>\n<h2 style=\"text-align: center;\">\u00a0<\/h2>\n<\/div><div class=\"col-md-6  text-default\" >[vc_video link=&#8221;https:\/\/www.youtube.com\/watch?v=ToUiFVAL05k&#8221;]<\/div><\/div><\/div><\/section><section  class=\"section swatch-white-red section-normal \" ><div class=\"background-media\"><\/div><div class=\"background-overlay\" style=\"\"><\/div><div class=\"container\"><div class=\"row vertical-top\"><div class=\"col-md-6  text-default\" ><img decoding=\"async\" alt=\"\" src=\"https:\/\/foodaeration.com\/wp-content\/uploads\/2022\/05\/20211222_105342_modificata-979x1024.png\" class=\"alignnone\"\/><\/div><div class=\"col-md-6  text-default\" ><ul>\n<li>\n<h3><span style=\"font-size: 18px;\">Beneficios <\/span><\/h3>\n<h3><span style=\"font-size: 18px;\">&#8211; Todo en acero inoxidable <\/span><\/h3>\n<h3><span style=\"font-size: 18px;\">&#8211; Personalizable y adecuado para cualquier producto fluido y l\u00edquido <\/span><\/h3>\n<h3><span style=\"font-size: 18px;\">&#8211; Todas las piezas est\u00e1n dise\u00f1adas para simplificar las operaciones de limpieza, mantenimiento y desmontaje <\/span><\/h3>\n<h3><span style=\"font-size: 18px;\">&#8211; Apto para productos alimenticios, qu\u00edmicos, cosm\u00e9ticos y farmac\u00e9uticos <\/span><\/h3>\n<h3><span style=\"font-size: 18px;\">&#8211; M\u00e1xima precisi\u00f3n y constancia <\/span><\/h3>\n<h3><span style=\"font-size: 18px;\">&#8211; SUCCI\u00d3N ANTI-GOTEOS <\/span><\/h3>\n<h3><span style=\"font-size: 18px;\">&#8211; Diferentes boquillas disponibles<\/span><\/h3>\n<\/li>\n<li>\n<h3><span style=\"font-size: 18px;\">Caracter\u00edsticas <\/span><\/h3>\n<h3><span style=\"font-size: 18px;\">&#8211; 6 porciones: VN08 <\/span><\/h3>\n<h3><span style=\"font-size: 18px;\">&#8211; 8 porciones: VN10 <\/span><\/h3>\n<h3><span style=\"font-size: 18px;\">&#8211; Soporte en voladizo ajustable en altura <\/span><\/h3>\n<h3><span style=\"font-size: 18px;\">&#8211; Tolva de 50 litros (14 galones) <\/span><\/h3>\n<h3><span style=\"font-size: 18px;\">&#8211; Opci\u00f3n: tolva calefaccionada (30 \u00b0C &#8211; 90 \u00b0C) <\/span><\/h3>\n<h3><span style=\"font-size: 18px;\">&#8211; Opci\u00f3n: tolva refrigerada (hasta 4 \u00b0C) <\/span><\/h3>\n<h3><span style=\"font-size: 18px;\">&#8211; Opci\u00f3n: integraci\u00f3n a una l\u00ednea de transporte<\/span><\/h3>\n<\/li>\n<\/ul>\n<\/div><\/div><\/div><\/section><section  class=\"section swatch-white-red section-normal \" ><div class=\"background-media\"><\/div><div class=\"background-overlay\" style=\"\"><\/div><div class=\"container\"><div class=\"row vertical-top\"><div class=\"col-md-4  text-default\" ><img decoding=\"async\" alt=\"\" src=\"https:\/\/foodaeration.com\/wp-content\/uploads\/2022\/04\/pneum-only.png\" class=\"aligncenter\"\/><h1>\u00a0<\/h1>\n<h1 style=\"text-align: center;\"><strong>SIN RISGO ELE<\/strong><strong>CTRICO<\/strong><\/h1>\n<\/div><div class=\"col-md-4  text-default\" ><img decoding=\"async\" alt=\"\" src=\"https:\/\/foodaeration.com\/wp-content\/uploads\/2022\/04\/HIGH_SPEED-268x300.jpg\" class=\"aligncenter\"\/><h1 style=\"text-align: center;\"><strong>ALTA PERFORMANCE CON TROZOS Y MASAS DENSA<\/strong>S<\/h1>\n<\/div><div class=\"col-md-4  text-default\" ><img decoding=\"async\" alt=\"\" src=\"https:\/\/foodaeration.com\/wp-content\/uploads\/2022\/04\/ANTIDRIP-e1727252623366.jpg\" class=\"aligncenter\"\/><h1>\u00a0<\/h1>\n<h1 style=\"text-align: center;\"><strong>SISTEMA ANTI-GOTEOS PATENTADO<\/strong><\/h1>\n<\/div><\/div><\/div><\/section><section  class=\"section swatch-white-red section-normal \" ><div class=\"background-media\"><\/div><div class=\"background-overlay\" style=\"\"><\/div><div class=\"container\"><div class=\"row vertical-top\"><div class=\"col-md-12  text-default\" >[vc_empty_space][vc_empty_space]<h1 style=\"text-align: center;\">Technical Specifications<\/h1>\n<img decoding=\"async\" alt=\"\" src=\"https:\/\/foodaeration.com\/wp-content\/uploads\/2022\/07\/tech_spech_1.png\" class=\"aligncenter\"\/><img decoding=\"async\" alt=\"\" src=\"https:\/\/foodaeration.com\/wp-content\/uploads\/2022\/07\/tech_spech_2.png\" class=\"aligncenter\"\/><\/div><\/div><\/div><\/section><section  class=\"section swatch-white-red section-normal \" ><div class=\"background-media\"><\/div><div class=\"background-overlay\" style=\"\"><\/div><div class=\"container\"><div class=\"row vertical-top\"><div class=\"col-md-12  text-default\" ><h1 style=\"text-align: center;\"><strong>DESCARGAR CATALOGO MULTIDROPPY A CONTINUACI\u00d3N<\/strong><\/h1>\n<div class=\"wp-block-buttons is-content-justification-center is-layout-flex wp-container-core-buttons-is-layout-1 wp-block-buttons-is-layout-flex\">\n<div class=\"wp-block-button is-style-fill\"><span style=\"font-size: 21px;\"><a class=\"wp-block-button__link has-vivid-green-cyan-background-color has-background has-text-align-center wp-element-button\" href=\"https:\/\/foodaeration.com\/wp-content\/uploads\/2024\/10\/VN_BROCHURE_MULTIDROPPY_VN08_VN10.pdf\">DESCARGAR<\/a><\/span><\/div>\n<\/div>\n<p>&nbsp;<\/p>\n<\/div><\/div><\/div><\/section><section  class=\"section swatch-white-red section-nopadding \" ><div class=\"background-media\"><\/div><div class=\"background-overlay\" style=\"\"><\/div><div class=\"container\"><div class=\"row vertical-top\"><div class=\"col-md-12  text-default\" >[vc_empty_space]<\/div><\/div><\/div><\/section>","protected":false},"excerpt":{"rendered":"MULTIDROPPY VN08 (6 PORTS) VN10 (8 PORTS) PNEUMATIC DEPOSITOR (PATENTED) \u00a0 [vc_video link=\"https:\/\/www.youtube.com\/watch?v=ToUiFVAL05k\"] Beneficios - Todo en acero inoxidable - Personalizable y adecuado para cualquier producto fluido y l\u00edquido - Todas las piezas est\u00e1n dise\u00f1adas para simplificar las operaciones de limpieza, mantenimiento y desmontaje - Apto para productos alimenticios, qu\u00edmicos, cosm\u00e9ticos y farmac\u00e9uticos - M\u00e1xima","protected":false},"author":9,"featured_media":0,"parent":0,"menu_order":0,"comment_status":"closed","ping_status":"closed","template":"","meta":{"_joinchat":[],"footnotes":""},"yoast_head":"<!-- This site is optimized with the Yoast SEO plugin v23.1 - https:\/\/yoast.com\/wordpress\/plugins\/seo\/ -->\n<title>MULTIDROPPY - VN food aeration, depositors, pumps, aerators, cake machines MULTIDROPPY<\/title>\n<meta name=\"description\" content=\"the best industrial dosifier for jam creams gel; no drips patented system is tailored to ensure accurate filling and prevent leaks, drips, or waste. %\" \/>\n<meta name=\"robots\" content=\"index, follow, max-snippet:-1, max-image-preview:large, max-video-preview:-1\" \/>\n<link rel=\"canonical\" href=\"https:\/\/foodaeration.com\/es\/multidroppy\/\" \/>\n<meta property=\"og:locale\" content=\"en_US\" \/>\n<meta property=\"og:type\" content=\"article\" \/>\n<meta property=\"og:title\" content=\"MULTIDROPPY - VN food aeration, depositors, pumps, aerators, cake machines MULTIDROPPY\" \/>\n<meta property=\"og:description\" content=\"the best industrial dosifier for jam creams gel; no drips patented system is tailored to ensure accurate filling and prevent leaks, drips, or waste. %\" \/>\n<meta property=\"og:url\" content=\"https:\/\/foodaeration.com\/es\/multidroppy\/\" \/>\n<meta property=\"og:site_name\" content=\"VN food aeration, depositors, pumps, aerators, cake machines\" \/>\n<meta property=\"article:modified_time\" content=\"2024-10-16T15:09:17+00:00\" \/>\n<meta property=\"og:image\" content=\"https:\/\/foodaeration.com\/wp-content\/uploads\/2022\/05\/TUTTI-I-DOSATORI.jpg\" \/>\n\t<meta property=\"og:image:width\" content=\"392\" \/>\n\t<meta property=\"og:image:height\" content=\"427\" \/>\n\t<meta property=\"og:image:type\" content=\"image\/jpeg\" \/>\n<meta name=\"twitter:card\" content=\"summary_large_image\" \/>\n<meta name=\"twitter:label1\" content=\"Est. reading time\" \/>\n\t<meta name=\"twitter:data1\" content=\"1 minute\" \/>\n<script type=\"application\/ld+json\" class=\"yoast-schema-graph\">{\"@context\":\"https:\/\/schema.org\",\"@graph\":[{\"@type\":\"WebPage\",\"@id\":\"https:\/\/foodaeration.com\/es\/multidroppy\/\",\"url\":\"https:\/\/foodaeration.com\/es\/multidroppy\/\",\"name\":\"MULTIDROPPY - VN food aeration, depositors, pumps, aerators, cake machines MULTIDROPPY\",\"isPartOf\":{\"@id\":\"https:\/\/foodaeration.com\/es\/#website\"},\"datePublished\":\"2022-07-13T10:31:33+00:00\",\"dateModified\":\"2024-10-16T15:09:17+00:00\",\"description\":\"the best industrial dosifier for jam creams gel; no drips patented system is tailored to ensure accurate filling and prevent leaks, drips, or waste. %\",\"breadcrumb\":{\"@id\":\"https:\/\/foodaeration.com\/es\/multidroppy\/#breadcrumb\"},\"inLanguage\":\"en-US\",\"potentialAction\":[{\"@type\":\"ReadAction\",\"target\":[\"https:\/\/foodaeration.com\/es\/multidroppy\/\"]}]},{\"@type\":\"BreadcrumbList\",\"@id\":\"https:\/\/foodaeration.com\/es\/multidroppy\/#breadcrumb\",\"itemListElement\":[{\"@type\":\"ListItem\",\"position\":1,\"name\":\"Home\",\"item\":\"https:\/\/foodaeration.com\/es\/\"},{\"@type\":\"ListItem\",\"position\":2,\"name\":\"MULTIDROPPY\"}]},{\"@type\":\"WebSite\",\"@id\":\"https:\/\/foodaeration.com\/es\/#website\",\"url\":\"https:\/\/foodaeration.com\/es\/\",\"name\":\"VN food aeration\",\"description\":\"Best accuracy ever\",\"publisher\":{\"@id\":\"https:\/\/foodaeration.com\/es\/#organization\"},\"potentialAction\":[{\"@type\":\"SearchAction\",\"target\":{\"@type\":\"EntryPoint\",\"urlTemplate\":\"https:\/\/foodaeration.com\/es\/?s={search_term_string}\"},\"query-input\":\"required name=search_term_string\"}],\"inLanguage\":\"en-US\"},{\"@type\":\"Organization\",\"@id\":\"https:\/\/foodaeration.com\/es\/#organization\",\"name\":\"VN food aeration, depositors, pumps, aerators, cake machines\",\"url\":\"https:\/\/foodaeration.com\/es\/\",\"logo\":{\"@type\":\"ImageObject\",\"inLanguage\":\"en-US\",\"@id\":\"https:\/\/foodaeration.com\/es\/#\/schema\/logo\/image\/\",\"url\":\"https:\/\/foodaeration.com\/wp-content\/uploads\/2024\/09\/vn_logo-1_google.png\",\"contentUrl\":\"https:\/\/foodaeration.com\/wp-content\/uploads\/2024\/09\/vn_logo-1_google.png\",\"width\":640,\"height\":394,\"caption\":\"VN food aeration, depositors, pumps, aerators, cake machines\"},\"image\":{\"@id\":\"https:\/\/foodaeration.com\/es\/#\/schema\/logo\/image\/\"},\"sameAs\":[\"https:\/\/www.instagram.com\/vnfoodaeration\/\",\"https:\/\/www.facebook.com\/people\/VN-Foodaeration\/\",\"https:\/\/www.linkedin.com\/company\/vn-food-aeration\/\"]}]}<\/script>\n<!-- \/ Yoast SEO plugin. -->","yoast_head_json":{"title":"MULTIDROPPY - VN food aeration, depositors, pumps, aerators, cake machines MULTIDROPPY","description":"the best industrial dosifier for jam creams gel; no drips patented system is tailored to ensure accurate filling and prevent leaks, drips, or waste. %","robots":{"index":"index","follow":"follow","max-snippet":"max-snippet:-1","max-image-preview":"max-image-preview:large","max-video-preview":"max-video-preview:-1"},"canonical":"https:\/\/foodaeration.com\/es\/multidroppy\/","og_locale":"en_US","og_type":"article","og_title":"MULTIDROPPY - VN food aeration, depositors, pumps, aerators, cake machines MULTIDROPPY","og_description":"the best industrial dosifier for jam creams gel; no drips patented system is tailored to ensure accurate filling and prevent leaks, drips, or waste. %","og_url":"https:\/\/foodaeration.com\/es\/multidroppy\/","og_site_name":"VN food aeration, depositors, pumps, aerators, cake machines","article_modified_time":"2024-10-16T15:09:17+00:00","og_image":[{"width":392,"height":427,"url":"https:\/\/foodaeration.com\/wp-content\/uploads\/2022\/05\/TUTTI-I-DOSATORI.jpg","type":"image\/jpeg"}],"twitter_card":"summary_large_image","twitter_misc":{"Est. reading time":"1 minute"},"schema":{"@context":"https:\/\/schema.org","@graph":[{"@type":"WebPage","@id":"https:\/\/foodaeration.com\/es\/multidroppy\/","url":"https:\/\/foodaeration.com\/es\/multidroppy\/","name":"MULTIDROPPY - VN food aeration, depositors, pumps, aerators, cake machines MULTIDROPPY","isPartOf":{"@id":"https:\/\/foodaeration.com\/es\/#website"},"datePublished":"2022-07-13T10:31:33+00:00","dateModified":"2024-10-16T15:09:17+00:00","description":"the best industrial dosifier for jam creams gel; no drips patented system is tailored to ensure accurate filling and prevent leaks, drips, or waste. %","breadcrumb":{"@id":"https:\/\/foodaeration.com\/es\/multidroppy\/#breadcrumb"},"inLanguage":"en-US","potentialAction":[{"@type":"ReadAction","target":["https:\/\/foodaeration.com\/es\/multidroppy\/"]}]},{"@type":"BreadcrumbList","@id":"https:\/\/foodaeration.com\/es\/multidroppy\/#breadcrumb","itemListElement":[{"@type":"ListItem","position":1,"name":"Home","item":"https:\/\/foodaeration.com\/es\/"},{"@type":"ListItem","position":2,"name":"MULTIDROPPY"}]},{"@type":"WebSite","@id":"https:\/\/foodaeration.com\/es\/#website","url":"https:\/\/foodaeration.com\/es\/","name":"VN food aeration","description":"Best accuracy ever","publisher":{"@id":"https:\/\/foodaeration.com\/es\/#organization"},"potentialAction":[{"@type":"SearchAction","target":{"@type":"EntryPoint","urlTemplate":"https:\/\/foodaeration.com\/es\/?s={search_term_string}"},"query-input":"required name=search_term_string"}],"inLanguage":"en-US"},{"@type":"Organization","@id":"https:\/\/foodaeration.com\/es\/#organization","name":"VN food aeration, depositors, pumps, aerators, cake machines","url":"https:\/\/foodaeration.com\/es\/","logo":{"@type":"ImageObject","inLanguage":"en-US","@id":"https:\/\/foodaeration.com\/es\/#\/schema\/logo\/image\/","url":"https:\/\/foodaeration.com\/wp-content\/uploads\/2024\/09\/vn_logo-1_google.png","contentUrl":"https:\/\/foodaeration.com\/wp-content\/uploads\/2024\/09\/vn_logo-1_google.png","width":640,"height":394,"caption":"VN food aeration, depositors, pumps, aerators, cake machines"},"image":{"@id":"https:\/\/foodaeration.com\/es\/#\/schema\/logo\/image\/"},"sameAs":["https:\/\/www.instagram.com\/vnfoodaeration\/","https:\/\/www.facebook.com\/people\/VN-Foodaeration\/","https:\/\/www.linkedin.com\/company\/vn-food-aeration\/"]}]}},"_links":{"self":[{"href":"https:\/\/foodaeration.com\/es\/wp-json\/wp\/v2\/pages\/2968"}],"collection":[{"href":"https:\/\/foodaeration.com\/es\/wp-json\/wp\/v2\/pages"}],"about":[{"href":"https:\/\/foodaeration.com\/es\/wp-json\/wp\/v2\/types\/page"}],"author":[{"embeddable":true,"href":"https:\/\/foodaeration.com\/es\/wp-json\/wp\/v2\/users\/9"}],"replies":[{"embeddable":true,"href":"https:\/\/foodaeration.com\/es\/wp-json\/wp\/v2\/comments?post=2968"}],"version-history":[{"count":8,"href":"https:\/\/foodaeration.com\/es\/wp-json\/wp\/v2\/pages\/2968\/revisions"}],"predecessor-version":[{"id":2993,"href":"https:\/\/foodaeration.com\/es\/wp-json\/wp\/v2\/pages\/2968\/revisions\/2993"}],"wp:attachment":[{"href":"https:\/\/foodaeration.com\/es\/wp-json\/wp\/v2\/media?parent=2968"}],"curies":[{"name":"wp","href":"https:\/\/api.w.org\/{rel}","templated":true}]}}