{"id":3892,"date":"2024-11-27T18:19:53","date_gmt":"2024-11-27T17:19:53","guid":{"rendered":"https:\/\/foodaeration.com\/panettone\/"},"modified":"2025-11-06T16:43:30","modified_gmt":"2025-11-06T15:43:30","slug":"panettone","status":"publish","type":"page","link":"https:\/\/foodaeration.com\/de\/panettone\/","title":{"rendered":"PANETTONE"},"content":{"rendered":"<section  class=\"section swatch-white-red section-normal \" ><div class=\"background-media\"><\/div><div class=\"background-overlay\" style=\"\"><\/div><div class=\"container\"><div class=\"row vertical-top\"><div class=\"col-md-6  text-default\" ><h1 style=\"text-align: center;\">AUFSATZ ZUM F\u00dcLLEN VON KUCHEN<\/h1>\n<div class=\"flex-shrink-0 flex flex-col relative items-end\">\n<div>\n<div class=\"pt-0\">\n<div class=\"gizmo-bot-avatar flex h-8 w-8 items-center justify-center overflow-hidden rounded-full\">\n<h2><\/h2>\n<h2 class=\"relative p-1 rounded-sm flex items-center justify-center bg-token-main-surface-primary text-token-text-primary h-8 w-8\"><span style=\"font-size: 18px;\"><strong>Neue D\u00fcse f\u00fcr Minidroppy: Pr\u00e4zision und Vielseitigkeit zum F\u00fcllen Ihrer Backwaren<\/strong><\/span><\/h2>\n<\/div>\n<\/div>\n<\/div>\n<\/div>\n<div class=\"group\/conversation-turn relative flex w-full min-w-0 flex-col agent-turn\">\n<div class=\"flex-col gap-1 md:gap-3\">\n<div class=\"flex max-w-full flex-col flex-grow\">\n<div class=\"min-h-8 text-message flex w-full flex-col items-end gap-2 whitespace-normal break-words &#091;.text-message+&amp;&#093;:mt-5\" dir=\"auto\" data-message-author-role=\"assistant\" data-message-id=\"fe641ee7-1c86-4067-b4fd-ba03f3d4decd\" data-message-model-slug=\"gpt-4o\">\n<div class=\"flex w-full flex-col gap-1 empty:hidden first:pt-&#091;3px&#093;\">\n<div class=\"markdown prose w-full break-words dark:prose-invert light\">\n<p>D<span style=\"font-size: 16px;\">Entdecken Sie die innovative D\u00fcse f\u00fcr Minidroppy, entwickelt, um das Bef\u00fcllen von Cremes, Schokolade, Nutella und anderen F\u00fcllungen in Ihren handwerklichen Kreationen zu revolutionieren. Perfekt f\u00fcr Panettone, Pandoro, Focaccia und viele andere Backwaren. <\/span><\/p>\n<p><span style=\"font-size: 16px;\">Dank seiner fortschrittlichen Technologie gew\u00e4hrleistet die D\u00fcse:<\/span><\/p>\n<ul>\n<li><span style=\"font-size: 16px;\"><strong>Maximale Pr\u00e4zision <\/strong>beim Dosieren f\u00fcr gleichm\u00e4\u00dfige und makellose Ergebnisse.<\/span><\/li>\n<li><span style=\"font-size: 16px;\"><strong>Vollst\u00e4ndige Anpassungsf\u00e4higkeit<\/strong>, ideal f\u00fcr F\u00fcllungen unterschiedlicher Konsistenzen.<\/span><\/li>\n<li><span style=\"font-size: 16px;\"><strong>Saubere und einfache Handhabung<\/strong>, die Ihren Arbeitsablauf optimiert und Abfall vermeidet.<\/span><\/li>\n<\/ul>\n<p><span style=\"font-size: 16px;\">Die neue D\u00fcse f\u00fcr Minidroppy ist Ihr ultimatives Werkzeug, um die Produktivit\u00e4t Ihrer B\u00e4ckerei zu steigern, ohne die handwerkliche Qualit\u00e4t zu beeintr\u00e4chtigen. <strong>Ein unverzichtbarer Partner, um Ihre Produktion auf die n\u00e4chste Stufe zu heben.<\/strong><\/span><\/p>\n<\/div>\n<\/div>\n<\/div>\n<\/div>\n<\/div>\n<\/div>\n<p style=\"text-align: center;\">\n<\/div><div class=\"col-md-6  text-default\" ><img decoding=\"async\" alt=\"\" src=\"https:\/\/foodaeration.com\/wp-content\/uploads\/2025\/11\/attachment_panettone_8-out-1-e1762443291842.png\" class=\"alignnone\"\/><\/div><\/div><\/div><\/section><section  class=\"section swatch-white-red section-normal \" ><div class=\"background-media\"><\/div><div class=\"background-overlay\" style=\"\"><\/div><div class=\"container\"><div class=\"row vertical-top\"><div class=\"col-md-6  text-default\" >[vc_video link=&#8220;https:\/\/youtu.be\/HIL6vvwKF3E&#8220;]<\/div><div class=\"col-md-6  text-default\" >[vc_video link=&#8220;https:\/\/youtu.be\/6eVJ0gyjSu0&#8243;]<\/div><\/div><\/div><\/section><div class=\"col-md-12  text-default\" ><\/div>\n","protected":false},"excerpt":{"rendered":"AUFSATZ ZUM F\u00dcLLEN VON KUCHEN Neue D\u00fcse f\u00fcr Minidroppy: Pr\u00e4zision und Vielseitigkeit zum F\u00fcllen Ihrer Backwaren DEntdecken Sie die innovative D\u00fcse f\u00fcr Minidroppy, entwickelt, um das Bef\u00fcllen von Cremes, Schokolade, Nutella und anderen F\u00fcllungen in Ihren handwerklichen Kreationen zu revolutionieren. Perfekt f\u00fcr Panettone, Pandoro, Focaccia und viele andere Backwaren. Dank seiner fortschrittlichen Technologie gew\u00e4hrleistet die","protected":false},"author":9,"featured_media":0,"parent":0,"menu_order":0,"comment_status":"closed","ping_status":"closed","template":"","meta":{"_joinchat":[],"footnotes":""},"yoast_head":"<!-- This site is optimized with the Yoast SEO plugin v23.1 - https:\/\/yoast.com\/wordpress\/plugins\/seo\/ -->\n<title>PANETTONE - VN food aeration, depositors, pumps, aerators, cake machines<\/title>\n<meta name=\"robots\" content=\"index, follow, max-snippet:-1, max-image-preview:large, max-video-preview:-1\" \/>\n<link rel=\"canonical\" href=\"https:\/\/foodaeration.com\/de\/panettone\/\" \/>\n<meta property=\"og:locale\" content=\"en_US\" \/>\n<meta property=\"og:type\" content=\"article\" \/>\n<meta property=\"og:title\" content=\"PANETTONE - VN food aeration, depositors, pumps, aerators, cake machines\" \/>\n<meta property=\"og:url\" content=\"https:\/\/foodaeration.com\/de\/panettone\/\" \/>\n<meta property=\"og:site_name\" content=\"VN food aeration, depositors, pumps, aerators, cake machines\" \/>\n<meta property=\"article:modified_time\" content=\"2025-11-06T15:43:30+00:00\" \/>\n<meta property=\"og:image\" content=\"https:\/\/foodaeration.com\/wp-content\/uploads\/2022\/05\/TUTTI-I-DOSATORI.jpg\" \/>\n\t<meta property=\"og:image:width\" content=\"392\" \/>\n\t<meta property=\"og:image:height\" content=\"427\" \/>\n\t<meta property=\"og:image:type\" content=\"image\/jpeg\" \/>\n<meta name=\"twitter:card\" content=\"summary_large_image\" \/>\n<meta name=\"twitter:label1\" content=\"Est. reading time\" \/>\n\t<meta name=\"twitter:data1\" content=\"1 minute\" \/>\n<script type=\"application\/ld+json\" class=\"yoast-schema-graph\">{\"@context\":\"https:\/\/schema.org\",\"@graph\":[{\"@type\":\"WebPage\",\"@id\":\"https:\/\/foodaeration.com\/de\/panettone\/\",\"url\":\"https:\/\/foodaeration.com\/de\/panettone\/\",\"name\":\"PANETTONE - VN food aeration, depositors, pumps, aerators, cake machines\",\"isPartOf\":{\"@id\":\"https:\/\/foodaeration.com\/de\/#website\"},\"datePublished\":\"2024-11-27T17:19:53+00:00\",\"dateModified\":\"2025-11-06T15:43:30+00:00\",\"breadcrumb\":{\"@id\":\"https:\/\/foodaeration.com\/de\/panettone\/#breadcrumb\"},\"inLanguage\":\"en-US\",\"potentialAction\":[{\"@type\":\"ReadAction\",\"target\":[\"https:\/\/foodaeration.com\/de\/panettone\/\"]}]},{\"@type\":\"BreadcrumbList\",\"@id\":\"https:\/\/foodaeration.com\/de\/panettone\/#breadcrumb\",\"itemListElement\":[{\"@type\":\"ListItem\",\"position\":1,\"name\":\"Home\",\"item\":\"https:\/\/foodaeration.com\/de\/\"},{\"@type\":\"ListItem\",\"position\":2,\"name\":\"PANETTONE\"}]},{\"@type\":\"WebSite\",\"@id\":\"https:\/\/foodaeration.com\/de\/#website\",\"url\":\"https:\/\/foodaeration.com\/de\/\",\"name\":\"VN food aeration\",\"description\":\"Best accuracy ever\",\"publisher\":{\"@id\":\"https:\/\/foodaeration.com\/de\/#organization\"},\"potentialAction\":[{\"@type\":\"SearchAction\",\"target\":{\"@type\":\"EntryPoint\",\"urlTemplate\":\"https:\/\/foodaeration.com\/de\/?s={search_term_string}\"},\"query-input\":\"required name=search_term_string\"}],\"inLanguage\":\"en-US\"},{\"@type\":\"Organization\",\"@id\":\"https:\/\/foodaeration.com\/de\/#organization\",\"name\":\"VN food aeration, depositors, pumps, aerators, cake machines\",\"url\":\"https:\/\/foodaeration.com\/de\/\",\"logo\":{\"@type\":\"ImageObject\",\"inLanguage\":\"en-US\",\"@id\":\"https:\/\/foodaeration.com\/de\/#\/schema\/logo\/image\/\",\"url\":\"https:\/\/foodaeration.com\/wp-content\/uploads\/2024\/09\/vn_logo-1_google.png\",\"contentUrl\":\"https:\/\/foodaeration.com\/wp-content\/uploads\/2024\/09\/vn_logo-1_google.png\",\"width\":640,\"height\":394,\"caption\":\"VN food aeration, depositors, pumps, aerators, cake machines\"},\"image\":{\"@id\":\"https:\/\/foodaeration.com\/de\/#\/schema\/logo\/image\/\"},\"sameAs\":[\"https:\/\/www.instagram.com\/vnfoodaeration\/\",\"https:\/\/www.facebook.com\/people\/VN-Foodaeration\/\",\"https:\/\/www.linkedin.com\/company\/vn-food-aeration\/\"]}]}<\/script>\n<!-- \/ Yoast SEO plugin. -->","yoast_head_json":{"title":"PANETTONE - VN food aeration, depositors, pumps, aerators, cake machines","robots":{"index":"index","follow":"follow","max-snippet":"max-snippet:-1","max-image-preview":"max-image-preview:large","max-video-preview":"max-video-preview:-1"},"canonical":"https:\/\/foodaeration.com\/de\/panettone\/","og_locale":"en_US","og_type":"article","og_title":"PANETTONE - VN food aeration, depositors, pumps, aerators, cake machines","og_url":"https:\/\/foodaeration.com\/de\/panettone\/","og_site_name":"VN food aeration, depositors, pumps, aerators, cake machines","article_modified_time":"2025-11-06T15:43:30+00:00","og_image":[{"width":392,"height":427,"url":"https:\/\/foodaeration.com\/wp-content\/uploads\/2022\/05\/TUTTI-I-DOSATORI.jpg","type":"image\/jpeg"}],"twitter_card":"summary_large_image","twitter_misc":{"Est. reading time":"1 minute"},"schema":{"@context":"https:\/\/schema.org","@graph":[{"@type":"WebPage","@id":"https:\/\/foodaeration.com\/de\/panettone\/","url":"https:\/\/foodaeration.com\/de\/panettone\/","name":"PANETTONE - VN food aeration, depositors, pumps, aerators, cake machines","isPartOf":{"@id":"https:\/\/foodaeration.com\/de\/#website"},"datePublished":"2024-11-27T17:19:53+00:00","dateModified":"2025-11-06T15:43:30+00:00","breadcrumb":{"@id":"https:\/\/foodaeration.com\/de\/panettone\/#breadcrumb"},"inLanguage":"en-US","potentialAction":[{"@type":"ReadAction","target":["https:\/\/foodaeration.com\/de\/panettone\/"]}]},{"@type":"BreadcrumbList","@id":"https:\/\/foodaeration.com\/de\/panettone\/#breadcrumb","itemListElement":[{"@type":"ListItem","position":1,"name":"Home","item":"https:\/\/foodaeration.com\/de\/"},{"@type":"ListItem","position":2,"name":"PANETTONE"}]},{"@type":"WebSite","@id":"https:\/\/foodaeration.com\/de\/#website","url":"https:\/\/foodaeration.com\/de\/","name":"VN food aeration","description":"Best accuracy ever","publisher":{"@id":"https:\/\/foodaeration.com\/de\/#organization"},"potentialAction":[{"@type":"SearchAction","target":{"@type":"EntryPoint","urlTemplate":"https:\/\/foodaeration.com\/de\/?s={search_term_string}"},"query-input":"required name=search_term_string"}],"inLanguage":"en-US"},{"@type":"Organization","@id":"https:\/\/foodaeration.com\/de\/#organization","name":"VN food aeration, depositors, pumps, aerators, cake machines","url":"https:\/\/foodaeration.com\/de\/","logo":{"@type":"ImageObject","inLanguage":"en-US","@id":"https:\/\/foodaeration.com\/de\/#\/schema\/logo\/image\/","url":"https:\/\/foodaeration.com\/wp-content\/uploads\/2024\/09\/vn_logo-1_google.png","contentUrl":"https:\/\/foodaeration.com\/wp-content\/uploads\/2024\/09\/vn_logo-1_google.png","width":640,"height":394,"caption":"VN food aeration, depositors, pumps, aerators, cake machines"},"image":{"@id":"https:\/\/foodaeration.com\/de\/#\/schema\/logo\/image\/"},"sameAs":["https:\/\/www.instagram.com\/vnfoodaeration\/","https:\/\/www.facebook.com\/people\/VN-Foodaeration\/","https:\/\/www.linkedin.com\/company\/vn-food-aeration\/"]}]}},"_links":{"self":[{"href":"https:\/\/foodaeration.com\/de\/wp-json\/wp\/v2\/pages\/3892"}],"collection":[{"href":"https:\/\/foodaeration.com\/de\/wp-json\/wp\/v2\/pages"}],"about":[{"href":"https:\/\/foodaeration.com\/de\/wp-json\/wp\/v2\/types\/page"}],"author":[{"embeddable":true,"href":"https:\/\/foodaeration.com\/de\/wp-json\/wp\/v2\/users\/9"}],"replies":[{"embeddable":true,"href":"https:\/\/foodaeration.com\/de\/wp-json\/wp\/v2\/comments?post=3892"}],"version-history":[{"count":10,"href":"https:\/\/foodaeration.com\/de\/wp-json\/wp\/v2\/pages\/3892\/revisions"}],"predecessor-version":[{"id":4656,"href":"https:\/\/foodaeration.com\/de\/wp-json\/wp\/v2\/pages\/3892\/revisions\/4656"}],"wp:attachment":[{"href":"https:\/\/foodaeration.com\/de\/wp-json\/wp\/v2\/media?parent=3892"}],"curies":[{"name":"wp","href":"https:\/\/api.w.org\/{rel}","templated":true}]}}