{"id":3850,"date":"2020-04-17T14:52:27","date_gmt":"2020-04-17T12:52:27","guid":{"rendered":"https:\/\/foodaeration.com\/sponge-cake\/"},"modified":"2025-08-31T12:35:57","modified_gmt":"2025-08-31T10:35:57","slug":"sponge-cake","status":"publish","type":"page","link":"https:\/\/foodaeration.com\/de\/sponge-cake\/","title":{"rendered":"SPONGE CAKE"},"content":{"rendered":"<section  class=\"section swatch-blue-white section-nopadding \" ><div class=\"background-media\" style=\"background-image:url('https:\/\/foodaeration.com\/wp-content\/uploads\/2019\/12\/4I3B3460-copia.jpg');background-repeat:no-repeat;background-size:cover;background-attachment:fixed;background-position:center 0%;\"><\/div><div class=\"background-overlay\" style=\"\"><\/div><div class=\"container\"><div class=\"row vertical-top\"><div class=\"col-md-12  text-default\" >[vc_empty_space height=&#8220;92px&#8220;]<h1 class=\"text-center hyper bold no-bordered-header\">PRODUKTE<\/h1>[vc_empty_space height=&#8220;92px&#8220;][vc_empty_space]<\/div><\/div><\/div><\/section><section  class=\"section swatch-white-red section-nopadding \" ><div class=\"background-media\"><\/div><div class=\"background-overlay\" style=\"\"><\/div><div class=\"container\"><div class=\"row vertical-top\"><div class=\"col-md-12  text-default\" >[vc_empty_space height=&#8220;64px&#8220;][vc_empty_space]<h1 class=\"text-center normal bold bordered-header\">GATEAU EPONGE<\/h1><\/div><\/div><\/div><\/section><section  class=\"section swatch-white-blue section-normal \" ><div class=\"background-media\"><\/div><div class=\"background-overlay\" style=\"\"><\/div><div class=\"container\"><div class=\"row vertical-top\"><div class=\"col-md-12  text-default\" ><img decoding=\"async\" alt=\"\" src=\"https:\/\/foodaeration.com\/wp-content\/uploads\/2019\/01\/sponge-cake.png\" class=\"aligncenter\"\/><div class=\"flex max-w-full flex-col flex-grow\">\n<div class=\"min-h-&#091;20px&#093; text-message flex w-full flex-col items-end gap-2 whitespace-pre-wrap break-words &#091;.text-message+&amp;&#093;:mt-5 overflow-x-auto\" dir=\"auto\" data-message-author-role=\"assistant\" data-message-id=\"ef174874-47c6-47e2-9a00-258c800ac089\">\n<div class=\"flex w-full flex-col gap-1 empty:hidden first:pt-&#091;3px&#093;\">\n<div class=\"markdown prose w-full break-words dark:prose-invert light\">\n<p><span style=\"font-size: 20px;\">VN FOODAERATION bietet <strong data-start=\"212\" data-end=\"266\">modernste Konditorei- und B\u00e4ckereiausr\u00fcstungen<\/strong>, die zur Optimierung der Kuchenproduktion und Maximierung der Effizienz entwickelt wurden. Unsere L\u00f6sungen richten sich an <strong data-start=\"372\" data-end=\"402\">industrielle B\u00e4ckereien<\/strong>, die ihre Produktivit\u00e4t steigern, eine gleichbleibende Qualit\u00e4t gew\u00e4hrleisten und in jeder Phase des Prozesses eine optimale Genauigkeit garantieren wollen. <\/span><\/p>\n<p><span style=\"font-size: 20px;\">Unsere Schl\u00fcssell\u00f6sungen:<\/span><\/p>\n<ul>\n<li><span style=\"font-size: 20px;\"><strong>Planetenr\u00fchrer &amp; Bel\u00fcfter (VN02):<\/strong> Hochleistungssysteme, die eine perfekte Zubereitung von Teig mit der <strong data-start=\"710\" data-end=\"747\">idealen Textur und Konsistenz<\/strong> f\u00fcr eine Vielzahl von Kuchen gew\u00e4hrleisten. <a href=\"https:\/\/foodaeration.com\/de\/aerators-2\/\">https:\/\/foodaeration.com\/aerators\/<\/a><\/span><\/li>\n<li><span style=\"font-size: 20px;\"><strong>Pumpsysteme (VN14 \/ VN15):<\/strong> Entwickelt f\u00fcr die <strong data-start=\"902\" data-end=\"939\">effiziente F\u00f6rderung von Teigwaren<\/strong> in Trichter, auf Platten oder zum direkten F\u00fcllen von Formen. Diese Pumpen sorgen f\u00fcr <strong data-start=\"1033\" data-end=\"1067\">Schnelligkeit, Genauigkeit und Hygiene<\/strong> bei der Produktion gro\u00dfer Mengen. <\/span><span style=\"font-size: 20px;\"> <a href=\"https:\/\/foodaeration.com\/de\/transfer-pumps\/\">https:\/\/foodaeration.com\/transfer-pumps\/<\/a><\/span><\/li>\n<li><span style=\"font-size: 20px;\">Dispenser <strong>&amp; Finisher (Zubeh\u00f6r VN20):<\/strong> Hochpr\u00e4zise Werkzeuge f\u00fcr die <strong data-start=\"1290\" data-end=\"1321\">Herstellung von runden Kuchen<\/strong>, die das automatisierte Auftragen von F\u00fcllungen, Glasuren und detaillierten Dekorationen erm\u00f6glichen &#8211; mit stets <strong data-start=\"1446\" data-end=\"1472\">gleichbleibenden<\/strong> und konsistenten Ergebnissen. <a href=\"https:\/\/foodaeration.com\/de\/attachments\/\">https:\/\/foodaeration.com\/attachments\/<\/a><\/span><\/li>\n<\/ul>\n<p><span style=\"font-size: 18px;\"><span style=\"font-size: 20px;\"><strong>Warum sollten Sie sich f\u00fcr VN FOODAERATION entscheiden?<\/strong><\/span><\/span><\/p>\n<p><span style=\"font-size: 20px;\">Ob Sie <strong data-start=\"1607\" data-end=\"1638\">einen einzelnen Schritt automatisieren<\/strong> oder <strong data-start=\"1642\" data-end=\"1694\">eine komplette Produktionslinie<\/strong> einrichten m\u00f6chten, unser Team bietet Ihnen <strong data-start=\"1721\" data-end=\"1749\">ma\u00dfgeschneiderte L\u00f6sungen<\/strong>, die auf Ihre Produktionsziele zugeschnitten sind.<\/span><\/p>\n<p><span style=\"font-size: 20px;\">???? <strong data-start=\"1796\" data-end=\"1830\">Kontaktieren Sie uns noch heute<\/strong>, um zu besprechen, wie wir Ihnen helfen k\u00f6nnen, Ihre Effizienz zu maximieren und die Automatisierung in Ihrer B\u00e4ckerei zu entwickeln.<\/span><\/p>\n<\/div>\n<\/div>\n<\/div>\n<\/div>\n<\/div><\/div><\/div><\/section><section  class=\"section swatch-white-red section-normal \" ><div class=\"background-media\"><\/div><div class=\"background-overlay\" style=\"\"><\/div><div class=\"container\"><div class=\"row vertical-top\"><div class=\"col-md-12  text-default\" ><h1 class=\"text-center normal regular bordered-header\">SPONGE CAKE production<\/h1><div class=\"row \"><div class=\"col-md-6  text-default\" >[vc_video link=&#8220;https:\/\/youtu.be\/rArRLdpOtFQ&#8220;]<\/div><div class=\"col-md-6  text-default\" >[vc_video link=&#8220;https:\/\/youtu.be\/FSL_NLhECoI&#8220;]<\/div><\/div><\/div><\/div><\/div><\/section>\n","protected":false},"excerpt":{"rendered":"[vc_empty_space height=\"92px\"]PRODUKTE[vc_empty_space height=\"92px\"][vc_empty_space][vc_empty_space height=\"64px\"][vc_empty_space]GATEAU EPONGE VN FOODAERATION bietet modernste Konditorei- und B\u00e4ckereiausr\u00fcstungen, die zur Optimierung der Kuchenproduktion und Maximierung der Effizienz entwickelt wurden. Unsere L\u00f6sungen richten sich an industrielle B\u00e4ckereien, die ihre Produktivit\u00e4t steigern, eine gleichbleibende Qualit\u00e4t gew\u00e4hrleisten und in jeder Phase des Prozesses eine optimale Genauigkeit garantieren wollen. Unsere Schl\u00fcssell\u00f6sungen: Planetenr\u00fchrer &amp; Bel\u00fcfter (VN02):","protected":false},"author":9,"featured_media":0,"parent":0,"menu_order":0,"comment_status":"closed","ping_status":"closed","template":"","meta":{"_joinchat":[],"footnotes":""},"yoast_head":"<!-- This site is optimized with the Yoast SEO plugin v23.1 - https:\/\/yoast.com\/wordpress\/plugins\/seo\/ -->\n<title>SPONGE CAKE - VN food aeration, depositors, pumps, aerators, cake machines<\/title>\n<meta name=\"description\" content=\"Produzieren Sie den besten Biskuitkuchen, sowohl handwerklich als auch industriell, mit VN-Maschinen: zuverl\u00e4ssig, effizient und so konzipiert, dass in jedem Produktionszyklus perfekte Ergebnisse garantiert werden k\u00f6nnen.\" \/>\n<meta name=\"robots\" content=\"index, follow, max-snippet:-1, max-image-preview:large, max-video-preview:-1\" \/>\n<link rel=\"canonical\" href=\"https:\/\/foodaeration.com\/de\/sponge-cake\/\" \/>\n<meta property=\"og:locale\" content=\"en_US\" \/>\n<meta property=\"og:type\" content=\"article\" \/>\n<meta property=\"og:title\" content=\"SPONGE CAKE - VN food aeration, depositors, pumps, aerators, cake machines\" \/>\n<meta property=\"og:description\" content=\"Produzieren Sie den besten Biskuitkuchen, sowohl handwerklich als auch industriell, mit VN-Maschinen: zuverl\u00e4ssig, effizient und so konzipiert, dass in jedem Produktionszyklus perfekte Ergebnisse garantiert werden k\u00f6nnen.\" \/>\n<meta property=\"og:url\" content=\"https:\/\/foodaeration.com\/de\/sponge-cake\/\" \/>\n<meta property=\"og:site_name\" content=\"VN food aeration, depositors, pumps, aerators, cake machines\" \/>\n<meta property=\"article:modified_time\" content=\"2025-08-31T10:35:57+00:00\" \/>\n<meta property=\"og:image\" content=\"https:\/\/foodaeration.com\/wp-content\/uploads\/2022\/05\/TUTTI-I-DOSATORI.jpg\" \/>\n\t<meta property=\"og:image:width\" content=\"392\" \/>\n\t<meta property=\"og:image:height\" content=\"427\" \/>\n\t<meta property=\"og:image:type\" content=\"image\/jpeg\" \/>\n<meta name=\"twitter:card\" content=\"summary_large_image\" \/>\n<meta name=\"twitter:label1\" content=\"Est. reading time\" \/>\n\t<meta name=\"twitter:data1\" content=\"2 minutes\" \/>\n<script type=\"application\/ld+json\" class=\"yoast-schema-graph\">{\"@context\":\"https:\/\/schema.org\",\"@graph\":[{\"@type\":\"WebPage\",\"@id\":\"https:\/\/foodaeration.com\/de\/sponge-cake\/\",\"url\":\"https:\/\/foodaeration.com\/de\/sponge-cake\/\",\"name\":\"SPONGE CAKE - VN food aeration, depositors, pumps, aerators, cake machines\",\"isPartOf\":{\"@id\":\"https:\/\/foodaeration.com\/de\/#website\"},\"datePublished\":\"2020-04-17T12:52:27+00:00\",\"dateModified\":\"2025-08-31T10:35:57+00:00\",\"description\":\"Produzieren Sie den besten Biskuitkuchen, sowohl handwerklich als auch industriell, mit VN-Maschinen: zuverl\u00e4ssig, effizient und so konzipiert, dass in jedem Produktionszyklus perfekte Ergebnisse garantiert werden k\u00f6nnen.\",\"breadcrumb\":{\"@id\":\"https:\/\/foodaeration.com\/de\/sponge-cake\/#breadcrumb\"},\"inLanguage\":\"en-US\",\"potentialAction\":[{\"@type\":\"ReadAction\",\"target\":[\"https:\/\/foodaeration.com\/de\/sponge-cake\/\"]}]},{\"@type\":\"BreadcrumbList\",\"@id\":\"https:\/\/foodaeration.com\/de\/sponge-cake\/#breadcrumb\",\"itemListElement\":[{\"@type\":\"ListItem\",\"position\":1,\"name\":\"Home\",\"item\":\"https:\/\/foodaeration.com\/de\/\"},{\"@type\":\"ListItem\",\"position\":2,\"name\":\"SPONGE CAKE\"}]},{\"@type\":\"WebSite\",\"@id\":\"https:\/\/foodaeration.com\/de\/#website\",\"url\":\"https:\/\/foodaeration.com\/de\/\",\"name\":\"VN food aeration\",\"description\":\"Best accuracy ever\",\"publisher\":{\"@id\":\"https:\/\/foodaeration.com\/de\/#organization\"},\"potentialAction\":[{\"@type\":\"SearchAction\",\"target\":{\"@type\":\"EntryPoint\",\"urlTemplate\":\"https:\/\/foodaeration.com\/de\/?s={search_term_string}\"},\"query-input\":\"required name=search_term_string\"}],\"inLanguage\":\"en-US\"},{\"@type\":\"Organization\",\"@id\":\"https:\/\/foodaeration.com\/de\/#organization\",\"name\":\"VN food aeration, depositors, pumps, aerators, cake machines\",\"url\":\"https:\/\/foodaeration.com\/de\/\",\"logo\":{\"@type\":\"ImageObject\",\"inLanguage\":\"en-US\",\"@id\":\"https:\/\/foodaeration.com\/de\/#\/schema\/logo\/image\/\",\"url\":\"https:\/\/foodaeration.com\/wp-content\/uploads\/2024\/09\/vn_logo-1_google.png\",\"contentUrl\":\"https:\/\/foodaeration.com\/wp-content\/uploads\/2024\/09\/vn_logo-1_google.png\",\"width\":640,\"height\":394,\"caption\":\"VN food aeration, depositors, pumps, aerators, cake machines\"},\"image\":{\"@id\":\"https:\/\/foodaeration.com\/de\/#\/schema\/logo\/image\/\"},\"sameAs\":[\"https:\/\/www.instagram.com\/vnfoodaeration\/\",\"https:\/\/www.facebook.com\/people\/VN-Foodaeration\/\",\"https:\/\/www.linkedin.com\/company\/vn-food-aeration\/\"]}]}<\/script>\n<!-- \/ Yoast SEO plugin. -->","yoast_head_json":{"title":"SPONGE CAKE - VN food aeration, depositors, pumps, aerators, cake machines","description":"Produzieren Sie den besten Biskuitkuchen, sowohl handwerklich als auch industriell, mit VN-Maschinen: zuverl\u00e4ssig, effizient und so konzipiert, dass in jedem Produktionszyklus perfekte Ergebnisse garantiert werden k\u00f6nnen.","robots":{"index":"index","follow":"follow","max-snippet":"max-snippet:-1","max-image-preview":"max-image-preview:large","max-video-preview":"max-video-preview:-1"},"canonical":"https:\/\/foodaeration.com\/de\/sponge-cake\/","og_locale":"en_US","og_type":"article","og_title":"SPONGE CAKE - VN food aeration, depositors, pumps, aerators, cake machines","og_description":"Produzieren Sie den besten Biskuitkuchen, sowohl handwerklich als auch industriell, mit VN-Maschinen: zuverl\u00e4ssig, effizient und so konzipiert, dass in jedem Produktionszyklus perfekte Ergebnisse garantiert werden k\u00f6nnen.","og_url":"https:\/\/foodaeration.com\/de\/sponge-cake\/","og_site_name":"VN food aeration, depositors, pumps, aerators, cake machines","article_modified_time":"2025-08-31T10:35:57+00:00","og_image":[{"width":392,"height":427,"url":"https:\/\/foodaeration.com\/wp-content\/uploads\/2022\/05\/TUTTI-I-DOSATORI.jpg","type":"image\/jpeg"}],"twitter_card":"summary_large_image","twitter_misc":{"Est. reading time":"2 minutes"},"schema":{"@context":"https:\/\/schema.org","@graph":[{"@type":"WebPage","@id":"https:\/\/foodaeration.com\/de\/sponge-cake\/","url":"https:\/\/foodaeration.com\/de\/sponge-cake\/","name":"SPONGE CAKE - VN food aeration, depositors, pumps, aerators, cake machines","isPartOf":{"@id":"https:\/\/foodaeration.com\/de\/#website"},"datePublished":"2020-04-17T12:52:27+00:00","dateModified":"2025-08-31T10:35:57+00:00","description":"Produzieren Sie den besten Biskuitkuchen, sowohl handwerklich als auch industriell, mit VN-Maschinen: zuverl\u00e4ssig, effizient und so konzipiert, dass in jedem Produktionszyklus perfekte Ergebnisse garantiert werden k\u00f6nnen.","breadcrumb":{"@id":"https:\/\/foodaeration.com\/de\/sponge-cake\/#breadcrumb"},"inLanguage":"en-US","potentialAction":[{"@type":"ReadAction","target":["https:\/\/foodaeration.com\/de\/sponge-cake\/"]}]},{"@type":"BreadcrumbList","@id":"https:\/\/foodaeration.com\/de\/sponge-cake\/#breadcrumb","itemListElement":[{"@type":"ListItem","position":1,"name":"Home","item":"https:\/\/foodaeration.com\/de\/"},{"@type":"ListItem","position":2,"name":"SPONGE CAKE"}]},{"@type":"WebSite","@id":"https:\/\/foodaeration.com\/de\/#website","url":"https:\/\/foodaeration.com\/de\/","name":"VN food aeration","description":"Best accuracy ever","publisher":{"@id":"https:\/\/foodaeration.com\/de\/#organization"},"potentialAction":[{"@type":"SearchAction","target":{"@type":"EntryPoint","urlTemplate":"https:\/\/foodaeration.com\/de\/?s={search_term_string}"},"query-input":"required name=search_term_string"}],"inLanguage":"en-US"},{"@type":"Organization","@id":"https:\/\/foodaeration.com\/de\/#organization","name":"VN food aeration, depositors, pumps, aerators, cake machines","url":"https:\/\/foodaeration.com\/de\/","logo":{"@type":"ImageObject","inLanguage":"en-US","@id":"https:\/\/foodaeration.com\/de\/#\/schema\/logo\/image\/","url":"https:\/\/foodaeration.com\/wp-content\/uploads\/2024\/09\/vn_logo-1_google.png","contentUrl":"https:\/\/foodaeration.com\/wp-content\/uploads\/2024\/09\/vn_logo-1_google.png","width":640,"height":394,"caption":"VN food aeration, depositors, pumps, aerators, cake machines"},"image":{"@id":"https:\/\/foodaeration.com\/de\/#\/schema\/logo\/image\/"},"sameAs":["https:\/\/www.instagram.com\/vnfoodaeration\/","https:\/\/www.facebook.com\/people\/VN-Foodaeration\/","https:\/\/www.linkedin.com\/company\/vn-food-aeration\/"]}]}},"_links":{"self":[{"href":"https:\/\/foodaeration.com\/de\/wp-json\/wp\/v2\/pages\/3850"}],"collection":[{"href":"https:\/\/foodaeration.com\/de\/wp-json\/wp\/v2\/pages"}],"about":[{"href":"https:\/\/foodaeration.com\/de\/wp-json\/wp\/v2\/types\/page"}],"author":[{"embeddable":true,"href":"https:\/\/foodaeration.com\/de\/wp-json\/wp\/v2\/users\/9"}],"replies":[{"embeddable":true,"href":"https:\/\/foodaeration.com\/de\/wp-json\/wp\/v2\/comments?post=3850"}],"version-history":[{"count":4,"href":"https:\/\/foodaeration.com\/de\/wp-json\/wp\/v2\/pages\/3850\/revisions"}],"predecessor-version":[{"id":3861,"href":"https:\/\/foodaeration.com\/de\/wp-json\/wp\/v2\/pages\/3850\/revisions\/3861"}],"wp:attachment":[{"href":"https:\/\/foodaeration.com\/de\/wp-json\/wp\/v2\/media?parent=3850"}],"curies":[{"name":"wp","href":"https:\/\/api.w.org\/{rel}","templated":true}]}}