{"id":3342,"date":"2018-05-03T12:00:56","date_gmt":"2018-05-03T10:00:56","guid":{"rendered":"https:\/\/foodaeration.com\/contact\/"},"modified":"2025-10-21T10:48:40","modified_gmt":"2025-10-21T08:48:40","slug":"contact","status":"publish","type":"page","link":"https:\/\/foodaeration.com\/de\/contact\/","title":{"rendered":"Kontakt"},"content":{"rendered":"<section  class=\"section swatch-blue-white section-normal \" ><div class=\"background-media\"><\/div><div class=\"background-overlay\" style=\"\"><\/div><div class=\"container\"><div class=\"row vertical-top\"><div class=\"col-md-12  text-default\" ><img decoding=\"async\" alt=\"\" src=\"https:\/\/foodaeration.com\/wp-content\/uploads\/2024\/08\/fiera_iba_2023-1024x612.jpg\" class=\"aligncenter\"\/><h1 class=\"text-center normal regular bordered-header\">Contact Us<\/h1><p style=\"text-align: center;\"><strong>Senden Sie uns Ihre Fragen und Kommentare. Bitte f\u00fcllen Sie das folgende Formular aus und wir werden Ihnen so schnell wie m\u00f6glich antworten:<\/strong><\/p>\n<\/div><\/div><\/div><\/section><section  class=\"section swatch-white-red section-normal \" ><div class=\"background-media\"><\/div><div class=\"background-overlay\" style=\"\"><\/div><div class=\"container\"><div class=\"row vertical-top\"><div class=\"col-md-12  text-Default\" ><p><strong><span style=\"font-size: 18px;\">Wir sind ein Unternehmen, das auf einem Fundament des Vertrauens aufbaut. Unsere Beziehungen zu Kunden, Partnern, Mitarbeitern und Lieferanten haben f\u00fcr uns oberste Priorit\u00e4t. Was uns auszeichnet, ist unser Engagement f\u00fcr Menschlichkeit, herausragende Leistung und au\u00dfergew\u00f6hnlichen Service. Unsere Kunden profitieren von unserem fundierten Fachwissen und unserer kontinuierlichen Innovation in der Produktanwendung und Prozesstechnologie. Wir freuen uns darauf, mit Ihnen in Kontakt zu treten und eine erfolgreiche Partnerschaft aufzubauen!   <\/span><\/strong><\/p>\n<\/div><\/div><\/div><\/section><section  class=\"section swatch-white-red section-normal \" ><div class=\"background-media\"><\/div><div class=\"background-overlay\" style=\"\"><\/div><div class=\"container\"><div class=\"row vertical-top\"><div class=\"col-md-12  text-Default\" ><div class=\"wpforms-container wpforms-container-full wpforms-render-modern\" id=\"wpforms-1528\"><form id=\"wpforms-form-1528\" class=\"wpforms-validate wpforms-form wpforms-ajax-form\" data-formid=\"1528\" method=\"post\" enctype=\"multipart\/form-data\" action=\"\/de\/wp-json\/wp\/v2\/pages\/3342\" data-token=\"7dbf523423b1788cfcdc00fef600c0db\" data-token-time=\"1778504057\"><noscript class=\"wpforms-error-noscript\">Please enable JavaScript in your browser to complete this form.<\/noscript><div class=\"wpforms-hidden\" id=\"wpforms-error-noscript\">Please enable JavaScript in your browser to complete this form.<\/div><div class=\"wpforms-field-container\"><div id=\"wpforms-1528-field_1-container\" class=\"wpforms-field wpforms-field-name\" data-field-id=\"1\"><label class=\"wpforms-field-label\" for=\"wpforms-1528-field_1\">NAME <span class=\"wpforms-required-label\" aria-hidden=\"true\">*<\/span><\/label><input type=\"text\" id=\"wpforms-1528-field_1\" class=\"wpforms-field-medium wpforms-field-required\" name=\"wpforms[fields][1]\" aria-errormessage=\"wpforms-1528-field_1-error\" aria-describedby=\"wpforms-1528-field_1-description\" required><div id=\"wpforms-1528-field_1-description\" class=\"wpforms-field-description\">*required<\/div><\/div><div id=\"wpforms-1528-field_6-container\" class=\"wpforms-field wpforms-field-text\" data-field-id=\"6\"><label class=\"wpforms-field-label\" for=\"wpforms-1528-field_6\">COMPANY<\/label><input type=\"text\" id=\"wpforms-1528-field_6\" class=\"wpforms-field-medium\" name=\"wpforms[fields][6]\" aria-errormessage=\"wpforms-1528-field_6-error\" ><\/div><div id=\"wpforms-1528-field_2-container\" class=\"wpforms-field wpforms-field-email\" data-field-id=\"2\"><label class=\"wpforms-field-label\" for=\"wpforms-1528-field_2\">Email <span class=\"wpforms-required-label\" aria-hidden=\"true\">*<\/span><\/label><input type=\"email\" id=\"wpforms-1528-field_2\" class=\"wpforms-field-medium wpforms-field-required\" name=\"wpforms[fields][2]\" spellcheck=\"false\" aria-errormessage=\"wpforms-1528-field_2-error\" aria-describedby=\"wpforms-1528-field_2-description\" required><div id=\"wpforms-1528-field_2-description\" class=\"wpforms-field-description\">*required<\/div><\/div><div id=\"wpforms-1528-field_3-container\" class=\"wpforms-field wpforms-field-textarea\" data-field-id=\"3\"><label class=\"wpforms-field-label\" for=\"wpforms-1528-field_3\">MESSAGE<\/label><textarea id=\"wpforms-1528-field_3\" class=\"wpforms-field-medium\" name=\"wpforms[fields][3]\" aria-errormessage=\"wpforms-1528-field_3-error\" ><\/textarea><\/div><\/div><!-- .wpforms-field-container --><div class=\"wpforms-submit-container\" ><input type=\"hidden\" name=\"wpforms[id]\" value=\"1528\"><input type=\"hidden\" name=\"page_title\" value=\"\"><input type=\"hidden\" name=\"page_url\" value=\"https:\/\/foodaeration.com\/de\/wp-json\/wp\/v2\/pages\/3342\"><button type=\"submit\" name=\"wpforms[submit]\" id=\"wpforms-submit-1528\" class=\"wpforms-submit\" data-alt-text=\"Invio in corso...\" data-submit-text=\"SEND\" aria-live=\"assertive\" value=\"wpforms-submit\">SEND<\/button><img loading=\"lazy\" decoding=\"async\" src=\"https:\/\/foodaeration.com\/wp-content\/plugins\/wpforms-lite\/assets\/images\/submit-spin.svg\" class=\"wpforms-submit-spinner\" style=\"display: none;\" width=\"26\" height=\"26\" alt=\"Loading\"><\/div><\/form><\/div>  <!-- .wpforms-container --><\/div><\/div><\/div><\/section>\n","protected":false},"excerpt":{"rendered":"Contact UsSenden Sie uns Ihre Fragen und Kommentare. Bitte f\u00fcllen Sie das folgende Formular aus und wir werden Ihnen so schnell wie m\u00f6glich antworten: Wir sind ein Unternehmen, das auf einem Fundament des Vertrauens aufbaut. Unsere Beziehungen zu Kunden, Partnern, Mitarbeitern und Lieferanten haben f\u00fcr uns oberste Priorit\u00e4t. Was uns auszeichnet, ist unser Engagement f\u00fcr","protected":false},"author":1,"featured_media":0,"parent":0,"menu_order":0,"comment_status":"closed","ping_status":"closed","template":"","meta":{"_joinchat":[],"footnotes":""},"yoast_head":"<!-- This site is optimized with the Yoast SEO plugin v23.1 - https:\/\/yoast.com\/wordpress\/plugins\/seo\/ -->\n<title>Kontakt - VN food aeration, depositors, pumps, aerators, cake machines<\/title>\n<meta name=\"description\" content=\"Wir sind ein Unternehmen, das auf einer Vertrauensbasis aufbaut\" \/>\n<meta name=\"robots\" content=\"index, follow, max-snippet:-1, max-image-preview:large, max-video-preview:-1\" \/>\n<link rel=\"canonical\" href=\"https:\/\/foodaeration.com\/de\/contact\/\" \/>\n<meta property=\"og:locale\" content=\"en_US\" \/>\n<meta property=\"og:type\" content=\"article\" \/>\n<meta property=\"og:title\" content=\"Kontakt - VN food aeration, depositors, pumps, aerators, cake machines\" \/>\n<meta property=\"og:description\" content=\"Wir sind ein Unternehmen, das auf einer Vertrauensbasis aufbaut\" \/>\n<meta property=\"og:url\" content=\"https:\/\/foodaeration.com\/de\/contact\/\" \/>\n<meta property=\"og:site_name\" content=\"VN food aeration, depositors, pumps, aerators, cake machines\" \/>\n<meta property=\"article:modified_time\" content=\"2025-10-21T08:48:40+00:00\" \/>\n<meta property=\"og:image\" content=\"https:\/\/foodaeration.com\/wp-content\/uploads\/2022\/05\/TUTTI-I-DOSATORI.jpg\" \/>\n\t<meta property=\"og:image:width\" content=\"392\" \/>\n\t<meta property=\"og:image:height\" content=\"427\" \/>\n\t<meta property=\"og:image:type\" content=\"image\/jpeg\" \/>\n<meta name=\"twitter:card\" content=\"summary_large_image\" \/>\n<meta name=\"twitter:label1\" content=\"Est. reading time\" \/>\n\t<meta name=\"twitter:data1\" content=\"1 minute\" \/>\n<script type=\"application\/ld+json\" class=\"yoast-schema-graph\">{\"@context\":\"https:\/\/schema.org\",\"@graph\":[{\"@type\":\"WebPage\",\"@id\":\"https:\/\/foodaeration.com\/de\/contact\/\",\"url\":\"https:\/\/foodaeration.com\/de\/contact\/\",\"name\":\"Kontakt - VN food aeration, depositors, pumps, aerators, cake machines\",\"isPartOf\":{\"@id\":\"https:\/\/foodaeration.com\/de\/#website\"},\"datePublished\":\"2018-05-03T10:00:56+00:00\",\"dateModified\":\"2025-10-21T08:48:40+00:00\",\"description\":\"Wir sind ein Unternehmen, das auf einer Vertrauensbasis aufbaut\",\"breadcrumb\":{\"@id\":\"https:\/\/foodaeration.com\/de\/contact\/#breadcrumb\"},\"inLanguage\":\"en-US\",\"potentialAction\":[{\"@type\":\"ReadAction\",\"target\":[\"https:\/\/foodaeration.com\/de\/contact\/\"]}]},{\"@type\":\"BreadcrumbList\",\"@id\":\"https:\/\/foodaeration.com\/de\/contact\/#breadcrumb\",\"itemListElement\":[{\"@type\":\"ListItem\",\"position\":1,\"name\":\"Home\",\"item\":\"https:\/\/foodaeration.com\/de\/\"},{\"@type\":\"ListItem\",\"position\":2,\"name\":\"Kontakt\"}]},{\"@type\":\"WebSite\",\"@id\":\"https:\/\/foodaeration.com\/de\/#website\",\"url\":\"https:\/\/foodaeration.com\/de\/\",\"name\":\"VN food aeration\",\"description\":\"Best accuracy ever\",\"publisher\":{\"@id\":\"https:\/\/foodaeration.com\/de\/#organization\"},\"potentialAction\":[{\"@type\":\"SearchAction\",\"target\":{\"@type\":\"EntryPoint\",\"urlTemplate\":\"https:\/\/foodaeration.com\/de\/?s={search_term_string}\"},\"query-input\":\"required name=search_term_string\"}],\"inLanguage\":\"en-US\"},{\"@type\":\"Organization\",\"@id\":\"https:\/\/foodaeration.com\/de\/#organization\",\"name\":\"VN food aeration, depositors, pumps, aerators, cake machines\",\"url\":\"https:\/\/foodaeration.com\/de\/\",\"logo\":{\"@type\":\"ImageObject\",\"inLanguage\":\"en-US\",\"@id\":\"https:\/\/foodaeration.com\/de\/#\/schema\/logo\/image\/\",\"url\":\"https:\/\/foodaeration.com\/wp-content\/uploads\/2024\/09\/vn_logo-1_google.png\",\"contentUrl\":\"https:\/\/foodaeration.com\/wp-content\/uploads\/2024\/09\/vn_logo-1_google.png\",\"width\":640,\"height\":394,\"caption\":\"VN food aeration, depositors, pumps, aerators, cake machines\"},\"image\":{\"@id\":\"https:\/\/foodaeration.com\/de\/#\/schema\/logo\/image\/\"},\"sameAs\":[\"https:\/\/www.instagram.com\/vnfoodaeration\/\",\"https:\/\/www.facebook.com\/people\/VN-Foodaeration\/\",\"https:\/\/www.linkedin.com\/company\/vn-food-aeration\/\"]}]}<\/script>\n<!-- \/ Yoast SEO plugin. -->","yoast_head_json":{"title":"Kontakt - VN food aeration, depositors, pumps, aerators, cake machines","description":"Wir sind ein Unternehmen, das auf einer Vertrauensbasis aufbaut","robots":{"index":"index","follow":"follow","max-snippet":"max-snippet:-1","max-image-preview":"max-image-preview:large","max-video-preview":"max-video-preview:-1"},"canonical":"https:\/\/foodaeration.com\/de\/contact\/","og_locale":"en_US","og_type":"article","og_title":"Kontakt - VN food aeration, depositors, pumps, aerators, cake machines","og_description":"Wir sind ein Unternehmen, das auf einer Vertrauensbasis aufbaut","og_url":"https:\/\/foodaeration.com\/de\/contact\/","og_site_name":"VN food aeration, depositors, pumps, aerators, cake machines","article_modified_time":"2025-10-21T08:48:40+00:00","og_image":[{"width":392,"height":427,"url":"https:\/\/foodaeration.com\/wp-content\/uploads\/2022\/05\/TUTTI-I-DOSATORI.jpg","type":"image\/jpeg"}],"twitter_card":"summary_large_image","twitter_misc":{"Est. reading time":"1 minute"},"schema":{"@context":"https:\/\/schema.org","@graph":[{"@type":"WebPage","@id":"https:\/\/foodaeration.com\/de\/contact\/","url":"https:\/\/foodaeration.com\/de\/contact\/","name":"Kontakt - VN food aeration, depositors, pumps, aerators, cake machines","isPartOf":{"@id":"https:\/\/foodaeration.com\/de\/#website"},"datePublished":"2018-05-03T10:00:56+00:00","dateModified":"2025-10-21T08:48:40+00:00","description":"Wir sind ein Unternehmen, das auf einer Vertrauensbasis aufbaut","breadcrumb":{"@id":"https:\/\/foodaeration.com\/de\/contact\/#breadcrumb"},"inLanguage":"en-US","potentialAction":[{"@type":"ReadAction","target":["https:\/\/foodaeration.com\/de\/contact\/"]}]},{"@type":"BreadcrumbList","@id":"https:\/\/foodaeration.com\/de\/contact\/#breadcrumb","itemListElement":[{"@type":"ListItem","position":1,"name":"Home","item":"https:\/\/foodaeration.com\/de\/"},{"@type":"ListItem","position":2,"name":"Kontakt"}]},{"@type":"WebSite","@id":"https:\/\/foodaeration.com\/de\/#website","url":"https:\/\/foodaeration.com\/de\/","name":"VN food aeration","description":"Best accuracy ever","publisher":{"@id":"https:\/\/foodaeration.com\/de\/#organization"},"potentialAction":[{"@type":"SearchAction","target":{"@type":"EntryPoint","urlTemplate":"https:\/\/foodaeration.com\/de\/?s={search_term_string}"},"query-input":"required name=search_term_string"}],"inLanguage":"en-US"},{"@type":"Organization","@id":"https:\/\/foodaeration.com\/de\/#organization","name":"VN food aeration, depositors, pumps, aerators, cake machines","url":"https:\/\/foodaeration.com\/de\/","logo":{"@type":"ImageObject","inLanguage":"en-US","@id":"https:\/\/foodaeration.com\/de\/#\/schema\/logo\/image\/","url":"https:\/\/foodaeration.com\/wp-content\/uploads\/2024\/09\/vn_logo-1_google.png","contentUrl":"https:\/\/foodaeration.com\/wp-content\/uploads\/2024\/09\/vn_logo-1_google.png","width":640,"height":394,"caption":"VN food aeration, depositors, pumps, aerators, cake machines"},"image":{"@id":"https:\/\/foodaeration.com\/de\/#\/schema\/logo\/image\/"},"sameAs":["https:\/\/www.instagram.com\/vnfoodaeration\/","https:\/\/www.facebook.com\/people\/VN-Foodaeration\/","https:\/\/www.linkedin.com\/company\/vn-food-aeration\/"]}]}},"_links":{"self":[{"href":"https:\/\/foodaeration.com\/de\/wp-json\/wp\/v2\/pages\/3342"}],"collection":[{"href":"https:\/\/foodaeration.com\/de\/wp-json\/wp\/v2\/pages"}],"about":[{"href":"https:\/\/foodaeration.com\/de\/wp-json\/wp\/v2\/types\/page"}],"author":[{"embeddable":true,"href":"https:\/\/foodaeration.com\/de\/wp-json\/wp\/v2\/users\/1"}],"replies":[{"embeddable":true,"href":"https:\/\/foodaeration.com\/de\/wp-json\/wp\/v2\/comments?post=3342"}],"version-history":[{"count":6,"href":"https:\/\/foodaeration.com\/de\/wp-json\/wp\/v2\/pages\/3342\/revisions"}],"predecessor-version":[{"id":4487,"href":"https:\/\/foodaeration.com\/de\/wp-json\/wp\/v2\/pages\/3342\/revisions\/4487"}],"wp:attachment":[{"href":"https:\/\/foodaeration.com\/de\/wp-json\/wp\/v2\/media?parent=3342"}],"curies":[{"name":"wp","href":"https:\/\/api.w.org\/{rel}","templated":true}]}}