{"id":3102,"date":"2023-10-08T20:29:24","date_gmt":"2023-10-08T18:29:24","guid":{"rendered":"https:\/\/foodaeration.com\/pumpy\/"},"modified":"2024-10-22T18:10:55","modified_gmt":"2024-10-22T16:10:55","slug":"pumpy","status":"publish","type":"page","link":"https:\/\/foodaeration.com\/de\/pumpy\/","title":{"rendered":"PUMPY"},"content":{"rendered":"<section  class=\"section swatch-white-red section-normal \" ><div class=\"background-media\"><\/div><div class=\"background-overlay\" style=\"\"><\/div><div class=\"container\"><div class=\"row vertical-top\"><div class=\"col-md-12  text-default\" >[vc_empty_space]<p style=\"text-align: center;\"><span style=\"font-family: Verdana, serif;\"><span style=\"font-size: 300%;\"><span lang=\"en-US\"><b>PUMPY VN14<\/b><\/span><\/span><\/span><\/p>\n<p style=\"text-align: center;\"><span style=\"font-family: Verdana, serif;\"><span style=\"font-size: large;\"><span lang=\"en-US\"><b>Transferpumpe (alle pneumatisch) <\/b><\/span><\/span><\/span><\/p>\n<p style=\"text-align: center;\"><span style=\"font-family: Verdana, serif;\"><span style=\"font-size: large;\"><span lang=\"en-US\"><b>KAPAZIT\u00c4T (variabel bis zu 50 Liter\/min*) <\/b><\/span><\/span><\/span><\/p>\n<\/div><\/div><\/div><\/section><section  class=\"section swatch-white-red section-normal \" ><div class=\"background-media\"><\/div><div class=\"background-overlay\" style=\"\"><\/div><div class=\"container\"><div class=\"row vertical-top\"><div class=\"col-md-6  text-left\" ><img decoding=\"async\" alt=\"\" src=\"https:\/\/foodaeration.com\/wp-content\/uploads\/2023\/10\/3-copy-476x1024.png\" class=\"alignleft\"\/><\/div><div class=\"col-md-6  text-default\" ><p><span style=\"font-family: Verdana, serif;\"><span style=\"font-size: medium;\"><span lang=\"en-US\"><b>Kolbenpumpeneinheit aus rostfreiem Stahl<\/b><\/span><\/span><\/span><\/p>\n<p><span style=\"font-family: Verdana, serif;\"><span style=\"font-size: medium;\"><span lang=\"en-US\"><b>Mobiler St\u00e4nder komplett aus Edelstahl<\/b><\/span><\/span><\/span><\/p>\n<p><span style=\"font-family: Verdana, serif;\"><span style=\"font-size: medium;\"><span lang=\"en-US\"><b>Verstellbare H\u00f6he f\u00fcr die R\u00fchrsch\u00fcsseln des Kunden <\/b><\/span><\/span><\/span><\/p>\n<p><span style=\"font-family: Verdana, serif;\"><span style=\"font-size: medium;\"><span lang=\"en-US\"><b>Geeignet f\u00fcr Lebensmittel, chemische, kosmetische und pharmazeutische Produkte<\/b><\/span><\/span><\/span><\/p>\n<p><span style=\"font-family: Verdana, serif;\"><span style=\"font-size: medium;\"><span lang=\"en-US\"><b>PUMPY VN14 arbeitet mit Druckluft (keine elektrische Gefahr)<\/b><\/span><\/span><\/span><\/p>\n<p><span style=\"font-family: Verdana, serif;\"><span style=\"font-size: medium;\"><span lang=\"en-US\"><b>Geeignet f\u00fcr DIN- und CLAMP-Beschl\u00e4ge<\/b><\/span><\/span><\/span><\/p>\n<p><span style=\"font-family: Verdana, serif;\"><span style=\"font-size: medium;\"><span lang=\"en-US\"><b>Pneumatisches Niveau verf\u00fcgbar (optional)<\/b><\/span><\/span><\/span><\/p>\n<p><span style=\"font-family: Verdana, serif;\"><span style=\"font-size: medium;\"><span lang=\"en-US\"><b>Verschiedene D\u00fcsen verf\u00fcgbar<\/b><\/span><\/span><\/span><\/p>\n<p><span style=\"font-family: Verdana, serif;\"><span style=\"font-size: medium;\"><span lang=\"en-US\"><b>*bis zu einem Maximum von 60 Zyklen bei 6 bar<\/b><\/span><\/span><\/span><\/p>\n<\/div><\/div><\/div><\/section><section  class=\"section swatch-white-red section-normal \" ><div class=\"background-media\"><\/div><div class=\"background-overlay\" style=\"\"><\/div><div class=\"container\"><div class=\"row vertical-top\"><div class=\"col-md-4  text-default\" ><h1 style=\"text-align: center;\"><strong>ANTI-DROP-SYSTEM <\/strong><\/h1>\n<p style=\"text-align: center;\">(patentiert)<\/p>\n<\/div><div class=\"col-md-4  text-default\" ><h1 style=\"text-align: center;\"><strong>ZEITSPAREN<\/strong><\/h1>\n<p style=\"text-align: center;\">(hohe Geschwindigkeit)<\/p>\n<\/div><div class=\"col-md-4  text-default\" ><h1 style=\"text-align: center;\"><strong>HOHE PR\u00c4ZISION<\/strong><\/h1>\n<p style=\"text-align: center;\">(Best\u00e4ndigkeit der Ergebnisse)<\/p>\n<\/div><\/div><\/div><\/section><section  class=\"section swatch-white-red section-normal \" ><div class=\"background-media\"><\/div><div class=\"background-overlay\" style=\"\"><\/div><div class=\"container\"><div class=\"row vertical-top\"><div class=\"col-md-6  text-default\" >[vc_empty_space][vc_empty_space]<h1 style=\"text-align: center;\">Technische Daten<\/h1>\n<img decoding=\"async\" alt=\"\" src=\"https:\/\/foodaeration.com\/wp-content\/uploads\/2024\/10\/PUMPY_TECHNICAL.png\" class=\"aligncenter\"\/><\/div><div class=\"col-md-6  text-default\" ><img decoding=\"async\" alt=\"\" src=\"https:\/\/foodaeration.com\/wp-content\/uploads\/2024\/10\/pumpy_3.png\" class=\"aligncenter\"\/><\/div><\/div><\/div><\/section><section  class=\"section swatch-white-red section-normal \" ><div class=\"background-media\"><\/div><div class=\"background-overlay\" style=\"\"><\/div><div class=\"container\"><div class=\"row vertical-top\"><div class=\"col-md-12  text-default\" ><p style=\"text-align: center;\"><span style=\"font-size: 21px;\"><strong>DOWNLOAD PUMPY KATALOG UNTEN<\/strong><\/span><\/p>\n<div class=\"wp-block-buttons is-content-justification-center is-layout-flex wp-container-core-buttons-is-layout-1 wp-block-buttons-is-layout-flex\">\n<div class=\"wp-block-button is-style-fill\"><span style=\"font-size: 21px;\"><a class=\"wp-block-button__link has-vivid-green-cyan-background-color has-background has-text-align-center wp-element-button\" href=\"https:\/\/foodaeration.com\/wp-content\/uploads\/2024\/10\/VN_BROCHURE_PUMPY_VN14.pdf\">DOWNLOAD<\/a><\/span><\/div>\n<\/div>\n<\/div><\/div><\/div><\/section>","protected":false},"excerpt":{"rendered":"[vc_empty_space]PUMPY VN14 Transferpumpe (alle pneumatisch) KAPAZIT\u00c4T (variabel bis zu 50 Liter\/min*) Kolbenpumpeneinheit aus rostfreiem Stahl Mobiler St\u00e4nder komplett aus Edelstahl Verstellbare H\u00f6he f\u00fcr die R\u00fchrsch\u00fcsseln des Kunden Geeignet f\u00fcr Lebensmittel, chemische, kosmetische und pharmazeutische Produkte PUMPY VN14 arbeitet mit Druckluft (keine elektrische Gefahr) Geeignet f\u00fcr DIN- und CLAMP-Beschl\u00e4ge Pneumatisches Niveau verf\u00fcgbar (optional) Verschiedene D\u00fcsen verf\u00fcgbar","protected":false},"author":9,"featured_media":0,"parent":0,"menu_order":0,"comment_status":"closed","ping_status":"closed","template":"","meta":{"_joinchat":[],"footnotes":""},"yoast_head":"<!-- This site is optimized with the Yoast SEO plugin v23.1 - https:\/\/yoast.com\/wordpress\/plugins\/seo\/ -->\n<title>PUMPY - VN food aeration, depositors, pumps, aerators, cake machines<\/title>\n<meta name=\"description\" content=\"Verlassen Sie sich auf unsere Transferpumpe f\u00fcr Lebensmittelteige: Effizienz, Hygiene und Pr\u00e4zision beim Transport von z\u00e4hfl\u00fcssigen Teigen. Ideal f\u00fcr B\u00e4ckereien, Konditoreien und die Lebensmittelindustrie.\" \/>\n<meta name=\"robots\" content=\"index, follow, max-snippet:-1, max-image-preview:large, max-video-preview:-1\" \/>\n<link rel=\"canonical\" href=\"https:\/\/foodaeration.com\/de\/pumpy\/\" \/>\n<meta property=\"og:locale\" content=\"en_US\" \/>\n<meta property=\"og:type\" content=\"article\" \/>\n<meta property=\"og:title\" content=\"PUMPY - VN food aeration, depositors, pumps, aerators, cake machines\" \/>\n<meta property=\"og:description\" content=\"Verlassen Sie sich auf unsere Transferpumpe f\u00fcr Lebensmittelteige: Effizienz, Hygiene und Pr\u00e4zision beim Transport von z\u00e4hfl\u00fcssigen Teigen. Ideal f\u00fcr B\u00e4ckereien, Konditoreien und die Lebensmittelindustrie.\" \/>\n<meta property=\"og:url\" content=\"https:\/\/foodaeration.com\/de\/pumpy\/\" \/>\n<meta property=\"og:site_name\" content=\"VN food aeration, depositors, pumps, aerators, cake machines\" \/>\n<meta property=\"article:modified_time\" content=\"2024-10-22T16:10:55+00:00\" \/>\n<meta property=\"og:image\" content=\"https:\/\/foodaeration.com\/wp-content\/uploads\/2022\/05\/TUTTI-I-DOSATORI.jpg\" \/>\n\t<meta property=\"og:image:width\" content=\"392\" \/>\n\t<meta property=\"og:image:height\" content=\"427\" \/>\n\t<meta property=\"og:image:type\" content=\"image\/jpeg\" \/>\n<meta name=\"twitter:card\" content=\"summary_large_image\" \/>\n<meta name=\"twitter:label1\" content=\"Est. reading time\" \/>\n\t<meta name=\"twitter:data1\" content=\"1 minute\" \/>\n<script type=\"application\/ld+json\" class=\"yoast-schema-graph\">{\"@context\":\"https:\/\/schema.org\",\"@graph\":[{\"@type\":\"WebPage\",\"@id\":\"https:\/\/foodaeration.com\/de\/pumpy\/\",\"url\":\"https:\/\/foodaeration.com\/de\/pumpy\/\",\"name\":\"PUMPY - VN food aeration, depositors, pumps, aerators, cake machines\",\"isPartOf\":{\"@id\":\"https:\/\/foodaeration.com\/de\/#website\"},\"datePublished\":\"2023-10-08T18:29:24+00:00\",\"dateModified\":\"2024-10-22T16:10:55+00:00\",\"description\":\"Verlassen Sie sich auf unsere Transferpumpe f\u00fcr Lebensmittelteige: Effizienz, Hygiene und Pr\u00e4zision beim Transport von z\u00e4hfl\u00fcssigen Teigen. Ideal f\u00fcr B\u00e4ckereien, Konditoreien und die Lebensmittelindustrie.\",\"breadcrumb\":{\"@id\":\"https:\/\/foodaeration.com\/de\/pumpy\/#breadcrumb\"},\"inLanguage\":\"en-US\",\"potentialAction\":[{\"@type\":\"ReadAction\",\"target\":[\"https:\/\/foodaeration.com\/de\/pumpy\/\"]}]},{\"@type\":\"BreadcrumbList\",\"@id\":\"https:\/\/foodaeration.com\/de\/pumpy\/#breadcrumb\",\"itemListElement\":[{\"@type\":\"ListItem\",\"position\":1,\"name\":\"Home\",\"item\":\"https:\/\/foodaeration.com\/de\/\"},{\"@type\":\"ListItem\",\"position\":2,\"name\":\"PUMPY\"}]},{\"@type\":\"WebSite\",\"@id\":\"https:\/\/foodaeration.com\/de\/#website\",\"url\":\"https:\/\/foodaeration.com\/de\/\",\"name\":\"VN food aeration\",\"description\":\"Best accuracy ever\",\"publisher\":{\"@id\":\"https:\/\/foodaeration.com\/de\/#organization\"},\"potentialAction\":[{\"@type\":\"SearchAction\",\"target\":{\"@type\":\"EntryPoint\",\"urlTemplate\":\"https:\/\/foodaeration.com\/de\/?s={search_term_string}\"},\"query-input\":\"required name=search_term_string\"}],\"inLanguage\":\"en-US\"},{\"@type\":\"Organization\",\"@id\":\"https:\/\/foodaeration.com\/de\/#organization\",\"name\":\"VN food aeration, depositors, pumps, aerators, cake machines\",\"url\":\"https:\/\/foodaeration.com\/de\/\",\"logo\":{\"@type\":\"ImageObject\",\"inLanguage\":\"en-US\",\"@id\":\"https:\/\/foodaeration.com\/de\/#\/schema\/logo\/image\/\",\"url\":\"https:\/\/foodaeration.com\/wp-content\/uploads\/2024\/09\/vn_logo-1_google.png\",\"contentUrl\":\"https:\/\/foodaeration.com\/wp-content\/uploads\/2024\/09\/vn_logo-1_google.png\",\"width\":640,\"height\":394,\"caption\":\"VN food aeration, depositors, pumps, aerators, cake machines\"},\"image\":{\"@id\":\"https:\/\/foodaeration.com\/de\/#\/schema\/logo\/image\/\"},\"sameAs\":[\"https:\/\/www.instagram.com\/vnfoodaeration\/\",\"https:\/\/www.facebook.com\/people\/VN-Foodaeration\/\",\"https:\/\/www.linkedin.com\/company\/vn-food-aeration\/\"]}]}<\/script>\n<!-- \/ Yoast SEO plugin. -->","yoast_head_json":{"title":"PUMPY - VN food aeration, depositors, pumps, aerators, cake machines","description":"Verlassen Sie sich auf unsere Transferpumpe f\u00fcr Lebensmittelteige: Effizienz, Hygiene und Pr\u00e4zision beim Transport von z\u00e4hfl\u00fcssigen Teigen. Ideal f\u00fcr B\u00e4ckereien, Konditoreien und die Lebensmittelindustrie.","robots":{"index":"index","follow":"follow","max-snippet":"max-snippet:-1","max-image-preview":"max-image-preview:large","max-video-preview":"max-video-preview:-1"},"canonical":"https:\/\/foodaeration.com\/de\/pumpy\/","og_locale":"en_US","og_type":"article","og_title":"PUMPY - VN food aeration, depositors, pumps, aerators, cake machines","og_description":"Verlassen Sie sich auf unsere Transferpumpe f\u00fcr Lebensmittelteige: Effizienz, Hygiene und Pr\u00e4zision beim Transport von z\u00e4hfl\u00fcssigen Teigen. Ideal f\u00fcr B\u00e4ckereien, Konditoreien und die Lebensmittelindustrie.","og_url":"https:\/\/foodaeration.com\/de\/pumpy\/","og_site_name":"VN food aeration, depositors, pumps, aerators, cake machines","article_modified_time":"2024-10-22T16:10:55+00:00","og_image":[{"width":392,"height":427,"url":"https:\/\/foodaeration.com\/wp-content\/uploads\/2022\/05\/TUTTI-I-DOSATORI.jpg","type":"image\/jpeg"}],"twitter_card":"summary_large_image","twitter_misc":{"Est. reading time":"1 minute"},"schema":{"@context":"https:\/\/schema.org","@graph":[{"@type":"WebPage","@id":"https:\/\/foodaeration.com\/de\/pumpy\/","url":"https:\/\/foodaeration.com\/de\/pumpy\/","name":"PUMPY - VN food aeration, depositors, pumps, aerators, cake machines","isPartOf":{"@id":"https:\/\/foodaeration.com\/de\/#website"},"datePublished":"2023-10-08T18:29:24+00:00","dateModified":"2024-10-22T16:10:55+00:00","description":"Verlassen Sie sich auf unsere Transferpumpe f\u00fcr Lebensmittelteige: Effizienz, Hygiene und Pr\u00e4zision beim Transport von z\u00e4hfl\u00fcssigen Teigen. Ideal f\u00fcr B\u00e4ckereien, Konditoreien und die Lebensmittelindustrie.","breadcrumb":{"@id":"https:\/\/foodaeration.com\/de\/pumpy\/#breadcrumb"},"inLanguage":"en-US","potentialAction":[{"@type":"ReadAction","target":["https:\/\/foodaeration.com\/de\/pumpy\/"]}]},{"@type":"BreadcrumbList","@id":"https:\/\/foodaeration.com\/de\/pumpy\/#breadcrumb","itemListElement":[{"@type":"ListItem","position":1,"name":"Home","item":"https:\/\/foodaeration.com\/de\/"},{"@type":"ListItem","position":2,"name":"PUMPY"}]},{"@type":"WebSite","@id":"https:\/\/foodaeration.com\/de\/#website","url":"https:\/\/foodaeration.com\/de\/","name":"VN food aeration","description":"Best accuracy ever","publisher":{"@id":"https:\/\/foodaeration.com\/de\/#organization"},"potentialAction":[{"@type":"SearchAction","target":{"@type":"EntryPoint","urlTemplate":"https:\/\/foodaeration.com\/de\/?s={search_term_string}"},"query-input":"required name=search_term_string"}],"inLanguage":"en-US"},{"@type":"Organization","@id":"https:\/\/foodaeration.com\/de\/#organization","name":"VN food aeration, depositors, pumps, aerators, cake machines","url":"https:\/\/foodaeration.com\/de\/","logo":{"@type":"ImageObject","inLanguage":"en-US","@id":"https:\/\/foodaeration.com\/de\/#\/schema\/logo\/image\/","url":"https:\/\/foodaeration.com\/wp-content\/uploads\/2024\/09\/vn_logo-1_google.png","contentUrl":"https:\/\/foodaeration.com\/wp-content\/uploads\/2024\/09\/vn_logo-1_google.png","width":640,"height":394,"caption":"VN food aeration, depositors, pumps, aerators, cake machines"},"image":{"@id":"https:\/\/foodaeration.com\/de\/#\/schema\/logo\/image\/"},"sameAs":["https:\/\/www.instagram.com\/vnfoodaeration\/","https:\/\/www.facebook.com\/people\/VN-Foodaeration\/","https:\/\/www.linkedin.com\/company\/vn-food-aeration\/"]}]}},"_links":{"self":[{"href":"https:\/\/foodaeration.com\/de\/wp-json\/wp\/v2\/pages\/3102"}],"collection":[{"href":"https:\/\/foodaeration.com\/de\/wp-json\/wp\/v2\/pages"}],"about":[{"href":"https:\/\/foodaeration.com\/de\/wp-json\/wp\/v2\/types\/page"}],"author":[{"embeddable":true,"href":"https:\/\/foodaeration.com\/de\/wp-json\/wp\/v2\/users\/9"}],"replies":[{"embeddable":true,"href":"https:\/\/foodaeration.com\/de\/wp-json\/wp\/v2\/comments?post=3102"}],"version-history":[{"count":3,"href":"https:\/\/foodaeration.com\/de\/wp-json\/wp\/v2\/pages\/3102\/revisions"}],"predecessor-version":[{"id":3116,"href":"https:\/\/foodaeration.com\/de\/wp-json\/wp\/v2\/pages\/3102\/revisions\/3116"}],"wp:attachment":[{"href":"https:\/\/foodaeration.com\/de\/wp-json\/wp\/v2\/media?parent=3102"}],"curies":[{"name":"wp","href":"https:\/\/api.w.org\/{rel}","templated":true}]}}