{"id":3082,"date":"2019-12-17T13:17:28","date_gmt":"2019-12-17T12:17:28","guid":{"rendered":"https:\/\/foodaeration.com\/aerators-2\/"},"modified":"2024-10-23T18:52:50","modified_gmt":"2024-10-23T16:52:50","slug":"aerators-2","status":"publish","type":"page","link":"https:\/\/foodaeration.com\/de\/aerators-2\/","title":{"rendered":"Aerators"},"content":{"rendered":"<section  class=\"section swatch-blue-white section-tiny \" ><div class=\"background-media\" style=\"background-image:url('https:\/\/foodaeration.com\/wp-content\/uploads\/2018\/08\/home_img3.jpg');background-repeat:no-repeat;background-size:cover;background-attachment:fixed;background-position:center 0%;\"><\/div><div class=\"background-overlay\" style=\"\"><\/div><div class=\"container\"><div class=\"row vertical-top\"><div class=\"col-md-12  text-default\" >[vc_empty_space height=&#8220;102px&#8220;]<h1 class=\"text-center hyper bold bordered-header\">Bel\u00fcftungsmischer<\/h1>[vc_empty_space height=&#8220;102px&#8220;]<\/div><\/div><\/div><\/section><section  class=\"section swatch-white-blue section-tiny has-bottom \" ><div class=\"background-media\"><\/div><div class=\"background-overlay\" style=\"\"><\/div><div class=\"container\"><div class=\"row vertical-top\"><div class=\"col-md-12  text-default\" ><h1 class=\"text-center normal bold bordered-header\">HEALTHY VN02 <\/h1><div class=\"row \"><div class=\"col-md-4  text-default\" >[vc_video link=&#8220;https:\/\/youtu.be\/qcftozU15OM&#8220;]<\/div><div class=\"col-md-4  text-default\" >[vc_video link=&#8220;https:\/\/youtu.be\/BhdLplsEB-I&#8220;]<\/div><div class=\"col-md-4  text-default\" >[vc_video link=&#8220;https:\/\/youtu.be\/KzrqY2HfoGQ&#8220;]<\/div><\/div><div class=\"flex-shrink-0 flex flex-col relative items-end\">\n<div>\n<div class=\"pt-0\">\n<div class=\"gizmo-bot-avatar flex h-8 w-8 items-center justify-center overflow-hidden rounded-full\">\n<div class=\"relative p-1 rounded-sm flex items-center justify-center bg-token-main-surface-primary text-token-text-primary h-8 w-8\">\u00a0<\/div>\n<\/div>\n<\/div>\n<\/div>\n<\/div>\n<div class=\"group\/conversation-turn relative flex w-full min-w-0 flex-col agent-turn\">\n<div class=\"flex-col gap-1 md:gap-3\">\n<div class=\"flex max-w-full flex-col flex-grow\">\n<div class=\"min-h-8 text-message flex w-full flex-col items-end gap-2 whitespace-normal break-words &#091;.text-message+&amp;&#093;:mt-5\" dir=\"auto\" data-message-author-role=\"assistant\" data-message-id=\"e9514422-f316-4a1c-afc9-e0fbd445d79f\" data-message-model-slug=\"gpt-4o\">\n<div class=\"flex w-full flex-col gap-1 empty:hidden first:pt-&#091;3px&#093;\">\n<div class=\"markdown prose w-full break-words dark:prose-invert light\">\n<h2>Es hebt sich von anderen Mischern durch seine gro\u00dfe Flexibilit\u00e4t ab: geeignet f\u00fcr Tests, Produktentwicklung, Feinabstimmung und Versuche neuer Produkte in kleinen Mengen (nur 4 Kilogramm).<\/h2>\n<\/div>\n<\/div>\n<\/div>\n<\/div>\n<\/div>\n<\/div>\n[vc_empty_space][vc_empty_space]<img decoding=\"async\" alt=\"\" src=\"https:\/\/foodaeration.com\/wp-content\/uploads\/2019\/12\/Schermata-2019-11-05-alle-15.47.22-e1760372633322.png\" class=\"aligncenter\"\/><h1>\u00a0<\/h1>\n<h2 style=\"text-align: justify;\">HEALTHY VN02 STANDARD BASIC: manuelle Steuerung der Durchflussrate und Geschwindigkeit<\/h2>\n<h2>\u00a0<\/h2>\n<h2 style=\"text-align: justify;\">HEALTHY VN02 ELECTRONIC: elektronische Steuerung \u00fcber PLC (Touchscreen), Netzwerkkommunikation, Einstellung und Speicherung von Rezepten \u00fcber den Touchscreen usw.<\/h2>\n[vc_empty_space]<img decoding=\"async\" alt=\"\" src=\"https:\/\/foodaeration.com\/wp-content\/uploads\/2020\/01\/Schermata-2019-11-05-alle-16.07.43-copia.png\" class=\"alignjustify\"\/><h1 style=\"text-align: center;\">ANWENDUNGSBEREICHE<\/h1>\n<h2 style=\"text-align: justify;\"><strong>PATISSERIE<\/strong>: Plumcake, Baisers, M\u00fcrbeteig und Kekse, Cremes, Mousse, Milch- und Molkereiprodukte, Schokolade, Eis, Joghurt, Schlagsahne, Marshmallows, Madeleines, Muffins, Biskuit, L\u00f6ffelbiskuit usw.<\/h2>\n<h2 style=\"text-align: justify;\"><strong>SAUCEN UND HERZHAFTE PRODUKTE<\/strong>: Mayonnaise, Sauce, Dressings, geschmolzener K\u00e4se, Gelatine, Emulsionen usw.<\/h2>\n<h2 style=\"text-align: justify;\"><strong>BACKPRODUKTE<\/strong>: Pizzateig, Brotteig, Teige f\u00fcr Cracker, Grissini und andere Hefeersatzprodukte, Sauerteig usw.<\/h2>\n[vc_empty_space][vc_empty_space]<\/div><\/div><\/div><div class=\"decor-bottom\"><svg class=\"decor\" height=\"100%\" preserveaspectratio=\"none\" version=\"1.1\" viewbox=\"0 0 100 100\" width=\"100%\" xmlns=\"http:\/\/www.w3.org\/2000\/svg\">\n  <path d=\"M0 0 L100 0 L100 100\" stroke-width=\"0\"><\/path>\n<\/svg>\n<\/div><\/section><section  class=\"section swatch-white-red section-normal \" ><div class=\"background-media\"><\/div><div class=\"background-overlay\" style=\"\"><\/div><div class=\"container\"><div class=\"row vertical-top\"><div class=\"col-md-4  text-default\" ><h1 style=\"text-align: center;\">MODULARE TEILE, EINFACH ZU MONTIEREN<\/h1>\n<\/div><div class=\"col-md-4  text-default\" ><h1 style=\"text-align: center;\">KONTINUIERLICHER ODER ABWECHSELNDER ZYKLISCHER PROZESS<\/h1>\n<\/div><div class=\"col-md-4  text-default\" ><h1 style=\"text-align: center;\">EINFACHE REINIGUNG, ZEITEFFIZIENZ<\/h1>\n<\/div><\/div><\/div><\/section><section  class=\"section swatch-white-red section-normal \" ><div class=\"background-media\"><\/div><div class=\"background-overlay\" style=\"\"><\/div><div class=\"container\"><div class=\"row vertical-top\"><div class=\"col-md-12  text-default\" ><h1 style=\"text-align: center;\">Technische Spezifikationen<\/h1>\n<img decoding=\"async\" alt=\"\" src=\"https:\/\/foodaeration.com\/wp-content\/uploads\/2019\/01\/caratteristiche-tecniche.png\" class=\"aligncenter\"\/><\/div><\/div><\/div><\/section><section  class=\"section swatch-white-red section-normal \" ><div class=\"background-media\"><\/div><div class=\"background-overlay\" style=\"\"><\/div><div class=\"container\"><div class=\"row vertical-top\"><div class=\"col-md-12  text-default\" ><p style=\"text-align: center;\"><strong><span style=\"font-size: 21px;\">ADEN SIE DEN HEALTHY KATALOG HIER UNTEN HERUNTER<\/span><\/strong><\/p>\n<div class=\"wp-block-buttons is-content-justification-center is-layout-flex wp-container-core-buttons-is-layout-1 wp-block-buttons-is-layout-flex\">\n<div class=\"wp-block-button is-style-fill\"><span style=\"font-size: 21px;\"><a class=\"wp-block-button__link has-vivid-green-cyan-background-color has-background has-text-align-center wp-element-button\" href=\"https:\/\/foodaeration.com\/wp-content\/uploads\/2024\/10\/vn_tre_ante_eng_light.pdf\">DOWNLOAD<\/a><\/span><\/div>\n<\/div>\n<\/div><\/div><\/div><\/section><section  class=\"section swatch-white-red section-normal \" ><div class=\"background-media\"><\/div><div class=\"background-overlay\" style=\"\"><\/div><div class=\"container\"><div class=\"row vertical-top\"><div class=\"col-md-3  text-default\" ><img decoding=\"async\" alt=\"\" src=\"https:\/\/foodaeration.com\/wp-content\/uploads\/2018\/01\/02-250x300.jpg\" class=\"alignnone\"\/><\/div><div class=\"col-md-3  text-default\" ><img decoding=\"async\" alt=\"\" src=\"https:\/\/foodaeration.com\/wp-content\/uploads\/2018\/01\/04-161x300.jpg\" class=\"alignnone\"\/><\/div><div class=\"col-md-3  text-default\" ><img decoding=\"async\" alt=\"\" src=\"https:\/\/foodaeration.com\/wp-content\/uploads\/2018\/01\/03-161x300.jpg\" class=\"alignnone\"\/><\/div><div class=\"col-md-3  text-default\" ><img decoding=\"async\" alt=\"\" src=\"https:\/\/foodaeration.com\/wp-content\/uploads\/2018\/01\/img_01_VN-1-198x300.jpg\" class=\"alignnone\"\/><\/div><\/div><\/div><\/section>","protected":false},"excerpt":{"rendered":"[vc_empty_space height=\"102px\"]Bel\u00fcftungsmischer[vc_empty_space height=\"102px\"]HEALTHY VN02 [vc_video link=\"https:\/\/youtu.be\/qcftozU15OM\"][vc_video link=\"https:\/\/youtu.be\/BhdLplsEB-I\"][vc_video link=\"https:\/\/youtu.be\/KzrqY2HfoGQ\"] \u00a0 Es hebt sich von anderen Mischern durch seine gro\u00dfe Flexibilit\u00e4t ab: geeignet f\u00fcr Tests, Produktentwicklung, Feinabstimmung und Versuche neuer Produkte in kleinen Mengen (nur 4 Kilogramm). [vc_empty_space][vc_empty_space]\u00a0 HEALTHY VN02 STANDARD BASIC: manuelle Steuerung der Durchflussrate und Geschwindigkeit \u00a0 HEALTHY VN02 ELECTRONIC: elektronische Steuerung \u00fcber PLC (Touchscreen),","protected":false},"author":9,"featured_media":0,"parent":0,"menu_order":0,"comment_status":"closed","ping_status":"closed","template":"","meta":{"_joinchat":[],"footnotes":""},"yoast_head":"<!-- This site is optimized with the Yoast SEO plugin v23.1 - https:\/\/yoast.com\/wordpress\/plugins\/seo\/ -->\n<title>Aerators - VN food aeration, depositors, pumps, aerators, cake machines<\/title>\n<meta name=\"description\" content=\"Entdecken Sie innovative L\u00f6sungen f\u00fcr die Lebensmittelbel\u00fcftung. Wir sind auf Dosierer, Bel\u00fcfter und Ausr\u00fcstungen zur Verarbeitung von Cremes und Teigen spezialisiert, die f\u00fcr Effizienz und Vielseitigkeit optimiert sind. Besuchen Sie unsere Website, um hochmoderne Produkte f\u00fcr B\u00e4ckereien und Konditoreien zu erkunden.\" \/>\n<meta name=\"robots\" content=\"index, follow, max-snippet:-1, max-image-preview:large, max-video-preview:-1\" \/>\n<link rel=\"canonical\" href=\"https:\/\/foodaeration.com\/de\/aerators-2\/\" \/>\n<meta property=\"og:locale\" content=\"en_US\" \/>\n<meta property=\"og:type\" content=\"article\" \/>\n<meta property=\"og:title\" content=\"Aerators - VN food aeration, depositors, pumps, aerators, cake machines\" \/>\n<meta property=\"og:description\" content=\"Entdecken Sie innovative L\u00f6sungen f\u00fcr die Lebensmittelbel\u00fcftung. Wir sind auf Dosierer, Bel\u00fcfter und Ausr\u00fcstungen zur Verarbeitung von Cremes und Teigen spezialisiert, die f\u00fcr Effizienz und Vielseitigkeit optimiert sind. Besuchen Sie unsere Website, um hochmoderne Produkte f\u00fcr B\u00e4ckereien und Konditoreien zu erkunden.\" \/>\n<meta property=\"og:url\" content=\"https:\/\/foodaeration.com\/de\/aerators-2\/\" \/>\n<meta property=\"og:site_name\" content=\"VN food aeration, depositors, pumps, aerators, cake machines\" \/>\n<meta property=\"article:modified_time\" content=\"2024-10-23T16:52:50+00:00\" \/>\n<meta property=\"og:image\" content=\"https:\/\/foodaeration.com\/wp-content\/uploads\/2022\/05\/TUTTI-I-DOSATORI.jpg\" \/>\n\t<meta property=\"og:image:width\" content=\"392\" \/>\n\t<meta property=\"og:image:height\" content=\"427\" \/>\n\t<meta property=\"og:image:type\" content=\"image\/jpeg\" \/>\n<meta name=\"twitter:card\" content=\"summary_large_image\" \/>\n<meta name=\"twitter:label1\" content=\"Est. reading time\" \/>\n\t<meta name=\"twitter:data1\" content=\"1 minute\" \/>\n<script type=\"application\/ld+json\" class=\"yoast-schema-graph\">{\"@context\":\"https:\/\/schema.org\",\"@graph\":[{\"@type\":\"WebPage\",\"@id\":\"https:\/\/foodaeration.com\/de\/aerators-2\/\",\"url\":\"https:\/\/foodaeration.com\/de\/aerators-2\/\",\"name\":\"Aerators - VN food aeration, depositors, pumps, aerators, cake machines\",\"isPartOf\":{\"@id\":\"https:\/\/foodaeration.com\/de\/#website\"},\"datePublished\":\"2019-12-17T12:17:28+00:00\",\"dateModified\":\"2024-10-23T16:52:50+00:00\",\"description\":\"Entdecken Sie innovative L\u00f6sungen f\u00fcr die Lebensmittelbel\u00fcftung. Wir sind auf Dosierer, Bel\u00fcfter und Ausr\u00fcstungen zur Verarbeitung von Cremes und Teigen spezialisiert, die f\u00fcr Effizienz und Vielseitigkeit optimiert sind. Besuchen Sie unsere Website, um hochmoderne Produkte f\u00fcr B\u00e4ckereien und Konditoreien zu erkunden.\",\"breadcrumb\":{\"@id\":\"https:\/\/foodaeration.com\/de\/aerators-2\/#breadcrumb\"},\"inLanguage\":\"en-US\",\"potentialAction\":[{\"@type\":\"ReadAction\",\"target\":[\"https:\/\/foodaeration.com\/de\/aerators-2\/\"]}]},{\"@type\":\"BreadcrumbList\",\"@id\":\"https:\/\/foodaeration.com\/de\/aerators-2\/#breadcrumb\",\"itemListElement\":[{\"@type\":\"ListItem\",\"position\":1,\"name\":\"Home\",\"item\":\"https:\/\/foodaeration.com\/de\/\"},{\"@type\":\"ListItem\",\"position\":2,\"name\":\"Aerators\"}]},{\"@type\":\"WebSite\",\"@id\":\"https:\/\/foodaeration.com\/de\/#website\",\"url\":\"https:\/\/foodaeration.com\/de\/\",\"name\":\"VN food aeration\",\"description\":\"Best accuracy ever\",\"publisher\":{\"@id\":\"https:\/\/foodaeration.com\/de\/#organization\"},\"potentialAction\":[{\"@type\":\"SearchAction\",\"target\":{\"@type\":\"EntryPoint\",\"urlTemplate\":\"https:\/\/foodaeration.com\/de\/?s={search_term_string}\"},\"query-input\":\"required name=search_term_string\"}],\"inLanguage\":\"en-US\"},{\"@type\":\"Organization\",\"@id\":\"https:\/\/foodaeration.com\/de\/#organization\",\"name\":\"VN food aeration, depositors, pumps, aerators, cake machines\",\"url\":\"https:\/\/foodaeration.com\/de\/\",\"logo\":{\"@type\":\"ImageObject\",\"inLanguage\":\"en-US\",\"@id\":\"https:\/\/foodaeration.com\/de\/#\/schema\/logo\/image\/\",\"url\":\"https:\/\/foodaeration.com\/wp-content\/uploads\/2024\/09\/vn_logo-1_google.png\",\"contentUrl\":\"https:\/\/foodaeration.com\/wp-content\/uploads\/2024\/09\/vn_logo-1_google.png\",\"width\":640,\"height\":394,\"caption\":\"VN food aeration, depositors, pumps, aerators, cake machines\"},\"image\":{\"@id\":\"https:\/\/foodaeration.com\/de\/#\/schema\/logo\/image\/\"},\"sameAs\":[\"https:\/\/www.instagram.com\/vnfoodaeration\/\",\"https:\/\/www.facebook.com\/people\/VN-Foodaeration\/\",\"https:\/\/www.linkedin.com\/company\/vn-food-aeration\/\"]}]}<\/script>\n<!-- \/ Yoast SEO plugin. -->","yoast_head_json":{"title":"Aerators - VN food aeration, depositors, pumps, aerators, cake machines","description":"Entdecken Sie innovative L\u00f6sungen f\u00fcr die Lebensmittelbel\u00fcftung. Wir sind auf Dosierer, Bel\u00fcfter und Ausr\u00fcstungen zur Verarbeitung von Cremes und Teigen spezialisiert, die f\u00fcr Effizienz und Vielseitigkeit optimiert sind. Besuchen Sie unsere Website, um hochmoderne Produkte f\u00fcr B\u00e4ckereien und Konditoreien zu erkunden.","robots":{"index":"index","follow":"follow","max-snippet":"max-snippet:-1","max-image-preview":"max-image-preview:large","max-video-preview":"max-video-preview:-1"},"canonical":"https:\/\/foodaeration.com\/de\/aerators-2\/","og_locale":"en_US","og_type":"article","og_title":"Aerators - VN food aeration, depositors, pumps, aerators, cake machines","og_description":"Entdecken Sie innovative L\u00f6sungen f\u00fcr die Lebensmittelbel\u00fcftung. Wir sind auf Dosierer, Bel\u00fcfter und Ausr\u00fcstungen zur Verarbeitung von Cremes und Teigen spezialisiert, die f\u00fcr Effizienz und Vielseitigkeit optimiert sind. Besuchen Sie unsere Website, um hochmoderne Produkte f\u00fcr B\u00e4ckereien und Konditoreien zu erkunden.","og_url":"https:\/\/foodaeration.com\/de\/aerators-2\/","og_site_name":"VN food aeration, depositors, pumps, aerators, cake machines","article_modified_time":"2024-10-23T16:52:50+00:00","og_image":[{"width":392,"height":427,"url":"https:\/\/foodaeration.com\/wp-content\/uploads\/2022\/05\/TUTTI-I-DOSATORI.jpg","type":"image\/jpeg"}],"twitter_card":"summary_large_image","twitter_misc":{"Est. reading time":"1 minute"},"schema":{"@context":"https:\/\/schema.org","@graph":[{"@type":"WebPage","@id":"https:\/\/foodaeration.com\/de\/aerators-2\/","url":"https:\/\/foodaeration.com\/de\/aerators-2\/","name":"Aerators - VN food aeration, depositors, pumps, aerators, cake machines","isPartOf":{"@id":"https:\/\/foodaeration.com\/de\/#website"},"datePublished":"2019-12-17T12:17:28+00:00","dateModified":"2024-10-23T16:52:50+00:00","description":"Entdecken Sie innovative L\u00f6sungen f\u00fcr die Lebensmittelbel\u00fcftung. Wir sind auf Dosierer, Bel\u00fcfter und Ausr\u00fcstungen zur Verarbeitung von Cremes und Teigen spezialisiert, die f\u00fcr Effizienz und Vielseitigkeit optimiert sind. Besuchen Sie unsere Website, um hochmoderne Produkte f\u00fcr B\u00e4ckereien und Konditoreien zu erkunden.","breadcrumb":{"@id":"https:\/\/foodaeration.com\/de\/aerators-2\/#breadcrumb"},"inLanguage":"en-US","potentialAction":[{"@type":"ReadAction","target":["https:\/\/foodaeration.com\/de\/aerators-2\/"]}]},{"@type":"BreadcrumbList","@id":"https:\/\/foodaeration.com\/de\/aerators-2\/#breadcrumb","itemListElement":[{"@type":"ListItem","position":1,"name":"Home","item":"https:\/\/foodaeration.com\/de\/"},{"@type":"ListItem","position":2,"name":"Aerators"}]},{"@type":"WebSite","@id":"https:\/\/foodaeration.com\/de\/#website","url":"https:\/\/foodaeration.com\/de\/","name":"VN food aeration","description":"Best accuracy ever","publisher":{"@id":"https:\/\/foodaeration.com\/de\/#organization"},"potentialAction":[{"@type":"SearchAction","target":{"@type":"EntryPoint","urlTemplate":"https:\/\/foodaeration.com\/de\/?s={search_term_string}"},"query-input":"required name=search_term_string"}],"inLanguage":"en-US"},{"@type":"Organization","@id":"https:\/\/foodaeration.com\/de\/#organization","name":"VN food aeration, depositors, pumps, aerators, cake machines","url":"https:\/\/foodaeration.com\/de\/","logo":{"@type":"ImageObject","inLanguage":"en-US","@id":"https:\/\/foodaeration.com\/de\/#\/schema\/logo\/image\/","url":"https:\/\/foodaeration.com\/wp-content\/uploads\/2024\/09\/vn_logo-1_google.png","contentUrl":"https:\/\/foodaeration.com\/wp-content\/uploads\/2024\/09\/vn_logo-1_google.png","width":640,"height":394,"caption":"VN food aeration, depositors, pumps, aerators, cake machines"},"image":{"@id":"https:\/\/foodaeration.com\/de\/#\/schema\/logo\/image\/"},"sameAs":["https:\/\/www.instagram.com\/vnfoodaeration\/","https:\/\/www.facebook.com\/people\/VN-Foodaeration\/","https:\/\/www.linkedin.com\/company\/vn-food-aeration\/"]}]}},"_links":{"self":[{"href":"https:\/\/foodaeration.com\/de\/wp-json\/wp\/v2\/pages\/3082"}],"collection":[{"href":"https:\/\/foodaeration.com\/de\/wp-json\/wp\/v2\/pages"}],"about":[{"href":"https:\/\/foodaeration.com\/de\/wp-json\/wp\/v2\/types\/page"}],"author":[{"embeddable":true,"href":"https:\/\/foodaeration.com\/de\/wp-json\/wp\/v2\/users\/9"}],"replies":[{"embeddable":true,"href":"https:\/\/foodaeration.com\/de\/wp-json\/wp\/v2\/comments?post=3082"}],"version-history":[{"count":6,"href":"https:\/\/foodaeration.com\/de\/wp-json\/wp\/v2\/pages\/3082\/revisions"}],"predecessor-version":[{"id":3152,"href":"https:\/\/foodaeration.com\/de\/wp-json\/wp\/v2\/pages\/3082\/revisions\/3152"}],"wp:attachment":[{"href":"https:\/\/foodaeration.com\/de\/wp-json\/wp\/v2\/media?parent=3082"}],"curies":[{"name":"wp","href":"https:\/\/api.w.org\/{rel}","templated":true}]}}