{"id":2966,"date":"2022-07-13T12:31:33","date_gmt":"2022-07-13T10:31:33","guid":{"rendered":"https:\/\/foodaeration.com\/multidroppy\/"},"modified":"2024-10-16T17:23:36","modified_gmt":"2024-10-16T15:23:36","slug":"multidroppy","status":"publish","type":"page","link":"https:\/\/foodaeration.com\/de\/multidroppy\/","title":{"rendered":"MULTIDROPPY"},"content":{"rendered":"<section  class=\"section swatch-white-red section-normal \" ><div class=\"background-media\"><\/div><div class=\"background-overlay\" style=\"\"><\/div><div class=\"container\"><div class=\"row vertical-top\"><div class=\"col-md-6  text-default\" ><h1 style=\"text-align: center;\"><strong>MULTIDROPPY <\/strong><\/h1>\n<p style=\"text-align: center;\"><strong>VN08<\/strong> (6 PORTS) <strong>VN10<\/strong> (8 PORTS)<\/p>\n<h2 style=\"text-align: center;\">PNEUMATIC DEPOSITOR (PATENTED)<\/h2>\n<h2 style=\"text-align: center;\">\u00a0<\/h2>\n<\/div><div class=\"col-md-6  text-default\" >[vc_video link=&#8220;https:\/\/www.youtube.com\/watch?v=ToUiFVAL05k&#8220;]<\/div><\/div><\/div><\/section><section  class=\"section swatch-white-red section-normal \" ><div class=\"background-media\"><\/div><div class=\"background-overlay\" style=\"\"><\/div><div class=\"container\"><div class=\"row vertical-top\"><div class=\"col-md-6  text-default\" ><img decoding=\"async\" alt=\"\" src=\"https:\/\/foodaeration.com\/wp-content\/uploads\/2022\/05\/20211222_105342_modificata-979x1024.png\" class=\"alignnone\"\/><\/div><div class=\"col-md-6  text-default\" ><ul>\n<li>\n<h2>Vorteile<\/h2>\n<h2>&#8211; Komplett aus Edelstahl<\/h2>\n<h2>&#8211; Anpassbar und geeignet f\u00fcr alle fl\u00fcssigen und fl\u00fcssigen Produkte<\/h2>\n<h2>&#8211; Alle Teile sind so konzipiert, dass sie die Reinigungs-, Wartungs- und Demontagearbeiten erleichtern<\/h2>\n<h2>&#8211; Geeignet f\u00fcr Lebensmittel-, chemische, kosmetische und pharmazeutische Produkte<\/h2>\n<h2>&#8211; H\u00f6chste Pr\u00e4zision und Konstanz<\/h2>\n<h2>&#8211; ANTI-TR\u00c4NKSYSTEM<\/h2>\n<h2>&#8211; Verschiedene D\u00fcsen verf\u00fcgbar<\/h2>\n<\/li>\n<li>\n<h2>Eigenschaften<\/h2>\n<h2>&#8211; 6 Portionen: VN08<\/h2>\n<h2>&#8211; 8 Portionen: VN10<\/h2>\n<h2>&#8211; H\u00f6henverstellbarer Auslegerst\u00e4nder<\/h2>\n<h2>&#8211; Trichter mit 50 Litern (14 Gallonen)<\/h2>\n<h2>&#8211; Optional: beheizter Trichter (30 \u00b0C &#8211; 90 \u00b0C)<\/h2>\n<h2>&#8211; Optional: gek\u00fchlter Trichter (bis zu 4 \u00b0C)<\/h2>\n<h2>&#8211; Optional: Integration in eine F\u00f6rderlinie<\/h2>\n<\/li>\n<\/ul>\n<\/div><\/div><\/div><\/section><section  class=\"section swatch-white-red section-normal \" ><div class=\"background-media\"><\/div><div class=\"background-overlay\" style=\"\"><\/div><div class=\"container\"><div class=\"row vertical-top\"><div class=\"col-md-4  text-default\" ><img decoding=\"async\" alt=\"\" src=\"https:\/\/foodaeration.com\/wp-content\/uploads\/2022\/04\/pneum-only.png\" class=\"aligncenter\"\/><h1>\u00a0<\/h1>\n<h1 style=\"text-align: center;\">KEIN ELEKTRISCHES RISIKO<\/h1>\n<\/div><div class=\"col-md-4  text-default\" ><img decoding=\"async\" alt=\"\" src=\"https:\/\/foodaeration.com\/wp-content\/uploads\/2022\/04\/HIGH_SPEED-268x300.jpg\" class=\"aligncenter\"\/><h1 style=\"text-align: center;\"><strong>HOHE LEISTUNG MIT ST\u00dcCKEN UND DENSEN TEIG <\/strong><\/h1>\n<\/div><div class=\"col-md-4  text-default\" ><img decoding=\"async\" alt=\"\" src=\"https:\/\/foodaeration.com\/wp-content\/uploads\/2022\/04\/ANTIDRIP-e1727252623366.jpg\" class=\"aligncenter\"\/><h1>\u00a0<\/h1>\n<h1 style=\"text-align: center;\">PATENTIERTES ANTI-GREIF-SYSTEM<\/h1>\n<\/div><\/div><\/div><\/section><section  class=\"section swatch-white-red section-normal \" ><div class=\"background-media\"><\/div><div class=\"background-overlay\" style=\"\"><\/div><div class=\"container\"><div class=\"row vertical-top\"><div class=\"col-md-12  text-default\" >[vc_empty_space][vc_empty_space]<h1 style=\"text-align: center;\">Technische Daten<\/h1>\n<img decoding=\"async\" alt=\"\" src=\"https:\/\/foodaeration.com\/wp-content\/uploads\/2022\/07\/tech_spech_1.png\" class=\"aligncenter\"\/><img decoding=\"async\" alt=\"\" src=\"https:\/\/foodaeration.com\/wp-content\/uploads\/2022\/07\/tech_spech_2.png\" class=\"aligncenter\"\/><\/div><\/div><\/div><\/section><section  class=\"section swatch-white-red section-normal \" ><div class=\"background-media\"><\/div><div class=\"background-overlay\" style=\"\"><\/div><div class=\"container\"><div class=\"row vertical-top\"><div class=\"col-md-12  text-default\" ><h2 style=\"text-align: center;\"><strong>LADEN SIE DAS MULTIDROPPY-KATALOG UNTEN HERUNTER<\/strong><\/h2>\n<div class=\"wp-block-buttons is-content-justification-center is-layout-flex wp-container-core-buttons-is-layout-1 wp-block-buttons-is-layout-flex\">\n<div class=\"wp-block-button is-style-fill\"><span style=\"font-size: 21px;\"><a class=\"wp-block-button__link has-vivid-green-cyan-background-color has-background has-text-align-center wp-element-button\" href=\"https:\/\/foodaeration.com\/wp-content\/uploads\/2024\/10\/VN_BROCHURE_MULTIDROPPY_VN08_VN10.pdf\">DOWNLOAD<\/a><\/span><\/div>\n<\/div>\n<\/div><\/div><\/div><\/section><section  class=\"section swatch-white-red section-nopadding \" ><div class=\"background-media\"><\/div><div class=\"background-overlay\" style=\"\"><\/div><div class=\"container\"><div class=\"row vertical-top\"><div class=\"col-md-12  text-default\" >[vc_empty_space]<\/div><\/div><\/div><\/section>","protected":false},"excerpt":{"rendered":"MULTIDROPPY VN08 (6 PORTS) VN10 (8 PORTS) PNEUMATIC DEPOSITOR (PATENTED) \u00a0 [vc_video link=\"https:\/\/www.youtube.com\/watch?v=ToUiFVAL05k\"] Vorteile - Komplett aus Edelstahl - Anpassbar und geeignet f\u00fcr alle fl\u00fcssigen und fl\u00fcssigen Produkte - Alle Teile sind so konzipiert, dass sie die Reinigungs-, Wartungs- und Demontagearbeiten erleichtern - Geeignet f\u00fcr Lebensmittel-, chemische, kosmetische und pharmazeutische Produkte - H\u00f6chste Pr\u00e4zision und","protected":false},"author":9,"featured_media":0,"parent":0,"menu_order":0,"comment_status":"closed","ping_status":"closed","template":"","meta":{"_joinchat":[],"footnotes":""},"yoast_head":"<!-- This site is optimized with the Yoast SEO plugin v23.1 - https:\/\/yoast.com\/wordpress\/plugins\/seo\/ -->\n<title>MULTIDROPPY - VN food aeration, depositors, pumps, aerators, cake machines MULTIDROPPY<\/title>\n<meta name=\"description\" content=\"the best industrial dosifier for jam creams gel; no drips patented system is tailored to ensure accurate filling and prevent leaks, drips, or waste. %\" \/>\n<meta name=\"robots\" content=\"index, follow, max-snippet:-1, max-image-preview:large, max-video-preview:-1\" \/>\n<link rel=\"canonical\" href=\"https:\/\/foodaeration.com\/de\/multidroppy\/\" \/>\n<meta property=\"og:locale\" content=\"en_US\" \/>\n<meta property=\"og:type\" content=\"article\" \/>\n<meta property=\"og:title\" content=\"MULTIDROPPY - VN food aeration, depositors, pumps, aerators, cake machines MULTIDROPPY\" \/>\n<meta property=\"og:description\" content=\"the best industrial dosifier for jam creams gel; no drips patented system is tailored to ensure accurate filling and prevent leaks, drips, or waste. %\" \/>\n<meta property=\"og:url\" content=\"https:\/\/foodaeration.com\/de\/multidroppy\/\" \/>\n<meta property=\"og:site_name\" content=\"VN food aeration, depositors, pumps, aerators, cake machines\" \/>\n<meta property=\"article:modified_time\" content=\"2024-10-16T15:23:36+00:00\" \/>\n<meta property=\"og:image\" content=\"https:\/\/foodaeration.com\/wp-content\/uploads\/2022\/05\/TUTTI-I-DOSATORI.jpg\" \/>\n\t<meta property=\"og:image:width\" content=\"392\" \/>\n\t<meta property=\"og:image:height\" content=\"427\" \/>\n\t<meta property=\"og:image:type\" content=\"image\/jpeg\" \/>\n<meta name=\"twitter:card\" content=\"summary_large_image\" \/>\n<meta name=\"twitter:label1\" content=\"Est. reading time\" \/>\n\t<meta name=\"twitter:data1\" content=\"1 minute\" \/>\n<script type=\"application\/ld+json\" class=\"yoast-schema-graph\">{\"@context\":\"https:\/\/schema.org\",\"@graph\":[{\"@type\":\"WebPage\",\"@id\":\"https:\/\/foodaeration.com\/de\/multidroppy\/\",\"url\":\"https:\/\/foodaeration.com\/de\/multidroppy\/\",\"name\":\"MULTIDROPPY - VN food aeration, depositors, pumps, aerators, cake machines MULTIDROPPY\",\"isPartOf\":{\"@id\":\"https:\/\/foodaeration.com\/de\/#website\"},\"datePublished\":\"2022-07-13T10:31:33+00:00\",\"dateModified\":\"2024-10-16T15:23:36+00:00\",\"description\":\"the best industrial dosifier for jam creams gel; no drips patented system is tailored to ensure accurate filling and prevent leaks, drips, or waste. %\",\"breadcrumb\":{\"@id\":\"https:\/\/foodaeration.com\/de\/multidroppy\/#breadcrumb\"},\"inLanguage\":\"en-US\",\"potentialAction\":[{\"@type\":\"ReadAction\",\"target\":[\"https:\/\/foodaeration.com\/de\/multidroppy\/\"]}]},{\"@type\":\"BreadcrumbList\",\"@id\":\"https:\/\/foodaeration.com\/de\/multidroppy\/#breadcrumb\",\"itemListElement\":[{\"@type\":\"ListItem\",\"position\":1,\"name\":\"Home\",\"item\":\"https:\/\/foodaeration.com\/de\/\"},{\"@type\":\"ListItem\",\"position\":2,\"name\":\"MULTIDROPPY\"}]},{\"@type\":\"WebSite\",\"@id\":\"https:\/\/foodaeration.com\/de\/#website\",\"url\":\"https:\/\/foodaeration.com\/de\/\",\"name\":\"VN food aeration\",\"description\":\"Best accuracy ever\",\"publisher\":{\"@id\":\"https:\/\/foodaeration.com\/de\/#organization\"},\"potentialAction\":[{\"@type\":\"SearchAction\",\"target\":{\"@type\":\"EntryPoint\",\"urlTemplate\":\"https:\/\/foodaeration.com\/de\/?s={search_term_string}\"},\"query-input\":\"required name=search_term_string\"}],\"inLanguage\":\"en-US\"},{\"@type\":\"Organization\",\"@id\":\"https:\/\/foodaeration.com\/de\/#organization\",\"name\":\"VN food aeration, depositors, pumps, aerators, cake machines\",\"url\":\"https:\/\/foodaeration.com\/de\/\",\"logo\":{\"@type\":\"ImageObject\",\"inLanguage\":\"en-US\",\"@id\":\"https:\/\/foodaeration.com\/de\/#\/schema\/logo\/image\/\",\"url\":\"https:\/\/foodaeration.com\/wp-content\/uploads\/2024\/09\/vn_logo-1_google.png\",\"contentUrl\":\"https:\/\/foodaeration.com\/wp-content\/uploads\/2024\/09\/vn_logo-1_google.png\",\"width\":640,\"height\":394,\"caption\":\"VN food aeration, depositors, pumps, aerators, cake machines\"},\"image\":{\"@id\":\"https:\/\/foodaeration.com\/de\/#\/schema\/logo\/image\/\"},\"sameAs\":[\"https:\/\/www.instagram.com\/vnfoodaeration\/\",\"https:\/\/www.facebook.com\/people\/VN-Foodaeration\/\",\"https:\/\/www.linkedin.com\/company\/vn-food-aeration\/\"]}]}<\/script>\n<!-- \/ Yoast SEO plugin. -->","yoast_head_json":{"title":"MULTIDROPPY - VN food aeration, depositors, pumps, aerators, cake machines MULTIDROPPY","description":"the best industrial dosifier for jam creams gel; no drips patented system is tailored to ensure accurate filling and prevent leaks, drips, or waste. %","robots":{"index":"index","follow":"follow","max-snippet":"max-snippet:-1","max-image-preview":"max-image-preview:large","max-video-preview":"max-video-preview:-1"},"canonical":"https:\/\/foodaeration.com\/de\/multidroppy\/","og_locale":"en_US","og_type":"article","og_title":"MULTIDROPPY - VN food aeration, depositors, pumps, aerators, cake machines MULTIDROPPY","og_description":"the best industrial dosifier for jam creams gel; no drips patented system is tailored to ensure accurate filling and prevent leaks, drips, or waste. %","og_url":"https:\/\/foodaeration.com\/de\/multidroppy\/","og_site_name":"VN food aeration, depositors, pumps, aerators, cake machines","article_modified_time":"2024-10-16T15:23:36+00:00","og_image":[{"width":392,"height":427,"url":"https:\/\/foodaeration.com\/wp-content\/uploads\/2022\/05\/TUTTI-I-DOSATORI.jpg","type":"image\/jpeg"}],"twitter_card":"summary_large_image","twitter_misc":{"Est. reading time":"1 minute"},"schema":{"@context":"https:\/\/schema.org","@graph":[{"@type":"WebPage","@id":"https:\/\/foodaeration.com\/de\/multidroppy\/","url":"https:\/\/foodaeration.com\/de\/multidroppy\/","name":"MULTIDROPPY - VN food aeration, depositors, pumps, aerators, cake machines MULTIDROPPY","isPartOf":{"@id":"https:\/\/foodaeration.com\/de\/#website"},"datePublished":"2022-07-13T10:31:33+00:00","dateModified":"2024-10-16T15:23:36+00:00","description":"the best industrial dosifier for jam creams gel; no drips patented system is tailored to ensure accurate filling and prevent leaks, drips, or waste. %","breadcrumb":{"@id":"https:\/\/foodaeration.com\/de\/multidroppy\/#breadcrumb"},"inLanguage":"en-US","potentialAction":[{"@type":"ReadAction","target":["https:\/\/foodaeration.com\/de\/multidroppy\/"]}]},{"@type":"BreadcrumbList","@id":"https:\/\/foodaeration.com\/de\/multidroppy\/#breadcrumb","itemListElement":[{"@type":"ListItem","position":1,"name":"Home","item":"https:\/\/foodaeration.com\/de\/"},{"@type":"ListItem","position":2,"name":"MULTIDROPPY"}]},{"@type":"WebSite","@id":"https:\/\/foodaeration.com\/de\/#website","url":"https:\/\/foodaeration.com\/de\/","name":"VN food aeration","description":"Best accuracy ever","publisher":{"@id":"https:\/\/foodaeration.com\/de\/#organization"},"potentialAction":[{"@type":"SearchAction","target":{"@type":"EntryPoint","urlTemplate":"https:\/\/foodaeration.com\/de\/?s={search_term_string}"},"query-input":"required name=search_term_string"}],"inLanguage":"en-US"},{"@type":"Organization","@id":"https:\/\/foodaeration.com\/de\/#organization","name":"VN food aeration, depositors, pumps, aerators, cake machines","url":"https:\/\/foodaeration.com\/de\/","logo":{"@type":"ImageObject","inLanguage":"en-US","@id":"https:\/\/foodaeration.com\/de\/#\/schema\/logo\/image\/","url":"https:\/\/foodaeration.com\/wp-content\/uploads\/2024\/09\/vn_logo-1_google.png","contentUrl":"https:\/\/foodaeration.com\/wp-content\/uploads\/2024\/09\/vn_logo-1_google.png","width":640,"height":394,"caption":"VN food aeration, depositors, pumps, aerators, cake machines"},"image":{"@id":"https:\/\/foodaeration.com\/de\/#\/schema\/logo\/image\/"},"sameAs":["https:\/\/www.instagram.com\/vnfoodaeration\/","https:\/\/www.facebook.com\/people\/VN-Foodaeration\/","https:\/\/www.linkedin.com\/company\/vn-food-aeration\/"]}]}},"_links":{"self":[{"href":"https:\/\/foodaeration.com\/de\/wp-json\/wp\/v2\/pages\/2966"}],"collection":[{"href":"https:\/\/foodaeration.com\/de\/wp-json\/wp\/v2\/pages"}],"about":[{"href":"https:\/\/foodaeration.com\/de\/wp-json\/wp\/v2\/types\/page"}],"author":[{"embeddable":true,"href":"https:\/\/foodaeration.com\/de\/wp-json\/wp\/v2\/users\/9"}],"replies":[{"embeddable":true,"href":"https:\/\/foodaeration.com\/de\/wp-json\/wp\/v2\/comments?post=2966"}],"version-history":[{"count":5,"href":"https:\/\/foodaeration.com\/de\/wp-json\/wp\/v2\/pages\/2966\/revisions"}],"predecessor-version":[{"id":2997,"href":"https:\/\/foodaeration.com\/de\/wp-json\/wp\/v2\/pages\/2966\/revisions\/2997"}],"wp:attachment":[{"href":"https:\/\/foodaeration.com\/de\/wp-json\/wp\/v2\/media?parent=2966"}],"curies":[{"name":"wp","href":"https:\/\/api.w.org\/{rel}","templated":true}]}}