{"id":2886,"date":"2022-05-06T17:51:22","date_gmt":"2022-05-06T15:51:22","guid":{"rendered":"https:\/\/foodaeration.com\/attachments\/"},"modified":"2025-10-12T22:30:24","modified_gmt":"2025-10-12T20:30:24","slug":"attachments","status":"publish","type":"page","link":"https:\/\/foodaeration.com\/de\/attachments\/","title":{"rendered":"ATTACHMENTS"},"content":{"rendered":"<section  class=\"section swatch-blue-white section-nopadding \" ><div class=\"background-media\"><\/div><div class=\"background-overlay\" style=\"\"><\/div><div class=\"container\"><div class=\"row vertical-top\"><div class=\"col-md-12  text-default\" ><h1 class=\"text-center normal bold bordered-header\">ATTACHMENTS <\/h1>[vc_empty_space]<\/div><\/div><\/div><\/section><section  class=\"section swatch-white-blue section-nopadding has-bottom \" ><div class=\"background-media\"><\/div><div class=\"background-overlay\" style=\"\"><\/div><div class=\"container\"><div class=\"row vertical-top\"><div class=\"col-md-6  text-default\" ><div class=\"flex flex-grow flex-col max-w-full\">\n<div class=\"min-h-&#091;20px&#093; text-message flex flex-col items-start whitespace-pre-wrap break-words &#091;.text-message+&amp;&#093;:mt-5 juice:w-full juice:items-end overflow-x-auto gap-2\" dir=\"auto\" data-message-author-role=\"assistant\" data-message-id=\"3423e3c4-153c-4471-8a6e-f5b7efd279e5\">\n<div class=\"flex w-full flex-col gap-1 juice:empty:hidden juice:first:pt-&#091;3px&#093;\">\n<div class=\"markdown prose w-full break-words dark:prose-invert light\">\n<p><strong style=\"font-size: 1.28571rem;\"><span style=\"font-size: 18px;\">Erh\u00f6hen Sie die Vielseitigkeit mit unseren Aufs\u00e4tzen<\/span><\/strong><\/p>\n<p><span style=\"font-size: 16px;\">Ihre VN Foodaeration-Anlage kann weit mehr als nur dosieren! Mit einer Vielzahl von Standardaufs\u00e4tzen k\u00f6nnen Sie Ihren Dosierer ganz einfach in eine Maschine zum Injizieren, Auftragen oder Dekorieren verwandeln.<\/span><\/p>\n<p data-start=\"271\" data-end=\"563\"><span style=\"font-size: 16px;\">Ideal f\u00fcr ein breites Anwendungsspektrum in den Bereichen B\u00e4ckerei, Lebensmittel, Kosmetik und sogar Tiernahrung. Dazu geh\u00f6ren So\u00dfen, Cremes, Teige, Suppen, Fertiggerichte, Dips, Zuckerg\u00fcsse, Lotionen, F\u00fcllungen, Peelings, Pasten, Fleischprodukte, Puddings, Salate, Dressings und vieles mehr.<\/span><\/p>\n<h3>Vorteile der Verwendung von Aufs\u00e4tzen:<\/h3>\n<p><span style=\"font-size: 16px;\">&#8211; Erweitern Sie Ihr Produktsortiment durch schnelle und reibungslose Produktwechsel<\/span><br \/>\n<span style=\"font-size: 16px;\">&#8211; Maximieren Sie Ihre Produktionskapazit\u00e4t<\/span><br \/>\n<span style=\"font-size: 16px;\">&#8211; Steigern Sie die Rentabilit\u00e4t durch geringere Ger\u00e4tekosten<\/span><br \/>\n<span style=\"font-size: 16px;\">&#8211; Reduzieren Sie Abfall und verwalten Sie Ihre Zutatenkosten effizient<\/span><\/p>\n<\/div>\n<\/div>\n<\/div>\n<\/div>\n[vc_empty_space]<\/div><div class=\"col-md-6  text-default\" >[vc_empty_space height=&#8220;50px&#8220;][vc_video link=&#8220;https:\/\/youtu.be\/QwPWu2vcWFM&#8220;]<\/div><\/div><\/div><div class=\"decor-bottom\"><svg class=\"decor\" height=\"100%\" preserveaspectratio=\"none\" version=\"1.1\" viewbox=\"0 0 100 100\" width=\"100%\" xmlns=\"http:\/\/www.w3.org\/2000\/svg\">\n  <path d=\"M0 100 L100 0 L0 0\" stroke-width=\"0\"><\/path>\n<\/svg>\n<\/div><\/section><section  class=\"section swatch-white-red section-normal \" ><div class=\"background-media\"><\/div><div class=\"background-overlay\" style=\"\"><\/div><div class=\"container\"><div class=\"row vertical-top\"><div class=\"col-md-6  text-default\" >[vc_empty_space]<img decoding=\"async\" alt=\"\" src=\"https:\/\/foodaeration.com\/wp-content\/uploads\/2022\/05\/VNFOOD-17-scaled-e1762880492330-300x300.jpg\" class=\"aligncenter\"\/>[vc_empty_space]<h1 class=\"text-center normal bold bordered-header\">NOZZLES<\/h1><\/div><div class=\"col-md-6  text-default\" ><img decoding=\"async\" alt=\"\" src=\"https:\/\/foodaeration.com\/wp-content\/uploads\/2024\/11\/CUT_OFF-1-227x300.png\" class=\"aligncenter\"\/><h1 class=\"text-center normal bold bordered-header\">CUT-OFF <\/h1><\/div><\/div><\/div><\/section><section  class=\"section swatch-white-red section-normal \" ><div class=\"background-media\"><\/div><div class=\"background-overlay\" style=\"\"><\/div><div class=\"container\"><div class=\"row vertical-top\"><div class=\"col-md-6  text-default\" ><img decoding=\"async\" alt=\"\" src=\"https:\/\/foodaeration.com\/wp-content\/uploads\/2024\/11\/ROTARY-CUT-OFF-3-295x300.png\" class=\"aligncenter\"\/><h1 class=\"text-center normal bold bordered-header\">ROTARY CUT-OFF<\/h1><\/div><div class=\"col-md-6  text-default\" >[vc_empty_space]<a href=\"https:\/\/foodaeration.com\/de\/panettone\/\" target=\"_blank\"><img decoding=\"async\" alt=\"\" src=\"https:\/\/foodaeration.com\/wp-content\/uploads\/2024\/11\/20241118_142855-removebg2-300x225.png\" class=\"aligncenter\"\/><\/a>[vc_empty_space]<h1 class=\"text-center normal bold bordered-header\">PANETTONI COLOMBE<\/h1><\/div><\/div><\/div><\/section>\n","protected":false},"excerpt":{"rendered":"ATTACHMENTS [vc_empty_space] Erh\u00f6hen Sie die Vielseitigkeit mit unseren Aufs\u00e4tzen Ihre VN Foodaeration-Anlage kann weit mehr als nur dosieren! Mit einer Vielzahl von Standardaufs\u00e4tzen k\u00f6nnen Sie Ihren Dosierer ganz einfach in eine Maschine zum Injizieren, Auftragen oder Dekorieren verwandeln. Ideal f\u00fcr ein breites Anwendungsspektrum in den Bereichen B\u00e4ckerei, Lebensmittel, Kosmetik und sogar Tiernahrung. Dazu geh\u00f6ren So\u00dfen,","protected":false},"author":9,"featured_media":0,"parent":0,"menu_order":0,"comment_status":"closed","ping_status":"closed","template":"","meta":{"_joinchat":[],"footnotes":""},"yoast_head":"<!-- This site is optimized with the Yoast SEO plugin v23.1 - https:\/\/yoast.com\/wordpress\/plugins\/seo\/ -->\n<title>ATTACHMENTS - VN food aeration, depositors, pumps, aerators, cake machines<\/title>\n<meta name=\"robots\" content=\"index, follow, max-snippet:-1, max-image-preview:large, max-video-preview:-1\" \/>\n<link rel=\"canonical\" href=\"https:\/\/foodaeration.com\/de\/attachments\/\" \/>\n<meta property=\"og:locale\" content=\"en_US\" \/>\n<meta property=\"og:type\" content=\"article\" \/>\n<meta property=\"og:title\" content=\"ATTACHMENTS - VN food aeration, depositors, pumps, aerators, cake machines\" \/>\n<meta property=\"og:url\" content=\"https:\/\/foodaeration.com\/de\/attachments\/\" \/>\n<meta property=\"og:site_name\" content=\"VN food aeration, depositors, pumps, aerators, cake machines\" \/>\n<meta property=\"article:modified_time\" content=\"2025-10-12T20:30:24+00:00\" \/>\n<meta property=\"og:image\" content=\"https:\/\/foodaeration.com\/wp-content\/uploads\/2022\/05\/TUTTI-I-DOSATORI.jpg\" \/>\n\t<meta property=\"og:image:width\" content=\"392\" \/>\n\t<meta property=\"og:image:height\" content=\"427\" \/>\n\t<meta property=\"og:image:type\" content=\"image\/jpeg\" \/>\n<meta name=\"twitter:card\" content=\"summary_large_image\" \/>\n<meta name=\"twitter:label1\" content=\"Est. reading time\" \/>\n\t<meta name=\"twitter:data1\" content=\"2 minutes\" \/>\n<script type=\"application\/ld+json\" class=\"yoast-schema-graph\">{\"@context\":\"https:\/\/schema.org\",\"@graph\":[{\"@type\":\"WebPage\",\"@id\":\"https:\/\/foodaeration.com\/de\/attachments\/\",\"url\":\"https:\/\/foodaeration.com\/de\/attachments\/\",\"name\":\"ATTACHMENTS - VN food aeration, depositors, pumps, aerators, cake machines\",\"isPartOf\":{\"@id\":\"https:\/\/foodaeration.com\/de\/#website\"},\"datePublished\":\"2022-05-06T15:51:22+00:00\",\"dateModified\":\"2025-10-12T20:30:24+00:00\",\"breadcrumb\":{\"@id\":\"https:\/\/foodaeration.com\/de\/attachments\/#breadcrumb\"},\"inLanguage\":\"en-US\",\"potentialAction\":[{\"@type\":\"ReadAction\",\"target\":[\"https:\/\/foodaeration.com\/de\/attachments\/\"]}]},{\"@type\":\"BreadcrumbList\",\"@id\":\"https:\/\/foodaeration.com\/de\/attachments\/#breadcrumb\",\"itemListElement\":[{\"@type\":\"ListItem\",\"position\":1,\"name\":\"Home\",\"item\":\"https:\/\/foodaeration.com\/de\/\"},{\"@type\":\"ListItem\",\"position\":2,\"name\":\"ATTACHMENTS\"}]},{\"@type\":\"WebSite\",\"@id\":\"https:\/\/foodaeration.com\/de\/#website\",\"url\":\"https:\/\/foodaeration.com\/de\/\",\"name\":\"VN food aeration\",\"description\":\"Best accuracy ever\",\"publisher\":{\"@id\":\"https:\/\/foodaeration.com\/de\/#organization\"},\"potentialAction\":[{\"@type\":\"SearchAction\",\"target\":{\"@type\":\"EntryPoint\",\"urlTemplate\":\"https:\/\/foodaeration.com\/de\/?s={search_term_string}\"},\"query-input\":\"required name=search_term_string\"}],\"inLanguage\":\"en-US\"},{\"@type\":\"Organization\",\"@id\":\"https:\/\/foodaeration.com\/de\/#organization\",\"name\":\"VN food aeration, depositors, pumps, aerators, cake machines\",\"url\":\"https:\/\/foodaeration.com\/de\/\",\"logo\":{\"@type\":\"ImageObject\",\"inLanguage\":\"en-US\",\"@id\":\"https:\/\/foodaeration.com\/de\/#\/schema\/logo\/image\/\",\"url\":\"https:\/\/foodaeration.com\/wp-content\/uploads\/2024\/09\/vn_logo-1_google.png\",\"contentUrl\":\"https:\/\/foodaeration.com\/wp-content\/uploads\/2024\/09\/vn_logo-1_google.png\",\"width\":640,\"height\":394,\"caption\":\"VN food aeration, depositors, pumps, aerators, cake machines\"},\"image\":{\"@id\":\"https:\/\/foodaeration.com\/de\/#\/schema\/logo\/image\/\"},\"sameAs\":[\"https:\/\/www.instagram.com\/vnfoodaeration\/\",\"https:\/\/www.facebook.com\/people\/VN-Foodaeration\/\",\"https:\/\/www.linkedin.com\/company\/vn-food-aeration\/\"]}]}<\/script>\n<!-- \/ Yoast SEO plugin. -->","yoast_head_json":{"title":"ATTACHMENTS - VN food aeration, depositors, pumps, aerators, cake machines","robots":{"index":"index","follow":"follow","max-snippet":"max-snippet:-1","max-image-preview":"max-image-preview:large","max-video-preview":"max-video-preview:-1"},"canonical":"https:\/\/foodaeration.com\/de\/attachments\/","og_locale":"en_US","og_type":"article","og_title":"ATTACHMENTS - VN food aeration, depositors, pumps, aerators, cake machines","og_url":"https:\/\/foodaeration.com\/de\/attachments\/","og_site_name":"VN food aeration, depositors, pumps, aerators, cake machines","article_modified_time":"2025-10-12T20:30:24+00:00","og_image":[{"width":392,"height":427,"url":"https:\/\/foodaeration.com\/wp-content\/uploads\/2022\/05\/TUTTI-I-DOSATORI.jpg","type":"image\/jpeg"}],"twitter_card":"summary_large_image","twitter_misc":{"Est. reading time":"2 minutes"},"schema":{"@context":"https:\/\/schema.org","@graph":[{"@type":"WebPage","@id":"https:\/\/foodaeration.com\/de\/attachments\/","url":"https:\/\/foodaeration.com\/de\/attachments\/","name":"ATTACHMENTS - VN food aeration, depositors, pumps, aerators, cake machines","isPartOf":{"@id":"https:\/\/foodaeration.com\/de\/#website"},"datePublished":"2022-05-06T15:51:22+00:00","dateModified":"2025-10-12T20:30:24+00:00","breadcrumb":{"@id":"https:\/\/foodaeration.com\/de\/attachments\/#breadcrumb"},"inLanguage":"en-US","potentialAction":[{"@type":"ReadAction","target":["https:\/\/foodaeration.com\/de\/attachments\/"]}]},{"@type":"BreadcrumbList","@id":"https:\/\/foodaeration.com\/de\/attachments\/#breadcrumb","itemListElement":[{"@type":"ListItem","position":1,"name":"Home","item":"https:\/\/foodaeration.com\/de\/"},{"@type":"ListItem","position":2,"name":"ATTACHMENTS"}]},{"@type":"WebSite","@id":"https:\/\/foodaeration.com\/de\/#website","url":"https:\/\/foodaeration.com\/de\/","name":"VN food aeration","description":"Best accuracy ever","publisher":{"@id":"https:\/\/foodaeration.com\/de\/#organization"},"potentialAction":[{"@type":"SearchAction","target":{"@type":"EntryPoint","urlTemplate":"https:\/\/foodaeration.com\/de\/?s={search_term_string}"},"query-input":"required name=search_term_string"}],"inLanguage":"en-US"},{"@type":"Organization","@id":"https:\/\/foodaeration.com\/de\/#organization","name":"VN food aeration, depositors, pumps, aerators, cake machines","url":"https:\/\/foodaeration.com\/de\/","logo":{"@type":"ImageObject","inLanguage":"en-US","@id":"https:\/\/foodaeration.com\/de\/#\/schema\/logo\/image\/","url":"https:\/\/foodaeration.com\/wp-content\/uploads\/2024\/09\/vn_logo-1_google.png","contentUrl":"https:\/\/foodaeration.com\/wp-content\/uploads\/2024\/09\/vn_logo-1_google.png","width":640,"height":394,"caption":"VN food aeration, depositors, pumps, aerators, cake machines"},"image":{"@id":"https:\/\/foodaeration.com\/de\/#\/schema\/logo\/image\/"},"sameAs":["https:\/\/www.instagram.com\/vnfoodaeration\/","https:\/\/www.facebook.com\/people\/VN-Foodaeration\/","https:\/\/www.linkedin.com\/company\/vn-food-aeration\/"]}]}},"_links":{"self":[{"href":"https:\/\/foodaeration.com\/de\/wp-json\/wp\/v2\/pages\/2886"}],"collection":[{"href":"https:\/\/foodaeration.com\/de\/wp-json\/wp\/v2\/pages"}],"about":[{"href":"https:\/\/foodaeration.com\/de\/wp-json\/wp\/v2\/types\/page"}],"author":[{"embeddable":true,"href":"https:\/\/foodaeration.com\/de\/wp-json\/wp\/v2\/users\/9"}],"replies":[{"embeddable":true,"href":"https:\/\/foodaeration.com\/de\/wp-json\/wp\/v2\/comments?post=2886"}],"version-history":[{"count":29,"href":"https:\/\/foodaeration.com\/de\/wp-json\/wp\/v2\/pages\/2886\/revisions"}],"predecessor-version":[{"id":4095,"href":"https:\/\/foodaeration.com\/de\/wp-json\/wp\/v2\/pages\/2886\/revisions\/4095"}],"wp:attachment":[{"href":"https:\/\/foodaeration.com\/de\/wp-json\/wp\/v2\/media?parent=2886"}],"curies":[{"name":"wp","href":"https:\/\/api.w.org\/{rel}","templated":true}]}}